{"id":279,"date":"2020-03-02T10:00:00","date_gmt":"2020-03-02T09:00:00","guid":{"rendered":"https:\/\/lamaktaba.fr\/index.php\/produit\/science-du-tajwid-du-saint-coran-dapresyahya-abderrazak-al-ghawthani-niveau-2-%d8%b9%d9%84%d9%85-%d8%a7%d9%84%d8%aa%d8%ac%d9%88%d9%8a%d8%af\/"},"modified":"2025-04-01T12:45:25","modified_gmt":"2025-04-01T10:45:25","slug":"science-du-tajwid-du-saint-coran-dapresyahya-abderrazak-al-ghawthani-niveau-2-d8b9d984d985-d8a7d984d8aad8acd988d98ad8af","status":"publish","type":"product","link":"https:\/\/lamaktaba.fr\/index.php\/produit\/science-du-tajwid-du-saint-coran-dapresyahya-abderrazak-al-ghawthani-niveau-2-d8b9d984d985-d8a7d984d8aad8acd988d98ad8af","title":{"rendered":"Science du Tajwid du Saint Coran d&rsquo;apr\u00e8sYahya Abderrazak Al Ghawthani &#8211; Niveau 2 &#8211; \u0639\u0644\u0645 \u0627\u0644\u062a\u062c\u0648\u064a\u062f"},"content":{"rendered":"<p>Science du Saint Coran d&rsquo;apr\u00e8sYahya Abderrazak Al Ghawthani;L&rsquo;auteur nous expose ici comment lire correctement le Saint Coran selon les ordres d&rsquo;Allah (Haza Wajal). Il met en avant les r\u00e8gles de tajwid \u00e0 conna\u00eetre ainsi que les erreurs r\u00e9p\u00e9titives et fr\u00e9quentes que chacun d&rsquo;entre nous faisions.;Gr\u00e2ce \u00e0 ce livre, plusieurs personnes conna\u00eetront le vrai sens de chaque versets du Saint Coran en appliquant les bonnes r\u00e8gles de Tajwid, en utilisant les bonnes m\u00e9thodes afin de pouvoir progresser voir exceller dans la lecture et la m\u00e9morisation du Saint Coran.;\u0639\u0644\u0645 \u0627\u0644\u062a\u062c\u0648\u064a\u062f;\u0627\u062d\u0643\u0627\u0645 \u0646\u0638\u0631\u064a\u0629 \u0648 \u0645\u0644\u0627\u062d\u0638\u0627\u062a \u062a\u0637\u0628\u064a\u0642\u064a\u0629;\u0627\u0644\u0645\u0633\u062a\u0648\u0649 \u0627\u0644\u062b\u0627\u0646\u064a;\u0627\u0644\u062f\u0643\u062a\u0648\u0631 \u064a\u062d\u064a\u0649 \u0639\u0628\u062f \u0627\u0644\u0631\u0632\u0627\u0642 \u0627\u0644\u063a\u0648\u062b\u0627\u0646\u064a;\u062f\u0627\u0631 \u0627\u0644\u063a\u0648\u062b\u0627\u0646\u064a \u0644\u0644\u062f\u0631\u0633\u0627\u062a \u0627\u0644\u0642\u0631\u0627\u0646\u064a\u0629;\u0642\u062f\u0645 \u0644\u0647 \u0641\u0636\u064a\u0644\u0629 \u0627\u0644\u0645\u0642\u0631\u0649 \u0627\u0644\u0634\u064a\u062e \u0628\u0643\u0631\u064a \u0627\u0644\u0637\u0631\u0627\u0628\u064a\u0634\u064a \u0648 \u0641\u0636\u064a\u0644\u0629\u0627\u0644\u0634\u064a\u062e \u0639\u0628\u062f \u0627\u0644\u063a\u0641\u0627\u0631 \u0627\u0644\u062f\u0631\u0648\u0628\u064a;\u0645\u0644\u062d\u0642 \u0628\u0647 \u0641\u062a\u0648\u0649 \u0634\u064a\u062e \u0627\u0644\u0642\u0631\u0627\u0621 \u0641\u064a \u062f\u0645\u0634\u0642 \u0627\u0644\u0634\u064a\u062e \u0645\u062d\u0645\u062f \u0643\u0631\u064a\u0645 \u0631\u0627\u062c\u064a\u062d;\u0648 \u0646\u0635 \u0642\u0631\u0627\u0631 \u0645\u062c\u0644\u0633 \u0634\u064a\u0648\u062e \u0627\u0644\u0642\u0631\u0627\u0621 \u0641\u064a \u062f\u0645\u0634\u0642 \u0641\u064a \u0645\u0633\u0627 \u0644\u0629 \u0627\u0644\u0627\u062e\u0641\u0627\u0621;\u0648 \u0635\u0648\u0631 \u0645\u062e\u0627\u0631\u062c \u0627\u0644\u062d\u0631\u0648\u0641 \u0627\u0644\u0639\u0631\u0628\u064a\u0629.;\u0647\u0630\u0627 \u0627\u0644\u0643\u062a\u0627\u0628;\u0648 \u0642\u062f \u0648\u0641\u0642 \u0627\u0644\u0644\u0647 \u062c\u0644 \u062c\u0644\u0627\u0644\u0647 \u0627\u0644\u0627\u0628\u0646 \u0627\u0644\u0628\u0627\u0631 \u0627\u0644\u0634\u064a\u062e \u064a\u062d\u064a \u0639\u0628\u062f \u0627\u0644\u0631\u0632\u0627\u0642 \u0627\u0644\u063a\u0648\u062b\u0627\u0646\u064a \u0627\u0644\u0630\u064a \u0627\u0644\u0641 \u0648\u062c\u0645\u0639 \u0647\u0630\u0627\u0647 \u0627\u0644\u0631\u0633\u0648\u0644\u0629 \u0641\u064a \u0639\u0644\u0645 \u0627\u0644\u062a\u062c\u0648\u064a\u062f \u0648 \u0643\u064a\u0641\u064a\u0629 \u0627\u0644\u0646\u0637\u0642 \u0628\u062d\u0631\u0648\u0641 \u0627\u0644\u0642\u0631\u0627\u0646 \u0648 \u0627\u0628\u062f\u0627;\u0641\u064a\u0647\u0627 \u0643\u062b\u064a\u0631\u0627 \u0645\u0646 \u0627\u0644\u0645\u0644\u0627\u062d\u0638\u0627\u062a \u0641\u064a \u0627\u0644\u0627\u062e\u0637\u0627\u0621 \u0627\u0644\u062a\u064a \u062a\u062c\u0631\u064a \u0639\u0644\u0649 \u0627\u0644\u0633\u0646\u0629 \u0643\u062b\u064a\u0631 \u0645\u0646 \u0627\u0644\u0646\u0627\u0633.<\/p>\n","protected":false},"excerpt":{"rendered":"<p>Science du Saint Coran d&rsquo;apr\u00e8sYahya Abderrazak Al Ghawthani;L&rsquo;auteur nous expose ici comment lire correctement le Saint Coran selon les ordres d&rsquo;Allah (Haza Wajal). Il met en avant les r\u00e8gles de tajwid \u00e0 conna\u00eetre ainsi que les erreurs r\u00e9p\u00e9titives et fr\u00e9quentes que chacun d&rsquo;entre nous faisions.;Gr\u00e2ce \u00e0 ce livre, plusieurs personnes conna\u00eetront le vrai sens de chaque versets du Saint Coran en appliquant les bonnes r\u00e8gles de Tajwid, en utilisant les bonnes m\u00e9thodes afin de pouvoir progresser voir exceller dans la lecture et la m\u00e9morisation du Saint Coran.;\u0639\u0644\u0645 \u0627\u0644\u062a\u062c\u0648\u064a\u062f;\u0627\u062d\u0643\u0627\u0645 \u0646\u0638\u0631\u064a\u0629 \u0648 \u0645\u0644\u0627\u062d\u0638\u0627\u062a \u062a\u0637\u0628\u064a\u0642\u064a\u0629;\u0627\u0644\u0645\u0633\u062a\u0648\u0649 \u0627\u0644\u062b\u0627\u0646\u064a;\u0627\u0644\u062f\u0643\u062a\u0648\u0631 \u064a\u062d\u064a\u0649 \u0639\u0628\u062f \u0627\u0644\u0631\u0632\u0627\u0642 \u0627\u0644\u063a\u0648\u062b\u0627\u0646\u064a;\u062f\u0627\u0631 \u0627\u0644\u063a\u0648\u062b\u0627\u0646\u064a \u0644\u0644\u062f\u0631\u0633\u0627\u062a \u0627\u0644\u0642\u0631\u0627\u0646\u064a\u0629;\u0642\u062f\u0645 \u0644\u0647 \u0641\u0636\u064a\u0644\u0629 \u0627\u0644\u0645\u0642\u0631\u0649 \u0627\u0644\u0634\u064a\u062e \u0628\u0643\u0631\u064a \u0627\u0644\u0637\u0631\u0627\u0628\u064a\u0634\u064a \u0648 \u0641\u0636\u064a\u0644\u0629\u0627\u0644\u0634\u064a\u062e \u0639\u0628\u062f \u0627\u0644\u063a\u0641\u0627\u0631 \u0627\u0644\u062f\u0631\u0648\u0628\u064a;\u0645\u0644\u062d\u0642 \u0628\u0647 \u0641\u062a\u0648\u0649 \u0634\u064a\u062e \u0627\u0644\u0642\u0631\u0627\u0621 \u0641\u064a \u062f\u0645\u0634\u0642 \u0627\u0644\u0634\u064a\u062e \u0645\u062d\u0645\u062f \u0643\u0631\u064a\u0645 \u0631\u0627\u062c\u064a\u062d;\u0648 \u0646\u0635 \u0642\u0631\u0627\u0631 \u0645\u062c\u0644\u0633 \u0634\u064a\u0648\u062e \u0627\u0644\u0642\u0631\u0627\u0621 \u0641\u064a \u062f\u0645\u0634\u0642 \u0641\u064a \u0645\u0633\u0627 \u0644\u0629 \u0627\u0644\u0627\u062e\u0641\u0627\u0621;\u0648 \u0635\u0648\u0631 \u0645\u062e\u0627\u0631\u062c \u0627\u0644\u062d\u0631\u0648\u0641 \u0627\u0644\u0639\u0631\u0628\u064a\u0629.;\u0647\u0630\u0627 \u0627\u0644\u0643\u062a\u0627\u0628;\u0648 \u0642\u062f \u0648\u0641\u0642 \u0627\u0644\u0644\u0647 \u062c\u0644 \u062c\u0644\u0627\u0644\u0647 \u0627\u0644\u0627\u0628\u0646 \u0627\u0644\u0628\u0627\u0631 \u0627\u0644\u0634\u064a\u062e \u064a\u062d\u064a \u0639\u0628\u062f \u0627\u0644\u0631\u0632\u0627\u0642 \u0627\u0644\u063a\u0648\u062b\u0627\u0646\u064a \u0627\u0644\u0630\u064a \u0627\u0644\u0641 \u0648\u062c\u0645\u0639 \u0647\u0630\u0627\u0647 \u0627\u0644\u0631\u0633\u0648\u0644\u0629 \u0641\u064a \u0639\u0644\u0645 \u0627\u0644\u062a\u062c\u0648\u064a\u062f \u0648 \u0643\u064a\u0641\u064a\u0629 \u0627\u0644\u0646\u0637\u0642 \u0628\u062d\u0631\u0648\u0641 \u0627\u0644\u0642\u0631\u0627\u0646 \u0648 \u0627\u0628\u062f\u0627;\u0641\u064a\u0647\u0627 \u0643\u062b\u064a\u0631\u0627 \u0645\u0646 \u0627\u0644\u0645\u0644\u0627\u062d\u0638\u0627\u062a \u0641\u064a \u0627\u0644\u0627\u062e\u0637\u0627\u0621 \u0627\u0644\u062a\u064a \u062a\u062c\u0631\u064a \u0639\u0644\u0649 \u0627\u0644\u0633\u0646\u0629 \u0643\u062b\u064a\u0631 \u0645\u0646 \u0627\u0644\u0646\u0627\u0633.<\/p>\n","protected":false},"featured_media":37746,"comment_status":"open","ping_status":"closed","template":"","meta":[],"product_brand":[],"product_cat":[15],"product_tag":[],"class_list":{"0":"post-279","1":"product","2":"type-product","3":"status-publish","4":"has-post-thumbnail","6":"product_cat-non-classe","7":"pa_annee-564","8":"pa_auteur-yahya-abderrazak-al-ghawthani","9":"pa_editeur-gwtani-syrie","10":"pa_format-17-x-24-cm","11":"pa_nombre-de-pages-1217","12":"pa_reliure-souple","14":"first","15":"instock","16":"shipping-taxable","17":"purchasable","18":"product-type-simple"},"_links":{"self":[{"href":"https:\/\/lamaktaba.fr\/index.php\/wp-json\/wp\/v2\/product\/279","targetHints":{"allow":["GET"]}}],"collection":[{"href":"https:\/\/lamaktaba.fr\/index.php\/wp-json\/wp\/v2\/product"}],"about":[{"href":"https:\/\/lamaktaba.fr\/index.php\/wp-json\/wp\/v2\/types\/product"}],"replies":[{"embeddable":true,"href":"https:\/\/lamaktaba.fr\/index.php\/wp-json\/wp\/v2\/comments?post=279"}],"wp:featuredmedia":[{"embeddable":true,"href":"https:\/\/lamaktaba.fr\/index.php\/wp-json\/wp\/v2\/media\/37746"}],"wp:attachment":[{"href":"https:\/\/lamaktaba.fr\/index.php\/wp-json\/wp\/v2\/media?parent=279"}],"wp:term":[{"taxonomy":"product_brand","embeddable":true,"href":"https:\/\/lamaktaba.fr\/index.php\/wp-json\/wp\/v2\/product_brand?post=279"},{"taxonomy":"product_cat","embeddable":true,"href":"https:\/\/lamaktaba.fr\/index.php\/wp-json\/wp\/v2\/product_cat?post=279"},{"taxonomy":"product_tag","embeddable":true,"href":"https:\/\/lamaktaba.fr\/index.php\/wp-json\/wp\/v2\/product_tag?post=279"}],"curies":[{"name":"wp","href":"https:\/\/api.w.org\/{rel}","templated":true}]}}