{"id":274,"date":"2020-03-02T10:00:00","date_gmt":"2020-03-02T09:00:00","guid":{"rendered":"https:\/\/lamaktaba.fr\/index.php\/produit\/profite-de-ta-vie-lart-de-la-relation-humaine-a-partir-de-letude-de-la-vie-du-prophete-paix-et-salut-sur-lui-muhammad-al-arifi\/"},"modified":"2025-04-01T12:45:11","modified_gmt":"2025-04-01T10:45:11","slug":"profite-de-ta-vie-lart-de-la-relation-humaine-a-partir-de-letude-de-la-vie-du-prophete-paix-et-salut-sur-lui-muhammad-al-arifi","status":"publish","type":"product","link":"https:\/\/lamaktaba.fr\/index.php\/produit\/profite-de-ta-vie-lart-de-la-relation-humaine-a-partir-de-letude-de-la-vie-du-prophete-paix-et-salut-sur-lui-muhammad-al-arifi","title":{"rendered":"Profite de ta vie d\u2019apr\u00e8s Muhammad Al-Arifi"},"content":{"rendered":"<p>Profite de ta vie d\u2019apr\u00e8s Muhammad Al-\u2018Arifi;Voici une superbe compilation d\u2019\u00e9v\u00e9nements de la vie du Proph\u00e8te (SWS), dont les r\u00e9cits sont issus de notre h\u00e9ritage islamique. Y sont adjointes des pens\u00e9es et des r\u00e9flexions personnelles de l\u2019auteur, \u00e0 propos de faits survenus dans sa propre existence. L\u2019objectif de cet ouvrage est de conduire le lecteur \u00e0 prendre plaisir \u00e0 vivre sa propre existence, en utilisant diverses techniques de d\u00e9veloppement personnel et diverses comp\u00e9tences de relations inter-personnelles.;Ce qui attire si irr\u00e9sistiblement et procure autant d\u2019inspiration dans ce livre, c\u2019est que l\u2019auteur nous \u00e9claire \u00e0 partir des biographies du Proph\u00e8te (SWS) et de ses Compagnons (qu\u2019Allah les agr\u00e9e) sur des situations susceptibles d\u2019\u00eatre utilis\u00e9es pour am\u00e9liorer nos comp\u00e9tences sociales.;Ce livre est autant un guide pratique syst\u00e9matique pour notre d\u00e9veloppement personnel, qu\u2019un tr\u00e9sor et une mine de connaissance de certains \u00e9v\u00e9nements historiques. Il accro\u00eet ainsi, l\u2019\u00e9veil et la conscience du lecteur, en nourrissant son \u00e2me et en renfor\u00e7ant son esprit.;L\u2019auteur est une figure \u00e9minente de la pr\u00e9dication islamique et a d\u00e9j\u00e0 \u00e9crit et fait publier plus d\u2019une vingtaine d\u2019ouvrages.;Ce bel ouvrage rassemble diff\u00e9rents th\u00e8mes qui sont les suivants;Ceux-ci n\u2019en profiteront pas;Ne pleure pas le lait qui a \u00e9t\u00e9 renvers\u00e9;A propos des femmes;Comment gagner les c\u0153urs?;Sois agr\u00e9able d\u00e9s la premi\u00e8re rencontre;Prend soin des autres;Ne te m\u00eale pas de ce qui ne te regarde pas;Saisis le b\u00e2ton par le milieu !!!;Auto flagellation;Ne le maudit pas, il a bu du vin;Sois bref! Ne disserte pas;Soigner les apparences;L\u2019invocation;Ne pas se faire d\u2019ennemis;etc&#8230;;Marque DAR OUSSALAM Editions R\u00e9f\u00e9rence 9786035000901;Fiche technique AUTEUR: &#8211; Muhammad Al-\u2018Arifi ANNEE: &#8211; 2013 SUPPORT: &#8211; Livre THEME: &#8211; Education et Purification de L&rsquo; \u00c2me \u00c9DITIONS: &#8211; DAROUSSALAM Condition: &#8211; Neuf Nombre de Pages: &#8211; 618 FORMAT (CM): 14 x 21.5 Poids (kg): &#8211; 1.168 EAN13: &#8211; 9786035000901 RELIURE: &#8211; Rigide;R\u00e9f\u00e9rences sp\u00e9cifiques;Donnez votre avis;Aucun commentaire pour le moment<\/p>\n","protected":false},"excerpt":{"rendered":"<p>Profite de ta vie d\u2019apr\u00e8s Muhammad Al-\u2018Arifi;Voici une superbe compilation d\u2019\u00e9v\u00e9nements de la vie du Proph\u00e8te (SWS), dont les r\u00e9cits sont issus de notre h\u00e9ritage islamique. Y sont adjointes des pens\u00e9es et des r\u00e9flexions personnelles de l\u2019auteur, \u00e0 propos de faits survenus dans sa propre existence. L\u2019objectif de cet ouvrage est de conduire le lecteur \u00e0 prendre plaisir \u00e0 vivre sa propre existence, en utilisant diverses techniques de d\u00e9veloppement personnel et diverses comp\u00e9tences de relations inter-personnelles.;Ce qui attire si irr\u00e9sistiblement et procure autant d\u2019inspiration dans ce livre, c\u2019est que l\u2019auteur nous \u00e9claire \u00e0 partir des biographies du Proph\u00e8te (SWS) et de ses Compagnons (qu\u2019Allah les agr\u00e9e) sur des situations susceptibles d\u2019\u00eatre utilis\u00e9es pour am\u00e9liorer nos comp\u00e9tences sociales.;Ce livre est autant un guide pratique syst\u00e9matique pour notre d\u00e9veloppement personnel, qu\u2019un tr\u00e9sor et une mine de connaissance de certains \u00e9v\u00e9nements historiques. Il accro\u00eet ainsi, l\u2019\u00e9veil et la conscience du lecteur, en nourrissant son \u00e2me et en renfor\u00e7ant son esprit.;L\u2019auteur est une figure \u00e9minente de la pr\u00e9dication islamique et a d\u00e9j\u00e0 \u00e9crit et fait publier plus d\u2019une vingtaine d\u2019ouvrages.;Ce bel ouvrage rassemble diff\u00e9rents th\u00e8mes qui sont les suivants;Ceux-ci n\u2019en profiteront pas;Ne pleure pas le lait qui a \u00e9t\u00e9 renvers\u00e9;A propos des femmes;Comment gagner les c\u0153urs?;Sois agr\u00e9able d\u00e9s la premi\u00e8re rencontre;Prend soin des autres;Ne te m\u00eale pas de ce qui ne te regarde pas;Saisis le b\u00e2ton par le milieu !!!;Auto flagellation;Ne le maudit pas, il a bu du vin;Sois bref! Ne disserte pas;Soigner les apparences;L\u2019invocation;Ne pas se faire d\u2019ennemis;etc&#8230;;Marque DAR OUSSALAM Editions R\u00e9f\u00e9rence 9786035000901;Fiche technique AUTEUR: &#8211; Muhammad Al-\u2018Arifi ANNEE: &#8211; 2013 SUPPORT: &#8211; Livre THEME: &#8211; Education et Purification de L&rsquo; \u00c2me \u00c9DITIONS: &#8211; DAROUSSALAM Condition: &#8211; Neuf Nombre de Pages: &#8211; 618 FORMAT (CM): 14 x 21.5 Poids (kg): &#8211; 1.168 EAN13: &#8211; 9786035000901 RELIURE: &#8211; Rigide;R\u00e9f\u00e9rences sp\u00e9cifiques;Donnez votre avis;Aucun commentaire pour le moment<\/p>\n","protected":false},"featured_media":37741,"comment_status":"open","ping_status":"closed","template":"","meta":[],"product_brand":[],"product_cat":[15],"product_tag":[],"class_list":{"0":"post-274","1":"product","2":"type-product","3":"status-publish","4":"has-post-thumbnail","6":"product_cat-non-classe","7":"pa_annee-451","8":"pa_auteur-muhammad-al-arifi","9":"pa_editeur-dar-oussalam-editions","10":"pa_format-14-x-21-5","11":"pa_nombre-de-pages-517","12":"pa_reliure-rigide","14":"first","15":"instock","16":"shipping-taxable","17":"purchasable","18":"product-type-simple"},"_links":{"self":[{"href":"https:\/\/lamaktaba.fr\/index.php\/wp-json\/wp\/v2\/product\/274","targetHints":{"allow":["GET"]}}],"collection":[{"href":"https:\/\/lamaktaba.fr\/index.php\/wp-json\/wp\/v2\/product"}],"about":[{"href":"https:\/\/lamaktaba.fr\/index.php\/wp-json\/wp\/v2\/types\/product"}],"replies":[{"embeddable":true,"href":"https:\/\/lamaktaba.fr\/index.php\/wp-json\/wp\/v2\/comments?post=274"}],"wp:featuredmedia":[{"embeddable":true,"href":"https:\/\/lamaktaba.fr\/index.php\/wp-json\/wp\/v2\/media\/37741"}],"wp:attachment":[{"href":"https:\/\/lamaktaba.fr\/index.php\/wp-json\/wp\/v2\/media?parent=274"}],"wp:term":[{"taxonomy":"product_brand","embeddable":true,"href":"https:\/\/lamaktaba.fr\/index.php\/wp-json\/wp\/v2\/product_brand?post=274"},{"taxonomy":"product_cat","embeddable":true,"href":"https:\/\/lamaktaba.fr\/index.php\/wp-json\/wp\/v2\/product_cat?post=274"},{"taxonomy":"product_tag","embeddable":true,"href":"https:\/\/lamaktaba.fr\/index.php\/wp-json\/wp\/v2\/product_tag?post=274"}],"curies":[{"name":"wp","href":"https:\/\/api.w.org\/{rel}","templated":true}]}}