{"id":273,"date":"2020-03-02T10:00:00","date_gmt":"2020-03-02T09:00:00","guid":{"rendered":"https:\/\/lamaktaba.fr\/index.php\/produit\/mon-cahier-dactivites-sur-le-ramadan-en-5-themes-des-5-ans-chadhouli-said\/"},"modified":"2025-04-01T12:43:33","modified_gmt":"2025-04-01T10:43:33","slug":"mon-cahier-dactivites-sur-le-ramadan-en-5-themes-des-5-ans-chadhouli-said","status":"publish","type":"product","link":"https:\/\/lamaktaba.fr\/index.php\/produit\/mon-cahier-dactivites-sur-le-ramadan-en-5-themes-des-5-ans-chadhouli-said","title":{"rendered":"Mon cahier d&rsquo;activit\u00e9s sur le Ramadan en 5 th\u00e8mes"},"content":{"rendered":"<p>Mon cahier d&rsquo;activit\u00e9s sur le Ramadan en 5 th\u00e8mes;J&rsquo;apprends en m&rsquo;amusant !;Mon cahier d&rsquo;activit\u00e9s sur le Ramadan en 5 th\u00e8mes est un bon moyen pour inculquer d\u00e8s le jeune \u00e2ge un fort attachement pour le mois de Ramadan \u00e0 travers des activit\u00e9s ludiques et amusantes. Il est accessible d\u00e8s l&rsquo;\u00e2ge de 5 ans. Ce cahier d&rsquo;activit\u00e9s vous aidera \u00e0 aborder l\u2019importance et les r\u00e8gles de ce mois de je\u00fbne ainsi que la f\u00eate de l&rsquo;A\u00efd en toute simplicit\u00e9 \u00e0 travers des BD, les illustrations attrayantes, des jeux divers et vari\u00e9s. Votre enfant d\u00e9couvrira, tout au long de ce cahier, des personnages qui vont l&rsquo;accompagner dans chaque th\u00e8me.;- Qu&rsquo;est-ce que le je\u00fbne du mois de Ramadan et pourquoi je\u00fbner?;- Quels sont les m\u00e9rites du mois de Ramadan?;- Qu&rsquo;est-ce qui annule le je\u00fbne?;- Quels sont les m\u00e9rites de la nuit du Destin?;- Qu&rsquo;est-ce que la f\u00eate de l&rsquo;A\u00efd?<\/p>\n","protected":false},"excerpt":{"rendered":"<p>Mon cahier d&rsquo;activit\u00e9s sur le Ramadan en 5 th\u00e8mes;J&rsquo;apprends en m&rsquo;amusant !;Mon cahier d&rsquo;activit\u00e9s sur le Ramadan en 5 th\u00e8mes est un bon moyen pour inculquer d\u00e8s le jeune \u00e2ge un fort attachement pour le mois de Ramadan \u00e0 travers des activit\u00e9s ludiques et amusantes. Il est accessible d\u00e8s l&rsquo;\u00e2ge de 5 ans. Ce cahier d&rsquo;activit\u00e9s vous aidera \u00e0 aborder l\u2019importance et les r\u00e8gles de ce mois de je\u00fbne ainsi que la f\u00eate de l&rsquo;A\u00efd en toute simplicit\u00e9 \u00e0 travers des BD, les illustrations attrayantes, des jeux divers et vari\u00e9s. Votre enfant d\u00e9couvrira, tout au long de ce cahier, des personnages qui vont l&rsquo;accompagner dans chaque th\u00e8me.;- Qu&rsquo;est-ce que le je\u00fbne du mois de Ramadan et pourquoi je\u00fbner?;- Quels sont les m\u00e9rites du mois de Ramadan?;- Qu&rsquo;est-ce qui annule le je\u00fbne?;- Quels sont les m\u00e9rites de la nuit du Destin?;- Qu&rsquo;est-ce que la f\u00eate de l&rsquo;A\u00efd?<\/p>\n","protected":false},"featured_media":38146,"comment_status":"open","ping_status":"closed","template":"","meta":[],"product_brand":[],"product_cat":[15],"product_tag":[],"class_list":{"0":"post-273","1":"product","2":"type-product","3":"status-publish","4":"has-post-thumbnail","6":"product_cat-non-classe","7":"pa_annee-487","8":"pa_auteur-collectif-sous-la-direction-de-professeur-said-chadhouli","9":"pa_editeur-al-qamar","10":"pa_format-21-x-297-cm","11":"pa_langue-francais","12":"pa_nombre-de-pages-555","13":"pa_reliure-souple","15":"first","16":"instock","17":"shipping-taxable","18":"purchasable","19":"product-type-simple"},"_links":{"self":[{"href":"https:\/\/lamaktaba.fr\/index.php\/wp-json\/wp\/v2\/product\/273","targetHints":{"allow":["GET"]}}],"collection":[{"href":"https:\/\/lamaktaba.fr\/index.php\/wp-json\/wp\/v2\/product"}],"about":[{"href":"https:\/\/lamaktaba.fr\/index.php\/wp-json\/wp\/v2\/types\/product"}],"replies":[{"embeddable":true,"href":"https:\/\/lamaktaba.fr\/index.php\/wp-json\/wp\/v2\/comments?post=273"}],"wp:featuredmedia":[{"embeddable":true,"href":"https:\/\/lamaktaba.fr\/index.php\/wp-json\/wp\/v2\/media\/38146"}],"wp:attachment":[{"href":"https:\/\/lamaktaba.fr\/index.php\/wp-json\/wp\/v2\/media?parent=273"}],"wp:term":[{"taxonomy":"product_brand","embeddable":true,"href":"https:\/\/lamaktaba.fr\/index.php\/wp-json\/wp\/v2\/product_brand?post=273"},{"taxonomy":"product_cat","embeddable":true,"href":"https:\/\/lamaktaba.fr\/index.php\/wp-json\/wp\/v2\/product_cat?post=273"},{"taxonomy":"product_tag","embeddable":true,"href":"https:\/\/lamaktaba.fr\/index.php\/wp-json\/wp\/v2\/product_tag?post=273"}],"curies":[{"name":"wp","href":"https:\/\/api.w.org\/{rel}","templated":true}]}}