{"id":27,"date":"2020-03-02T10:00:00","date_gmt":"2020-03-02T09:00:00","guid":{"rendered":"https:\/\/lamaktaba.fr\/index.php\/produit\/reflechis-avant-de-divorcer-abd-al-malik-al-qasim\/"},"modified":"2025-04-01T12:44:14","modified_gmt":"2025-04-01T10:44:14","slug":"reflechis-avant-de-divorcer-abd-al-malik-al-qasim","status":"publish","type":"product","link":"https:\/\/lamaktaba.fr\/index.php\/produit\/reflechis-avant-de-divorcer-abd-al-malik-al-qasim","title":{"rendered":"R\u00e9fl\u00e9chis avant de divorcer &#8211; Abd-al-Malik al-Qasim"},"content":{"rendered":"<p>Les couples traversent tous des p\u00e9riodes difficiles, des moments de trubles, des m\u00e9sentente&#8230; La vie conjugale est faite de bons moments et de moins bons. Qu&rsquo;on le veuille ou on, conflits, disputes et d\u00e9saccords font partie int\u00e9grante de la vie quotidienne, chaque jour a en effet son lot malentendus et de sujets qui f\u00e2chent.<br \/>\nC&rsquo;est parce que hommes et femmes sont sexe et de nature diff\u00e9rente qu&rsquo;il y a des diff\u00e9rends. Rappelons-nous que notre conjoint est un fr\u00e8re ou une soeur en Allah avant d&rsquo;\u00eatre un mari ou un \u00e9pouse. Le lien de la foi qui nous unit est de loin plus fort et plus important que les lien affectifs, sentimentaux et autres que tendent souvent d&rsquo;ailleurs \u00e0 s&rsquo;estomper avec le temps.<br \/>\nR\u00e9fl\u00e9chissez donc, patientez et lisez ceci avant de rompre ce lien sacr\u00e9 qu&rsquo;est le mariage de pendre une d\u00e9cision lourde de cons\u00e9quences, que vous risquez probablement de regretter plus am\u00e8rement et plus rapidement que vous ne le croyez.<\/p>\n","protected":false},"excerpt":{"rendered":"<p>Les couples traversent tous des p\u00e9riodes difficiles, des moments de trubles, des m\u00e9sentente&#8230; La vie conjugale est faite de bons moments et de moins bons. Qu&rsquo;on le veuille ou on, conflits, disputes et d\u00e9saccords font partie int\u00e9grante de la vie quotidienne, chaque jour a en effet son lot malentendus et de sujets qui f\u00e2chent. C&rsquo;est [&hellip;]<\/p>\n","protected":false},"featured_media":0,"comment_status":"open","ping_status":"closed","template":"","meta":[],"product_brand":[],"product_cat":[1920],"product_tag":[],"class_list":{"0":"post-27","1":"product","2":"type-product","3":"status-publish","5":"product_cat-mariage-et-famille","6":"pa_editeur-al-maaref","8":"first","9":"outofstock","10":"shipping-taxable","11":"purchasable","12":"product-type-simple"},"_links":{"self":[{"href":"https:\/\/lamaktaba.fr\/index.php\/wp-json\/wp\/v2\/product\/27","targetHints":{"allow":["GET"]}}],"collection":[{"href":"https:\/\/lamaktaba.fr\/index.php\/wp-json\/wp\/v2\/product"}],"about":[{"href":"https:\/\/lamaktaba.fr\/index.php\/wp-json\/wp\/v2\/types\/product"}],"replies":[{"embeddable":true,"href":"https:\/\/lamaktaba.fr\/index.php\/wp-json\/wp\/v2\/comments?post=27"}],"wp:attachment":[{"href":"https:\/\/lamaktaba.fr\/index.php\/wp-json\/wp\/v2\/media?parent=27"}],"wp:term":[{"taxonomy":"product_brand","embeddable":true,"href":"https:\/\/lamaktaba.fr\/index.php\/wp-json\/wp\/v2\/product_brand?post=27"},{"taxonomy":"product_cat","embeddable":true,"href":"https:\/\/lamaktaba.fr\/index.php\/wp-json\/wp\/v2\/product_cat?post=27"},{"taxonomy":"product_tag","embeddable":true,"href":"https:\/\/lamaktaba.fr\/index.php\/wp-json\/wp\/v2\/product_tag?post=27"}],"curies":[{"name":"wp","href":"https:\/\/api.w.org\/{rel}","templated":true}]}}