{"id":269,"date":"2020-03-02T10:00:00","date_gmt":"2020-03-02T09:00:00","guid":{"rendered":"https:\/\/lamaktaba.fr\/index.php\/produit\/resume-du-livre-attarghib-wattarhib-hadiths-inspirant-le-desir-du-paradis-et-la-crainte-de-lenfer-limam-ibn-hajar-al-asqalani-avec-les-jugements-de-shaykh-al-albani\/"},"modified":"2025-04-01T12:45:21","modified_gmt":"2025-04-01T10:45:21","slug":"resume-du-livre-attarghib-wattarhib-hadiths-inspirant-le-desir-du-paradis-et-la-crainte-de-lenfer-limam-ibn-hajar-al-asqalani-avec-les-jugements-de-shaykh-al-albani","status":"publish","type":"product","link":"https:\/\/lamaktaba.fr\/index.php\/produit\/resume-du-livre-attarghib-wattarhib-hadiths-inspirant-le-desir-du-paradis-et-la-crainte-de-lenfer-limam-ibn-hajar-al-asqalani-avec-les-jugements-de-shaykh-al-albani","title":{"rendered":"Attarghib Wattarhib &#8211; D\u00e9sir et Crainte &#8211; d&rsquo;apr\u00e8s Al-Mundhiri"},"content":{"rendered":"<p>Attarghib Wattarhib d&rsquo;apr\u00e8s Shaykh Al-Mundhiri;Le livre attarghib wattarhib est un recueil de hadiths ayant un double objectif \u00e9ducatif. Le premier est d&rsquo;inspirer le d\u00e9sir attargh\u00eeb d&rsquo;accomplir des \u0153uvres pies, de se parer de nobles m\u0153urs et de se conformer \u00e0 la voie proph\u00e9tique en montrant ce que la religion a pr\u00e9vu pour ce genre d&rsquo;\u0153uvre comme r\u00e9compenses dans ce monde et dans l&rsquo;Au-del\u00e0. Le deuxi\u00e8me est d&rsquo;inspirer la crainte attarh\u00eeb de s&rsquo;\u00e9loigner de la voie d&rsquo;Allah, de n\u00e9gliger Ses droits et les droits de Ses serviteurs et de commettre le mal en montrant ce qu&rsquo;encourt le p\u00e9cheur comme mal\u00e9diction, malheur et ch\u00e2timent divin. Pour vous donner chers lecteurs et ch\u00e8res lectrices une id\u00e9e globale de ce livre, nous avons choisi ce qu&rsquo;a dit \u00e0 son sujet et de sa valeur scientifique et \u00e9ducative, un \u00e9minent savant qui comme il l&rsquo;a dit lui-m\u00eame, a vraiment souffert dans sa v\u00e9rification de ses had\u00eeths \u00e0 savoir le shaykh Nasir Ad-Din Al-Albani. Voici la traduction de ses propos: \u00ab\u00a0Il n&rsquo;\u00e9chappe \u00e0 aucun savant que le livre attargh\u00eeb wattarh\u00eeb du Hafiz Zakiyyu Ad-Din &lsquo;Abd Al-Azim b. &lsquo;Abd Al-Qaw\u00ee Al-Mundhir\u00ee est le livre le plus complet et le plus instructifs dans son genre. Il y a r\u00e9uni tous ou presque tous les had\u00eeths ayant pour objet le targhib ou le tarh\u00eeb qu&rsquo;on trouve dispers\u00e9s dans les six livres [ les sahih Al-Bukhari et de Muslim et les recueils dits sunan d&rsquo;Abu Daw\u00fbd, d&rsquo;At-Tirmidhi, d&rsquo;An-Nasa&rsquo;i et d&rsquo;Ibn Maja] ainsi que d&rsquo;autres recueils. L&rsquo;imam du Hadith Ibn Hajar Al-&lsquo;Asq\u00e2lani l&rsquo;a soigneusement r\u00e9sum\u00e9. Il en a cit\u00e9 l&rsquo;essentiel, c&rsquo;est-\u00e0-dire les principaux hadiths qui refl\u00e8tent mieux le titre du chapitre sous lequel ils se trouvent, a am\u00e9lior\u00e9 la classification de ses chapitres et hadiths, a corrig\u00e9 certaines erreurs, y ajout\u00e9 des remarques instructives et a veill\u00e9 au choix des hadiths authentiques. Il s&rsquo;agit donc d&rsquo;une r\u00e9f\u00e9rence indispensable pour tous foyers.;Cet ouvrage met en avant divers th\u00e8mes que voici;Livre de la consid\u00e9ration exclusive \u00e0 Allah;Livre de la Sunna.;Livre de la Science sacr\u00e9e et ses chapitres.;Livre de la purification et ses chapitres.;Livre de la pri\u00e8re et ses chapitres.;Livres des pri\u00e8res sur\u00e9rogatoires et ses chapitres.;Livre du vendredi et ses chapitres.;Livre de l&rsquo;aum\u00f4ne et ses chapitres.;Livre du je\u00fbne et ses chapitres.;Le je\u00fbne sur\u00e9rogatoire.;R\u00e8gles de biens\u00e9ances relatives au je\u00fbne.;Livre des deux f\u00eates et ses chapitres.;Livre du p\u00e8lerinage et ses chapitres.;Livre du djihad et ses chapitres.;Livre du dhikr et ses chapitres.;Livre des invocations et ses chapitres.;Livres des transactions et ses chapitres.;Livre du mariage et ses chapitres.;Livre de l&rsquo;habillement et ses chapitres.;Livre de la nourriture et ses chapitres.;Livre de l&rsquo;\u00e9mirat et ses chapitres.;Livre des peines.;Marque ALMADINA Editions R\u00e9f\u00e9rence 9782930428826;Fiche technique AUTEUR: &#8211; Albani SUPPORT: &#8211; Livre THEME: &#8211; Biblioth\u00e8que des Etudiants \u00c9DITIONS: &#8211; ALMADINA Condition: &#8211; Neuf Nombre de Pages: &#8211; 368 FORMAT (CM): 14 x 23 cm Poids (kg): &#8211; 0.554 EAN13: &#8211; 9782930428826 RELIURE: &#8211; Souple.Traduction: &#8211; Mohammed Karimi;R\u00e9f\u00e9rences sp\u00e9cifiques;Donnez votre avis;Aucun commentaire pour le moment<\/p>\n","protected":false},"excerpt":{"rendered":"<p>Attarghib Wattarhib d&rsquo;apr\u00e8s Shaykh Al-Mundhiri;Le livre attarghib wattarhib est un recueil de hadiths ayant un double objectif \u00e9ducatif. Le premier est d&rsquo;inspirer le d\u00e9sir attargh\u00eeb d&rsquo;accomplir des \u0153uvres pies, de se parer de nobles m\u0153urs et de se conformer \u00e0 la voie proph\u00e9tique en montrant ce que la religion a pr\u00e9vu pour ce genre d&rsquo;\u0153uvre comme r\u00e9compenses dans ce monde et dans l&rsquo;Au-del\u00e0. Le deuxi\u00e8me est d&rsquo;inspirer la crainte attarh\u00eeb de s&rsquo;\u00e9loigner de la voie d&rsquo;Allah, de n\u00e9gliger Ses droits et les droits de Ses serviteurs et de commettre le mal en montrant ce qu&rsquo;encourt le p\u00e9cheur comme mal\u00e9diction, malheur et ch\u00e2timent divin. Pour vous donner chers lecteurs et ch\u00e8res lectrices une id\u00e9e globale de ce livre, nous avons choisi ce qu&rsquo;a dit \u00e0 son sujet et de sa valeur scientifique et \u00e9ducative, un \u00e9minent savant qui comme il l&rsquo;a dit lui-m\u00eame, a vraiment souffert dans sa v\u00e9rification de ses had\u00eeths \u00e0 savoir le shaykh Nasir Ad-Din Al-Albani. Voici la traduction de ses propos: \u00ab\u00a0Il n&rsquo;\u00e9chappe \u00e0 aucun savant que le livre attargh\u00eeb wattarh\u00eeb du Hafiz Zakiyyu Ad-Din &lsquo;Abd Al-Azim b. &lsquo;Abd Al-Qaw\u00ee Al-Mundhir\u00ee est le livre le plus complet et le plus instructifs dans son genre. Il y a r\u00e9uni tous ou presque tous les had\u00eeths ayant pour objet le targhib ou le tarh\u00eeb qu&rsquo;on trouve dispers\u00e9s dans les six livres [ les sahih Al-Bukhari et de Muslim et les recueils dits sunan d&rsquo;Abu Daw\u00fbd, d&rsquo;At-Tirmidhi, d&rsquo;An-Nasa&rsquo;i et d&rsquo;Ibn Maja] ainsi que d&rsquo;autres recueils. L&rsquo;imam du Hadith Ibn Hajar Al-&lsquo;Asq\u00e2lani l&rsquo;a soigneusement r\u00e9sum\u00e9. Il en a cit\u00e9 l&rsquo;essentiel, c&rsquo;est-\u00e0-dire les principaux hadiths qui refl\u00e8tent mieux le titre du chapitre sous lequel ils se trouvent, a am\u00e9lior\u00e9 la classification de ses chapitres et hadiths, a corrig\u00e9 certaines erreurs, y ajout\u00e9 des remarques instructives et a veill\u00e9 au choix des hadiths authentiques. Il s&rsquo;agit donc d&rsquo;une r\u00e9f\u00e9rence indispensable pour tous foyers.;Cet ouvrage met en avant divers th\u00e8mes que voici;Livre de la consid\u00e9ration exclusive \u00e0 Allah;Livre de la Sunna.;Livre de la Science sacr\u00e9e et ses chapitres.;Livre de la purification et ses chapitres.;Livre de la pri\u00e8re et ses chapitres.;Livres des pri\u00e8res sur\u00e9rogatoires et ses chapitres.;Livre du vendredi et ses chapitres.;Livre de l&rsquo;aum\u00f4ne et ses chapitres.;Livre du je\u00fbne et ses chapitres.;Le je\u00fbne sur\u00e9rogatoire.;R\u00e8gles de biens\u00e9ances relatives au je\u00fbne.;Livre des deux f\u00eates et ses chapitres.;Livre du p\u00e8lerinage et ses chapitres.;Livre du djihad et ses chapitres.;Livre du dhikr et ses chapitres.;Livre des invocations et ses chapitres.;Livres des transactions et ses chapitres.;Livre du mariage et ses chapitres.;Livre de l&rsquo;habillement et ses chapitres.;Livre de la nourriture et ses chapitres.;Livre de l&rsquo;\u00e9mirat et ses chapitres.;Livre des peines.;Marque ALMADINA Editions R\u00e9f\u00e9rence 9782930428826;Fiche technique AUTEUR: &#8211; Albani SUPPORT: &#8211; Livre THEME: &#8211; Biblioth\u00e8que des Etudiants \u00c9DITIONS: &#8211; ALMADINA Condition: &#8211; Neuf Nombre de Pages: &#8211; 368 FORMAT (CM): 14 x 23 cm Poids (kg): &#8211; 0.554 EAN13: &#8211; 9782930428826 RELIURE: &#8211; Souple.Traduction: &#8211; Mohammed Karimi;R\u00e9f\u00e9rences sp\u00e9cifiques;Donnez votre avis;Aucun commentaire pour le moment<\/p>\n","protected":false},"featured_media":37745,"comment_status":"open","ping_status":"closed","template":"","meta":[],"product_brand":[],"product_cat":[1898],"product_tag":[],"class_list":{"0":"post-269","1":"product","2":"type-product","3":"status-publish","4":"has-post-thumbnail","6":"product_cat-pratique-religieuse","7":"pa_auteur-albani","8":"pa_editeur-almadina-editions","9":"pa_format-14-x-23-cm","10":"pa_nombre-de-pages-1214","11":"pa_reliure-souple","13":"first","14":"outofstock","15":"shipping-taxable","16":"purchasable","17":"product-type-simple"},"_links":{"self":[{"href":"https:\/\/lamaktaba.fr\/index.php\/wp-json\/wp\/v2\/product\/269","targetHints":{"allow":["GET"]}}],"collection":[{"href":"https:\/\/lamaktaba.fr\/index.php\/wp-json\/wp\/v2\/product"}],"about":[{"href":"https:\/\/lamaktaba.fr\/index.php\/wp-json\/wp\/v2\/types\/product"}],"replies":[{"embeddable":true,"href":"https:\/\/lamaktaba.fr\/index.php\/wp-json\/wp\/v2\/comments?post=269"}],"wp:featuredmedia":[{"embeddable":true,"href":"https:\/\/lamaktaba.fr\/index.php\/wp-json\/wp\/v2\/media\/37745"}],"wp:attachment":[{"href":"https:\/\/lamaktaba.fr\/index.php\/wp-json\/wp\/v2\/media?parent=269"}],"wp:term":[{"taxonomy":"product_brand","embeddable":true,"href":"https:\/\/lamaktaba.fr\/index.php\/wp-json\/wp\/v2\/product_brand?post=269"},{"taxonomy":"product_cat","embeddable":true,"href":"https:\/\/lamaktaba.fr\/index.php\/wp-json\/wp\/v2\/product_cat?post=269"},{"taxonomy":"product_tag","embeddable":true,"href":"https:\/\/lamaktaba.fr\/index.php\/wp-json\/wp\/v2\/product_tag?post=269"}],"curies":[{"name":"wp","href":"https:\/\/api.w.org\/{rel}","templated":true}]}}