{"id":266,"date":"2020-03-02T10:00:00","date_gmt":"2020-03-02T09:00:00","guid":{"rendered":"https:\/\/lamaktaba.fr\/index.php\/produit\/es-tu-serieux-dans-ta-pratique-de-lislam\/"},"modified":"2025-04-01T12:45:15","modified_gmt":"2025-04-01T10:45:15","slug":"es-tu-serieux-dans-ta-pratique-de-lislam","status":"publish","type":"product","link":"https:\/\/lamaktaba.fr\/index.php\/produit\/es-tu-serieux-dans-ta-pratique-de-lislam","title":{"rendered":"Es-tu s\u00e9rieux dans ta pratique de l&rsquo;Islam?"},"content":{"rendered":"<p>Es-tu s\u00e9rieux dans ta pratique de l&rsquo;Islam?;Es-tu s\u00e9rieux dans ta pratique de l\u2019Islam? 1- Etre s\u00e9rieux c\u2019est \u00eatre capable de prendre la d\u00e9cision ferme au bon moment. 2- Etre s\u00e9rieux c\u2019est prendre la responsabilit\u00e9 de se charger de programmes s\u00e9rieux sans se r\u00e9signer, permettant ainsi \u00e0 sa personnalit\u00e9 d\u2019atteindre sa pl\u00e9nitude. 3- Etre s\u00e9rieux c\u2019est avoir un objectif dans sa vie, cet objectif circule en soi comme circule le sang dans les veines, c\u2019est mettre sur la m\u00eame ligne de mire l\u2019objectif et le moyen appropri\u00e9 d\u2019arriver \u00e0 cet objectif. 4- Etre s\u00e9rieux c\u2019est avoir comme devise: \u00ab La constance jusqu\u2019\u00e0 l\u2019atteinte de la perfection \u00bb. C\u2019est avoir des principes solides et constructifs dans le cadre de la religion dans sa globalit\u00e9. 5- Etre s\u00e9rieux c\u2019est d\u2019\u00e9viter l\u2019infatuation et la pr\u00e9tention. Cela consiste \u00e0 ne pas se tourner vers ses \u0153uvres et leurs m\u00e9rites et \u00e0 aspirer toujours \u00e0 ce qui est meilleur pour atteindre le Paradis.<\/p>\n","protected":false},"excerpt":{"rendered":"<p>Es-tu s\u00e9rieux dans ta pratique de l&rsquo;Islam?;Es-tu s\u00e9rieux dans ta pratique de l\u2019Islam? 1- Etre s\u00e9rieux c\u2019est \u00eatre capable de prendre la d\u00e9cision ferme au bon moment. 2- Etre s\u00e9rieux c\u2019est prendre la responsabilit\u00e9 de se charger de programmes s\u00e9rieux sans se r\u00e9signer, permettant ainsi \u00e0 sa personnalit\u00e9 d\u2019atteindre sa pl\u00e9nitude. 3- Etre s\u00e9rieux c\u2019est avoir un objectif dans sa vie, cet objectif circule en soi comme circule le sang dans les veines, c\u2019est mettre sur la m\u00eame ligne de mire l\u2019objectif et le moyen appropri\u00e9 d\u2019arriver \u00e0 cet objectif. 4- Etre s\u00e9rieux c\u2019est avoir comme devise: \u00ab La constance jusqu\u2019\u00e0 l\u2019atteinte de la perfection \u00bb. C\u2019est avoir des principes solides et constructifs dans le cadre de la religion dans sa globalit\u00e9. 5- Etre s\u00e9rieux c\u2019est d\u2019\u00e9viter l\u2019infatuation et la pr\u00e9tention. Cela consiste \u00e0 ne pas se tourner vers ses \u0153uvres et leurs m\u00e9rites et \u00e0 aspirer toujours \u00e0 ce qui est meilleur pour atteindre le Paradis.<\/p>\n","protected":false},"featured_media":5137,"comment_status":"open","ping_status":"closed","template":"","meta":[],"product_brand":[],"product_cat":[1898],"product_tag":[],"class_list":{"0":"post-266","1":"product","2":"type-product","3":"status-publish","4":"has-post-thumbnail","6":"product_cat-pratique-religieuse","7":"pa_annee-830","8":"pa_auteur-mohammad-husayn-yaqub","9":"pa_editeur-almadina-editions","10":"pa_format-20-x-13-cm","11":"pa_reliure-souple","13":"first","14":"outofstock","15":"shipping-taxable","16":"purchasable","17":"product-type-simple"},"_links":{"self":[{"href":"https:\/\/lamaktaba.fr\/index.php\/wp-json\/wp\/v2\/product\/266","targetHints":{"allow":["GET"]}}],"collection":[{"href":"https:\/\/lamaktaba.fr\/index.php\/wp-json\/wp\/v2\/product"}],"about":[{"href":"https:\/\/lamaktaba.fr\/index.php\/wp-json\/wp\/v2\/types\/product"}],"replies":[{"embeddable":true,"href":"https:\/\/lamaktaba.fr\/index.php\/wp-json\/wp\/v2\/comments?post=266"}],"wp:featuredmedia":[{"embeddable":true,"href":"https:\/\/lamaktaba.fr\/index.php\/wp-json\/wp\/v2\/media\/5137"}],"wp:attachment":[{"href":"https:\/\/lamaktaba.fr\/index.php\/wp-json\/wp\/v2\/media?parent=266"}],"wp:term":[{"taxonomy":"product_brand","embeddable":true,"href":"https:\/\/lamaktaba.fr\/index.php\/wp-json\/wp\/v2\/product_brand?post=266"},{"taxonomy":"product_cat","embeddable":true,"href":"https:\/\/lamaktaba.fr\/index.php\/wp-json\/wp\/v2\/product_cat?post=266"},{"taxonomy":"product_tag","embeddable":true,"href":"https:\/\/lamaktaba.fr\/index.php\/wp-json\/wp\/v2\/product_tag?post=266"}],"curies":[{"name":"wp","href":"https:\/\/api.w.org\/{rel}","templated":true}]}}