{"id":260,"date":"2020-03-02T10:00:00","date_gmt":"2020-03-02T09:00:00","guid":{"rendered":"https:\/\/lamaktaba.fr\/index.php\/produit\/lexplication-des-paraboles-citees-dans-le-noble-coran\/"},"modified":"2025-04-01T12:44:36","modified_gmt":"2025-04-01T10:44:36","slug":"lexplication-des-paraboles-citees-dans-le-noble-coran","status":"publish","type":"product","link":"https:\/\/lamaktaba.fr\/index.php\/produit\/lexplication-des-paraboles-citees-dans-le-noble-coran","title":{"rendered":"L\u2019explication des paraboles cit\u00e9es dans le Noble Coran"},"content":{"rendered":"<p>Titre: L\u2019explication des paraboles cit\u00e9es dans le Noble Coran;Auteur: Ibn Qayyim Al-Jawziyya;Editions: Dar Al Muslim;Dans un verset du Noble Coran, dieu dit: \u201c\u2026 et ces paraboles, nous les citons aux gens afin qu\u2019ils r\u00e9fl\u00e9chissent\u2026\u201d (sourate 29 verset 21). Des paroles sont donc mentionn\u00e9es dans le Coran. Celui-ci nous apprend \u00e9galement que les gens qui savent sont les seuls \u00e0 les saisir. Elles consistent \u00e0 \u00e9tablir une comparaison entre deux \u00e9l\u00e9ments analogues en r\u00e9alisant un rapprochement entre l\u2019abstrait et le concret ou entre deux \u00e9l\u00e9ments concrets afin d\u2019en mettre un en \u00e9vidence par rapport \u00e0 l\u2019autre.;A propose de l\u2019auteur;Voici le juriste, le mufti, l\u2019\u00e9minent savant, l\u2019imam Rabb\u00e2ni Shaykh Al-Islam, Ab\u00fb \u2018abd Allah, Shams Ad-D\u00een Muhammad ibn Ab\u00ee Bakr. Il est orriginaire de Damas et est connu sous le nom d\u2019Ibn Qayyim Al-Jawziyya car son p\u00e8re fut un grand savant des sciences de l\u2019h\u00e9ritage \u00e9tait responsable de l\u2019\u00e9cole al-Jawziyya, fond\u00e9e par ses bienfaits pour accueillir les orphelins, qui existe toujours dans le march\u00e9 de Baz\u00fbriyya \u00e0 Damas.;Il est n\u00e9 le 7 safat de l\u2019an 691 h. (1291) et il est mort en l\u2019an 751 h. (1350).;Son premier enseignant fut son p\u00e8re. Le fait qu\u2019il est n\u00e9 \u00e0 Damas eut une grande influence sur lui en raison du grand nombre de savant qui y r\u00e9sidait \u00e0 l\u2019\u00e9poque. Il a entam\u00e9 sa recherche du savoir vers l\u2019\u00e2ge de 17 ans et aimait \u00e9norm\u00e9ment la lecture. Il \u00e9tudia de nombreuses sciences aupr\u00e8s d\u2019\u00e9minents savants, comme la science du hadith, les fondements de la jurisprudence et la langue arabe.;Il \u00e9tait tr\u00e8s proche de Shaykh Al-Isl\u00e2m Ibn Taymiyya avec qui il s\u2019est li\u00e9 d\u2019amiti\u00e9. Durant 16 ans, il s\u2019est abreuv\u00e9 du flot de science d\u00e9vers\u00e9 par Ibn Taymiyyah et s\u2019est attach\u00e9 \u00e0 transmettre et \u00e0 rendre accessible toute cette science.;Ses \u0153uvres sont devenus des r\u00e9f\u00e9rences incontournables pour les pieux.<\/p>\n","protected":false},"excerpt":{"rendered":"<p>Titre: L\u2019explication des paraboles cit\u00e9es dans le Noble Coran;Auteur: Ibn Qayyim Al-Jawziyya;Editions: Dar Al Muslim;Dans un verset du Noble Coran, dieu dit: \u201c\u2026 et ces paraboles, nous les citons aux gens afin qu\u2019ils r\u00e9fl\u00e9chissent\u2026\u201d (sourate 29 verset 21). Des paroles sont donc mentionn\u00e9es dans le Coran. Celui-ci nous apprend \u00e9galement que les gens qui savent sont les seuls \u00e0 les saisir. Elles consistent \u00e0 \u00e9tablir une comparaison entre deux \u00e9l\u00e9ments analogues en r\u00e9alisant un rapprochement entre l\u2019abstrait et le concret ou entre deux \u00e9l\u00e9ments concrets afin d\u2019en mettre un en \u00e9vidence par rapport \u00e0 l\u2019autre.;A propose de l\u2019auteur;Voici le juriste, le mufti, l\u2019\u00e9minent savant, l\u2019imam Rabb\u00e2ni Shaykh Al-Islam, Ab\u00fb \u2018abd Allah, Shams Ad-D\u00een Muhammad ibn Ab\u00ee Bakr. Il est orriginaire de Damas et est connu sous le nom d\u2019Ibn Qayyim Al-Jawziyya car son p\u00e8re fut un grand savant des sciences de l\u2019h\u00e9ritage \u00e9tait responsable de l\u2019\u00e9cole al-Jawziyya, fond\u00e9e par ses bienfaits pour accueillir les orphelins, qui existe toujours dans le march\u00e9 de Baz\u00fbriyya \u00e0 Damas.;Il est n\u00e9 le 7 safat de l\u2019an 691 h. (1291) et il est mort en l\u2019an 751 h. (1350).;Son premier enseignant fut son p\u00e8re. Le fait qu\u2019il est n\u00e9 \u00e0 Damas eut une grande influence sur lui en raison du grand nombre de savant qui y r\u00e9sidait \u00e0 l\u2019\u00e9poque. Il a entam\u00e9 sa recherche du savoir vers l\u2019\u00e2ge de 17 ans et aimait \u00e9norm\u00e9ment la lecture. Il \u00e9tudia de nombreuses sciences aupr\u00e8s d\u2019\u00e9minents savants, comme la science du hadith, les fondements de la jurisprudence et la langue arabe.;Il \u00e9tait tr\u00e8s proche de Shaykh Al-Isl\u00e2m Ibn Taymiyya avec qui il s\u2019est li\u00e9 d\u2019amiti\u00e9. Durant 16 ans, il s\u2019est abreuv\u00e9 du flot de science d\u00e9vers\u00e9 par Ibn Taymiyyah et s\u2019est attach\u00e9 \u00e0 transmettre et \u00e0 rendre accessible toute cette science.;Ses \u0153uvres sont devenus des r\u00e9f\u00e9rences incontournables pour les pieux.<\/p>\n","protected":false},"featured_media":5123,"comment_status":"open","ping_status":"closed","template":"","meta":[],"product_brand":[],"product_cat":[1915],"product_tag":[],"class_list":{"0":"post-260","1":"product","2":"type-product","3":"status-publish","4":"has-post-thumbnail","6":"product_cat-sciences-du-coran","7":"pa_annee-667","8":"pa_auteur-ibn-qayyim-al-jawziyya","9":"pa_editeur-dar-almuslim-editions","10":"pa_langue-francais-arabe","11":"pa_nombre-de-pages-1405","12":"pa_reliure-souple","14":"first","15":"outofstock","16":"shipping-taxable","17":"purchasable","18":"product-type-simple"},"_links":{"self":[{"href":"https:\/\/lamaktaba.fr\/index.php\/wp-json\/wp\/v2\/product\/260","targetHints":{"allow":["GET"]}}],"collection":[{"href":"https:\/\/lamaktaba.fr\/index.php\/wp-json\/wp\/v2\/product"}],"about":[{"href":"https:\/\/lamaktaba.fr\/index.php\/wp-json\/wp\/v2\/types\/product"}],"replies":[{"embeddable":true,"href":"https:\/\/lamaktaba.fr\/index.php\/wp-json\/wp\/v2\/comments?post=260"}],"wp:featuredmedia":[{"embeddable":true,"href":"https:\/\/lamaktaba.fr\/index.php\/wp-json\/wp\/v2\/media\/5123"}],"wp:attachment":[{"href":"https:\/\/lamaktaba.fr\/index.php\/wp-json\/wp\/v2\/media?parent=260"}],"wp:term":[{"taxonomy":"product_brand","embeddable":true,"href":"https:\/\/lamaktaba.fr\/index.php\/wp-json\/wp\/v2\/product_brand?post=260"},{"taxonomy":"product_cat","embeddable":true,"href":"https:\/\/lamaktaba.fr\/index.php\/wp-json\/wp\/v2\/product_cat?post=260"},{"taxonomy":"product_tag","embeddable":true,"href":"https:\/\/lamaktaba.fr\/index.php\/wp-json\/wp\/v2\/product_tag?post=260"}],"curies":[{"name":"wp","href":"https:\/\/api.w.org\/{rel}","templated":true}]}}