{"id":251,"date":"2020-03-02T10:00:00","date_gmt":"2020-03-02T09:00:00","guid":{"rendered":"https:\/\/lamaktaba.fr\/index.php\/produit\/16-les-dix-grands-peches\/"},"modified":"2025-04-01T12:47:06","modified_gmt":"2025-04-01T10:47:06","slug":"16-les-dix-grands-peches","status":"publish","type":"product","link":"https:\/\/lamaktaba.fr\/index.php\/produit\/16-les-dix-grands-peches","title":{"rendered":"16-Les dix grands p\u00e9ch\u00e9s"},"content":{"rendered":"<p>Titre: Les dix grands p\u00e9ch\u00e9s;Auteur: At Tirmidhi;Edition: LA RUCHE;Support: Livre;Theme: Education et Purification de L&rsquo;\u00e2me;Description: Les grands p\u00e9ch\u00e9s pour certains sont vus comme des p\u00e9ch\u00e9s v\u00e9niels, c&rsquo;est que leurs c\u0153urs sont malades. Alors que pour d&rsquo;autres, les grands p\u00e9ch\u00e9s sont devenus \u00ab\u00a0monnaie courante\u00a0\u00bb et actes banals. Leurs c\u0153urs, sont tout simplement morts, et leurs corps sont entre les mains de leurs ennemis, qui leur miroitent plaisirs et jouissances et finiront par les plaquer sur le sol des r\u00e9alit\u00e9s t\u00f4t ou tard\u2026<\/p>\n","protected":false},"excerpt":{"rendered":"<p>Titre: Les dix grands p\u00e9ch\u00e9s;Auteur: At Tirmidhi;Edition: LA RUCHE;Support: Livre;Theme: Education et Purification de L&rsquo;\u00e2me;Description: Les grands p\u00e9ch\u00e9s pour certains sont vus comme des p\u00e9ch\u00e9s v\u00e9niels, c&rsquo;est que leurs c\u0153urs sont malades. Alors que pour d&rsquo;autres, les grands p\u00e9ch\u00e9s sont devenus \u00ab\u00a0monnaie courante\u00a0\u00bb et actes banals. Leurs c\u0153urs, sont tout simplement morts, et leurs corps sont entre les mains de leurs ennemis, qui leur miroitent plaisirs et jouissances et finiront par les plaquer sur le sol des r\u00e9alit\u00e9s t\u00f4t ou tard\u2026<\/p>\n","protected":false},"featured_media":5108,"comment_status":"open","ping_status":"closed","template":"","meta":[],"product_brand":[],"product_cat":[15],"product_tag":[],"class_list":{"0":"post-251","1":"product","2":"type-product","3":"status-publish","4":"has-post-thumbnail","6":"product_cat-non-classe","7":"pa_editeur-la-ruche-editions-2","9":"first","10":"outofstock","11":"shipping-taxable","12":"purchasable","13":"product-type-simple"},"_links":{"self":[{"href":"https:\/\/lamaktaba.fr\/index.php\/wp-json\/wp\/v2\/product\/251","targetHints":{"allow":["GET"]}}],"collection":[{"href":"https:\/\/lamaktaba.fr\/index.php\/wp-json\/wp\/v2\/product"}],"about":[{"href":"https:\/\/lamaktaba.fr\/index.php\/wp-json\/wp\/v2\/types\/product"}],"replies":[{"embeddable":true,"href":"https:\/\/lamaktaba.fr\/index.php\/wp-json\/wp\/v2\/comments?post=251"}],"wp:featuredmedia":[{"embeddable":true,"href":"https:\/\/lamaktaba.fr\/index.php\/wp-json\/wp\/v2\/media\/5108"}],"wp:attachment":[{"href":"https:\/\/lamaktaba.fr\/index.php\/wp-json\/wp\/v2\/media?parent=251"}],"wp:term":[{"taxonomy":"product_brand","embeddable":true,"href":"https:\/\/lamaktaba.fr\/index.php\/wp-json\/wp\/v2\/product_brand?post=251"},{"taxonomy":"product_cat","embeddable":true,"href":"https:\/\/lamaktaba.fr\/index.php\/wp-json\/wp\/v2\/product_cat?post=251"},{"taxonomy":"product_tag","embeddable":true,"href":"https:\/\/lamaktaba.fr\/index.php\/wp-json\/wp\/v2\/product_tag?post=251"}],"curies":[{"name":"wp","href":"https:\/\/api.w.org\/{rel}","templated":true}]}}