{"id":250,"date":"2020-03-02T10:00:00","date_gmt":"2020-03-02T09:00:00","guid":{"rendered":"https:\/\/lamaktaba.fr\/index.php\/produit\/la-magie-et-la-jalousie\/"},"modified":"2025-04-01T12:47:06","modified_gmt":"2025-04-01T10:47:06","slug":"la-magie-et-la-jalousie","status":"publish","type":"product","link":"https:\/\/lamaktaba.fr\/index.php\/produit\/la-magie-et-la-jalousie","title":{"rendered":"la Magie et la jalousie"},"content":{"rendered":"<p>Titre: la Magie et la jalousie<br \/>Auteur: Muhammad Ash-Sha\u2018raw\u00ee<br \/>Edition: ESSALAM<br \/>Support: Livre<br \/>Theme: Education et Purification de L&rsquo;\u00e2me<br \/>Description: Th\u00e8mes qui font l\u2019objet de controverses. L\u2019auteur traite ces sujets avec une grande rigueur et une extr\u00eame fid\u00e9lit\u00e9 au Coran et la Sunna.<\/p>\n","protected":false},"excerpt":{"rendered":"<p>Titre: la Magie et la jalousieAuteur: Muhammad Ash-Sha\u2018raw\u00eeEdition: ESSALAMSupport: LivreTheme: Education et Purification de L&rsquo;\u00e2meDescription: Th\u00e8mes qui font l\u2019objet de controverses. L\u2019auteur traite ces sujets avec une grande rigueur et une extr\u00eame fid\u00e9lit\u00e9 au Coran et la Sunna.<\/p>\n","protected":false},"featured_media":5107,"comment_status":"open","ping_status":"closed","template":"","meta":[],"product_brand":[],"product_cat":[15],"product_tag":[],"class_list":{"0":"post-250","1":"product","2":"type-product","3":"status-publish","4":"has-post-thumbnail","6":"product_cat-non-classe","7":"pa_editeur-pixelgraf-famille-musulmane","9":"first","10":"outofstock","11":"shipping-taxable","12":"purchasable","13":"product-type-simple"},"_links":{"self":[{"href":"https:\/\/lamaktaba.fr\/index.php\/wp-json\/wp\/v2\/product\/250","targetHints":{"allow":["GET"]}}],"collection":[{"href":"https:\/\/lamaktaba.fr\/index.php\/wp-json\/wp\/v2\/product"}],"about":[{"href":"https:\/\/lamaktaba.fr\/index.php\/wp-json\/wp\/v2\/types\/product"}],"replies":[{"embeddable":true,"href":"https:\/\/lamaktaba.fr\/index.php\/wp-json\/wp\/v2\/comments?post=250"}],"wp:featuredmedia":[{"embeddable":true,"href":"https:\/\/lamaktaba.fr\/index.php\/wp-json\/wp\/v2\/media\/5107"}],"wp:attachment":[{"href":"https:\/\/lamaktaba.fr\/index.php\/wp-json\/wp\/v2\/media?parent=250"}],"wp:term":[{"taxonomy":"product_brand","embeddable":true,"href":"https:\/\/lamaktaba.fr\/index.php\/wp-json\/wp\/v2\/product_brand?post=250"},{"taxonomy":"product_cat","embeddable":true,"href":"https:\/\/lamaktaba.fr\/index.php\/wp-json\/wp\/v2\/product_cat?post=250"},{"taxonomy":"product_tag","embeddable":true,"href":"https:\/\/lamaktaba.fr\/index.php\/wp-json\/wp\/v2\/product_tag?post=250"}],"curies":[{"name":"wp","href":"https:\/\/api.w.org\/{rel}","templated":true}]}}