{"id":25,"date":"2020-03-02T10:00:00","date_gmt":"2020-03-02T09:00:00","guid":{"rendered":"https:\/\/lamaktaba.fr\/index.php\/produit\/initiation-au-coran-dr-muhammad-abd-allah-draz\/"},"modified":"2025-04-01T12:46:10","modified_gmt":"2025-04-01T10:46:10","slug":"initiation-au-coran-dr-muhammad-abd-allah-draz","status":"publish","type":"product","link":"https:\/\/lamaktaba.fr\/index.php\/produit\/initiation-au-coran-dr-muhammad-abd-allah-draz","title":{"rendered":"La morale de l\u2019islam, de Abderrazak Mahri"},"content":{"rendered":"<p>La morale de l\u2019islam, de Abderrazak Mahri;Si l\u2019on devait r\u00e9sumer en quelques mots le but de l\u2019 islam on pourrait dire: r\u00e9former l\u2019homme. En effet, l\u2019islam se donne pour finalit\u00e9 de ramener les hommes \u00e0 Dieu, de parfaire leur comportement et leur morale. La morale de l\u2019\u00e2me de la religion, l\u2019esprit vital des peuples et des communaut\u00e9s. Le po\u00e8te Shawq\u00ee ne dit-il pas;Les valeurs morales font les nations;Si celles-ci disparaissent celles-l\u00e0 dispara\u00eetront aussi.;Ibn Qayyim al-Jawziyya dit dans son Mad\u00e2rij as-S\u00e2lik\u00een: \u00ab La religion, c\u2019est la moralit\u00e9: ce qui am\u00e9liore la moralit\u00e9 am\u00e9liore la religion \u00bb.;Cet ouvrage r\u00e9unit l\u2019ensemble des versets du Coran \u00e9voquant la morale que l\u2019islam,scellant le cycle des religions r\u00e9v\u00e9l\u00e9es, est venu parachever. Nous nous sommes appuy\u00e9 sur le travail de recension accompli par le regrett\u00e9 \u2018Abd All\u00e2h Draz dans son \u0153uvre \u00ab\u00a0la morale du Coran\u00a0\u00bb. Nous avons ajout\u00e9- \u00e0 l&rsquo;or\u00e9e des th\u00e8mes trait\u00e9s et en notes de bas moult explications et commentaires puis\u00e9s dans diff\u00e9rents ouvrages traitant de disciplines diverses comme l\u2019ex\u00e9g\u00e8se, la jurisprudence, le had\u00eeth, la foi, la morale, la spiritualit\u00e9, etc&#8230;;Marque -MAISON D&rsquo;ENNOUR Editions R\u00e9f\u00e9rence 9782910891183;Fiche technique AUTEUR: &#8211; Abderrazak Mahri LANGUE: -.Fran\u00e7ais ANNEE: &#8211; 2018 SUPPORT: &#8211; Livre THEME: &#8211; Morale, Islam, Coran \u00c9DITIONS: &#8211; Maison d&rsquo;Ennour Condition: &#8211; Neuf Nombre de Pages: &#8211; 316 FORMAT (CM): 13.8 x 19.5 cm Poids (kg): &#8211; 315 g EAN13: &#8211; 9782910891183 RELIURE: &#8211; Souple;R\u00e9f\u00e9rences sp\u00e9cifiques;Donnez votre avis;Aucun commentaire pour le moment<\/p>\n","protected":false},"excerpt":{"rendered":"<p>La morale de l\u2019islam, de Abderrazak Mahri;Si l\u2019on devait r\u00e9sumer en quelques mots le but de l\u2019 islam on pourrait dire: r\u00e9former l\u2019homme. En effet, l\u2019islam se donne pour finalit\u00e9 de ramener les hommes \u00e0 Dieu, de parfaire leur comportement et leur morale. La morale de l\u2019\u00e2me de la religion, l\u2019esprit vital des peuples et des communaut\u00e9s. Le po\u00e8te Shawq\u00ee ne dit-il pas;Les valeurs morales font les nations;Si celles-ci disparaissent celles-l\u00e0 dispara\u00eetront aussi.;Ibn Qayyim al-Jawziyya dit dans son Mad\u00e2rij as-S\u00e2lik\u00een: \u00ab La religion, c\u2019est la moralit\u00e9: ce qui am\u00e9liore la moralit\u00e9 am\u00e9liore la religion \u00bb.;Cet ouvrage r\u00e9unit l\u2019ensemble des versets du Coran \u00e9voquant la morale que l\u2019islam,scellant le cycle des religions r\u00e9v\u00e9l\u00e9es, est venu parachever. Nous nous sommes appuy\u00e9 sur le travail de recension accompli par le regrett\u00e9 \u2018Abd All\u00e2h Draz dans son \u0153uvre \u00ab\u00a0la morale du Coran\u00a0\u00bb. Nous avons ajout\u00e9- \u00e0 l&rsquo;or\u00e9e des th\u00e8mes trait\u00e9s et en notes de bas moult explications et commentaires puis\u00e9s dans diff\u00e9rents ouvrages traitant de disciplines diverses comme l\u2019ex\u00e9g\u00e8se, la jurisprudence, le had\u00eeth, la foi, la morale, la spiritualit\u00e9, etc&#8230;;Marque -MAISON D&rsquo;ENNOUR Editions R\u00e9f\u00e9rence 9782910891183;Fiche technique AUTEUR: &#8211; Abderrazak Mahri LANGUE: -.Fran\u00e7ais ANNEE: &#8211; 2018 SUPPORT: &#8211; Livre THEME: &#8211; Morale, Islam, Coran \u00c9DITIONS: &#8211; Maison d&rsquo;Ennour Condition: &#8211; Neuf Nombre de Pages: &#8211; 316 FORMAT (CM): 13.8 x 19.5 cm Poids (kg): &#8211; 315 g EAN13: &#8211; 9782910891183 RELIURE: &#8211; Souple;R\u00e9f\u00e9rences sp\u00e9cifiques;Donnez votre avis;Aucun commentaire pour le moment<\/p>\n","protected":false},"featured_media":36953,"comment_status":"open","ping_status":"closed","template":"","meta":[],"product_brand":[],"product_cat":[1919,1916],"product_tag":[],"class_list":{"0":"post-25","1":"product","2":"type-product","3":"status-publish","4":"has-post-thumbnail","6":"product_cat-comprendre-lislam","7":"product_cat-spiritualite","8":"pa_annee-487","9":"pa_auteur-abderrazak-mahri","10":"pa_editeur-maison-dennour-editions-2","11":"pa_format-13-8-x-19-5-cm","12":"pa_langue-francais","13":"pa_nombre-de-pages-543","14":"pa_reliure-souple","16":"first","17":"instock","18":"shipping-taxable","19":"purchasable","20":"product-type-simple"},"_links":{"self":[{"href":"https:\/\/lamaktaba.fr\/index.php\/wp-json\/wp\/v2\/product\/25","targetHints":{"allow":["GET"]}}],"collection":[{"href":"https:\/\/lamaktaba.fr\/index.php\/wp-json\/wp\/v2\/product"}],"about":[{"href":"https:\/\/lamaktaba.fr\/index.php\/wp-json\/wp\/v2\/types\/product"}],"replies":[{"embeddable":true,"href":"https:\/\/lamaktaba.fr\/index.php\/wp-json\/wp\/v2\/comments?post=25"}],"wp:featuredmedia":[{"embeddable":true,"href":"https:\/\/lamaktaba.fr\/index.php\/wp-json\/wp\/v2\/media\/36953"}],"wp:attachment":[{"href":"https:\/\/lamaktaba.fr\/index.php\/wp-json\/wp\/v2\/media?parent=25"}],"wp:term":[{"taxonomy":"product_brand","embeddable":true,"href":"https:\/\/lamaktaba.fr\/index.php\/wp-json\/wp\/v2\/product_brand?post=25"},{"taxonomy":"product_cat","embeddable":true,"href":"https:\/\/lamaktaba.fr\/index.php\/wp-json\/wp\/v2\/product_cat?post=25"},{"taxonomy":"product_tag","embeddable":true,"href":"https:\/\/lamaktaba.fr\/index.php\/wp-json\/wp\/v2\/product_tag?post=25"}],"curies":[{"name":"wp","href":"https:\/\/api.w.org\/{rel}","templated":true}]}}