{"id":248,"date":"2020-03-02T10:00:00","date_gmt":"2020-03-02T09:00:00","guid":{"rendered":"https:\/\/lamaktaba.fr\/index.php\/produit\/laccompagnement-du-malade\/"},"modified":"2025-04-01T12:46:22","modified_gmt":"2025-04-01T10:46:22","slug":"laccompagnement-du-malade","status":"publish","type":"product","link":"https:\/\/lamaktaba.fr\/index.php\/produit\/laccompagnement-du-malade","title":{"rendered":"L&rsquo;accompagnement du malade"},"content":{"rendered":"<p>Titre: L&rsquo;accompagnement du malade;Auteur: Ahmed Miktar;Edition: ENNOUR;Support: Livre;Theme: Education et Purification de L&rsquo;\u00e2me;Description: L&rsquo;Envoy\u00e9 de Dieu, sur lui la gr\u00e2ce et la paix, a dit: \u00a0\u00bb Dieu, honor\u00e9 et glorifi\u00e9, dit le Jour de la R\u00e9surrection: \u00a0\u00bb \u00d4 fils d&rsquo;Adam ! Je suis tomb\u00e9 malade et tu ne m&rsquo;as pas rendu visite \u00ab\u00a0. Il lui dit: Seigneur ! Comment serais-Tu malade pour que je Te rende visite alors que Tu es le Seigneur et Ma\u00eetre de l&rsquo;Univers?\u00a0\u00bb Dieu dit: \u00ab\u00a0N&rsquo;as-tu pas su que Mon serviteur untel est tomb\u00e9 malade et tu ne lui as pas rendu visite? N&rsquo;as-tu pas su que si tu lui avais rendu visite tu M&rsquo;aurais trouv\u00e9 aupr\u00e9s de lui?\u00a0\u00bb Le pr\u00e9sent livre d\u00e9crit le comportement \u00e0 observer face \u00e0 la maladie, il traite aussi de diverses questions se rapportant \u00e0 l&rsquo;accompagnement du malade.<\/p>\n","protected":false},"excerpt":{"rendered":"<p>Titre: L&rsquo;accompagnement du malade;Auteur: Ahmed Miktar;Edition: ENNOUR;Support: Livre;Theme: Education et Purification de L&rsquo;\u00e2me;Description: L&rsquo;Envoy\u00e9 de Dieu, sur lui la gr\u00e2ce et la paix, a dit: \u00a0\u00bb Dieu, honor\u00e9 et glorifi\u00e9, dit le Jour de la R\u00e9surrection: \u00a0\u00bb \u00d4 fils d&rsquo;Adam ! Je suis tomb\u00e9 malade et tu ne m&rsquo;as pas rendu visite \u00ab\u00a0. Il lui dit: Seigneur ! Comment serais-Tu malade pour que je Te rende visite alors que Tu es le Seigneur et Ma\u00eetre de l&rsquo;Univers?\u00a0\u00bb Dieu dit: \u00ab\u00a0N&rsquo;as-tu pas su que Mon serviteur untel est tomb\u00e9 malade et tu ne lui as pas rendu visite? N&rsquo;as-tu pas su que si tu lui avais rendu visite tu M&rsquo;aurais trouv\u00e9 aupr\u00e9s de lui?\u00a0\u00bb Le pr\u00e9sent livre d\u00e9crit le comportement \u00e0 observer face \u00e0 la maladie, il traite aussi de diverses questions se rapportant \u00e0 l&rsquo;accompagnement du malade.<\/p>\n","protected":false},"featured_media":5104,"comment_status":"open","ping_status":"closed","template":"","meta":[],"product_brand":[],"product_cat":[1898,1936],"product_tag":[],"class_list":{"0":"post-248","1":"product","2":"type-product","3":"status-publish","4":"has-post-thumbnail","6":"product_cat-pratique-religieuse","7":"product_cat-roqya-et-sante","8":"pa_editeur-maison-dennour-editions-2","10":"first","11":"outofstock","12":"shipping-taxable","13":"purchasable","14":"product-type-simple"},"_links":{"self":[{"href":"https:\/\/lamaktaba.fr\/index.php\/wp-json\/wp\/v2\/product\/248","targetHints":{"allow":["GET"]}}],"collection":[{"href":"https:\/\/lamaktaba.fr\/index.php\/wp-json\/wp\/v2\/product"}],"about":[{"href":"https:\/\/lamaktaba.fr\/index.php\/wp-json\/wp\/v2\/types\/product"}],"replies":[{"embeddable":true,"href":"https:\/\/lamaktaba.fr\/index.php\/wp-json\/wp\/v2\/comments?post=248"}],"wp:featuredmedia":[{"embeddable":true,"href":"https:\/\/lamaktaba.fr\/index.php\/wp-json\/wp\/v2\/media\/5104"}],"wp:attachment":[{"href":"https:\/\/lamaktaba.fr\/index.php\/wp-json\/wp\/v2\/media?parent=248"}],"wp:term":[{"taxonomy":"product_brand","embeddable":true,"href":"https:\/\/lamaktaba.fr\/index.php\/wp-json\/wp\/v2\/product_brand?post=248"},{"taxonomy":"product_cat","embeddable":true,"href":"https:\/\/lamaktaba.fr\/index.php\/wp-json\/wp\/v2\/product_cat?post=248"},{"taxonomy":"product_tag","embeddable":true,"href":"https:\/\/lamaktaba.fr\/index.php\/wp-json\/wp\/v2\/product_tag?post=248"}],"curies":[{"name":"wp","href":"https:\/\/api.w.org\/{rel}","templated":true}]}}