{"id":246,"date":"2020-03-02T10:00:00","date_gmt":"2020-03-02T09:00:00","guid":{"rendered":"https:\/\/lamaktaba.fr\/index.php\/produit\/les-causes-du-retard-des-musulmans-chakib-arsalan\/"},"modified":"2025-04-01T12:46:47","modified_gmt":"2025-04-01T10:46:47","slug":"les-causes-du-retard-des-musulmans-chakib-arsalan","status":"publish","type":"product","link":"https:\/\/lamaktaba.fr\/index.php\/produit\/les-causes-du-retard-des-musulmans-chakib-arsalan","title":{"rendered":"Les causes du retard des musulmans, de Chak\u00eeb Arsal\u00e2n"},"content":{"rendered":"<p>Les causes du retard des musulmans, de Chak\u00eeb Arsal\u00e2n;Force est de constater que l\u2019Islam a perdu ses lettres de noblesse d\u2019antan et p\u00e2tit \u00e0 l\u2019heure actuelle d\u2019une profonde r\u00e9gression alors que la civilisation islamique conn\u00fbt l\u2019\u00e2ge d\u2019or des si\u00e8cles durant.;Chak\u00eeb Arsal\u00e2n nous livre un vibrant argumentaire dans lequel il expose les raisons du d\u00e9clin de la civilisation islamique. Une analyse critique qui fait toute la lumi\u00e8re sur cette d\u00e9cadence tout en tordant le cou aux st\u00e9r\u00e9otypes largement v\u00e9hicul\u00e9s en Occident. Ainsi, il faudrait d\u2019embl\u00e9e \u00e9carter l\u2019Islam du banc des accus\u00e9s lorsqu\u2019il s\u2019agit d\u2019enqu\u00eater consciencieusement sur ce recul. On apprend que les musulmans sont les seuls coupables de leur d\u00e9ch\u00e9ance, ils ont perdu leur destin prodigieux lorsqu\u2019ils tourn\u00e8rent le dos \u00e0 leur ardeur religieuse et morale.;Marque ALHADITH Editions R\u00e9f\u00e9rence 9782875450807;Fiche technique AUTEUR: &#8211; Chak\u00eeb Arsal\u00e2n LANGUE: -.Fran\u00e7ais ANNEE: &#8211; 2016 SUPPORT: &#8211; Livre THEME: &#8211; Soci\u00e9t\u00e9 &#038; T\u00e9moignages \u00c9DITIONS: &#8211; AL HADITH Condition: &#8211; Neuf Nombre de Pages: &#8211; 210 FORMAT (CM): 15 x 21.5 cm Poids (kg): &#8211; 0.295 kg EAN13: &#8211; 9782875450807 RELIURE: &#8211; Cartonn\u00e9e.Traduction: &#8211; D\u00e9partement des traductions;R\u00e9f\u00e9rences sp\u00e9cifiques;Donnez votre avis;Aucun commentaire pour le moment<\/p>\n","protected":false},"excerpt":{"rendered":"<p>Les causes du retard des musulmans, de Chak\u00eeb Arsal\u00e2n;Force est de constater que l\u2019Islam a perdu ses lettres de noblesse d\u2019antan et p\u00e2tit \u00e0 l\u2019heure actuelle d\u2019une profonde r\u00e9gression alors que la civilisation islamique conn\u00fbt l\u2019\u00e2ge d\u2019or des si\u00e8cles durant.;Chak\u00eeb Arsal\u00e2n nous livre un vibrant argumentaire dans lequel il expose les raisons du d\u00e9clin de la civilisation islamique. Une analyse critique qui fait toute la lumi\u00e8re sur cette d\u00e9cadence tout en tordant le cou aux st\u00e9r\u00e9otypes largement v\u00e9hicul\u00e9s en Occident. Ainsi, il faudrait d\u2019embl\u00e9e \u00e9carter l\u2019Islam du banc des accus\u00e9s lorsqu\u2019il s\u2019agit d\u2019enqu\u00eater consciencieusement sur ce recul. On apprend que les musulmans sont les seuls coupables de leur d\u00e9ch\u00e9ance, ils ont perdu leur destin prodigieux lorsqu\u2019ils tourn\u00e8rent le dos \u00e0 leur ardeur religieuse et morale.;Marque ALHADITH Editions R\u00e9f\u00e9rence 9782875450807;Fiche technique AUTEUR: &#8211; Chak\u00eeb Arsal\u00e2n LANGUE: -.Fran\u00e7ais ANNEE: &#8211; 2016 SUPPORT: &#8211; Livre THEME: &#8211; Soci\u00e9t\u00e9 &#038; T\u00e9moignages \u00c9DITIONS: &#8211; AL HADITH Condition: &#8211; Neuf Nombre de Pages: &#8211; 210 FORMAT (CM): 15 x 21.5 cm Poids (kg): &#8211; 0.295 kg EAN13: &#8211; 9782875450807 RELIURE: &#8211; Cartonn\u00e9e.Traduction: &#8211; D\u00e9partement des traductions;R\u00e9f\u00e9rences sp\u00e9cifiques;Donnez votre avis;Aucun commentaire pour le moment<\/p>\n","protected":false},"featured_media":37891,"comment_status":"open","ping_status":"closed","template":"","meta":[],"product_brand":[],"product_cat":[1941],"product_tag":[],"class_list":{"0":"post-246","1":"product","2":"type-product","3":"status-publish","4":"has-post-thumbnail","6":"product_cat-islam-aujourdhui","7":"pa_annee-419","8":"pa_auteur-chakib-arsalan","9":"pa_editeur-alhadith-editions","10":"pa_format-15-x-21-5-cm","11":"pa_langue-francais","12":"pa_nombre-de-pages-1327","13":"pa_reliure-cartonnee","15":"first","16":"outofstock","17":"shipping-taxable","18":"purchasable","19":"product-type-simple"},"_links":{"self":[{"href":"https:\/\/lamaktaba.fr\/index.php\/wp-json\/wp\/v2\/product\/246","targetHints":{"allow":["GET"]}}],"collection":[{"href":"https:\/\/lamaktaba.fr\/index.php\/wp-json\/wp\/v2\/product"}],"about":[{"href":"https:\/\/lamaktaba.fr\/index.php\/wp-json\/wp\/v2\/types\/product"}],"replies":[{"embeddable":true,"href":"https:\/\/lamaktaba.fr\/index.php\/wp-json\/wp\/v2\/comments?post=246"}],"wp:featuredmedia":[{"embeddable":true,"href":"https:\/\/lamaktaba.fr\/index.php\/wp-json\/wp\/v2\/media\/37891"}],"wp:attachment":[{"href":"https:\/\/lamaktaba.fr\/index.php\/wp-json\/wp\/v2\/media?parent=246"}],"wp:term":[{"taxonomy":"product_brand","embeddable":true,"href":"https:\/\/lamaktaba.fr\/index.php\/wp-json\/wp\/v2\/product_brand?post=246"},{"taxonomy":"product_cat","embeddable":true,"href":"https:\/\/lamaktaba.fr\/index.php\/wp-json\/wp\/v2\/product_cat?post=246"},{"taxonomy":"product_tag","embeddable":true,"href":"https:\/\/lamaktaba.fr\/index.php\/wp-json\/wp\/v2\/product_tag?post=246"}],"curies":[{"name":"wp","href":"https:\/\/api.w.org\/{rel}","templated":true}]}}