{"id":242,"date":"2020-02-03T10:00:00","date_gmt":"2020-02-03T09:00:00","guid":{"rendered":"https:\/\/lamaktaba.fr\/index.php\/produit\/ecoute-le-prophete-te-parle-k-c-djait\/"},"modified":"2025-04-01T12:47:06","modified_gmt":"2025-04-01T10:47:06","slug":"ecoute-le-prophete-te-parle-k-c-djait","status":"publish","type":"product","link":"https:\/\/lamaktaba.fr\/index.php\/produit\/ecoute-le-prophete-te-parle-k-c-djait","title":{"rendered":"Ecoute, le proph\u00e8te te parle ! &#8211; K &#038; C DJAIT &#8211; Livre"},"content":{"rendered":"<p>Oh ! Toi lecteur ! Ecoute, le Proph\u00e8te te parle !;Enfant, adolescent ou parent, qui que tu sois, tu es concern\u00e9 par la parole du Proph\u00e8te ! Alors ne la n\u00e9glige pas ! Cet ouvrage, qui ne s\u2019inspire que de faits authentiques ayant bien eu lieu, a pour but de transmettre un certain nombre de valeurs islamiques \u00e0 un public d\u2019enfants et d\u2019adolescents, gr\u00e2ce \u00e0 une m\u00e9thode p\u00e9dagogique originale et adapt\u00e9e \u00e0 leur \u00e9poque. Cette m\u00e9thode consiste \u00e0 mettre en sc\u00e8ne quelques situations de la vie quotidienne de certaines de nos banlieues o\u00f9 se refl\u00e8tent attitudes et mauvais comportements de cette jeunesse que l\u2019on observe trop souvent autour de nous. Apr\u00e8s chaque situation, une explication est fournie sur la gravit\u00e9 de l\u2019acte et sur ses cons\u00e9quences pour l\u2019enfant ou l\u2019adolescent. Chaque explication est elle-m\u00eame suivie d\u2019un hadith du Proph\u00e8te (paix et b\u00e9n\u00e9dictions de Dieu sur lui) conforme \u00e0 la situation. Cette mani\u00e8re de proc\u00e9der a l\u2019avantage de fournir aux jeunes quelques outils religieux (hadiths) indispensables pour mener \u00e0 bien une vie \u00e9quilibr\u00e9e et convenable avec les autres.;Nous avons particuli\u00e8rement mis l\u2019accent sur la clart\u00e9 des illustrations et des dialogues, r\u00e9dig\u00e9s dans une langue parl\u00e9e par ces jeunes et compr\u00e9hensible pour eux, afin que l\u2019objectif \u00e9ducatif de chaque r\u00e9cit soit bien atteint. Nous esp\u00e9rons que cet ouvrage satisfera toutes les attentes des enfants et parents.<\/p>\n","protected":false},"excerpt":{"rendered":"<p>Oh ! Toi lecteur ! Ecoute, le Proph\u00e8te te parle !;Enfant, adolescent ou parent, qui que tu sois, tu es concern\u00e9 par la parole du Proph\u00e8te ! Alors ne la n\u00e9glige pas ! Cet ouvrage, qui ne s\u2019inspire que de faits authentiques ayant bien eu lieu, a pour but de transmettre un certain nombre de valeurs islamiques \u00e0 un public d\u2019enfants et d\u2019adolescents, gr\u00e2ce \u00e0 une m\u00e9thode p\u00e9dagogique originale et adapt\u00e9e \u00e0 leur \u00e9poque. Cette m\u00e9thode consiste \u00e0 mettre en sc\u00e8ne quelques situations de la vie quotidienne de certaines de nos banlieues o\u00f9 se refl\u00e8tent attitudes et mauvais comportements de cette jeunesse que l\u2019on observe trop souvent autour de nous. Apr\u00e8s chaque situation, une explication est fournie sur la gravit\u00e9 de l\u2019acte et sur ses cons\u00e9quences pour l\u2019enfant ou l\u2019adolescent. Chaque explication est elle-m\u00eame suivie d\u2019un hadith du Proph\u00e8te (paix et b\u00e9n\u00e9dictions de Dieu sur lui) conforme \u00e0 la situation. Cette mani\u00e8re de proc\u00e9der a l\u2019avantage de fournir aux jeunes quelques outils religieux (hadiths) indispensables pour mener \u00e0 bien une vie \u00e9quilibr\u00e9e et convenable avec les autres.;Nous avons particuli\u00e8rement mis l\u2019accent sur la clart\u00e9 des illustrations et des dialogues, r\u00e9dig\u00e9s dans une langue parl\u00e9e par ces jeunes et compr\u00e9hensible pour eux, afin que l\u2019objectif \u00e9ducatif de chaque r\u00e9cit soit bien atteint. Nous esp\u00e9rons que cet ouvrage satisfera toutes les attentes des enfants et parents.<\/p>\n","protected":false},"featured_media":5087,"comment_status":"open","ping_status":"closed","template":"","meta":[],"product_brand":[],"product_cat":[15],"product_tag":[],"class_list":{"0":"post-242","1":"product","2":"type-product","3":"status-publish","4":"has-post-thumbnail","6":"product_cat-non-classe","7":"pa_auteur-k-c-djait","8":"pa_code-produit-ref-14358","9":"pa_editeur-pixelgraf-famille-musulmane","10":"pa_format-20-x-145-cm","11":"pa_langue-francais","12":"pa_nombre-de-pages-1074","14":"first","15":"outofstock","16":"shipping-taxable","17":"purchasable","18":"product-type-simple"},"_links":{"self":[{"href":"https:\/\/lamaktaba.fr\/index.php\/wp-json\/wp\/v2\/product\/242","targetHints":{"allow":["GET"]}}],"collection":[{"href":"https:\/\/lamaktaba.fr\/index.php\/wp-json\/wp\/v2\/product"}],"about":[{"href":"https:\/\/lamaktaba.fr\/index.php\/wp-json\/wp\/v2\/types\/product"}],"replies":[{"embeddable":true,"href":"https:\/\/lamaktaba.fr\/index.php\/wp-json\/wp\/v2\/comments?post=242"}],"wp:featuredmedia":[{"embeddable":true,"href":"https:\/\/lamaktaba.fr\/index.php\/wp-json\/wp\/v2\/media\/5087"}],"wp:attachment":[{"href":"https:\/\/lamaktaba.fr\/index.php\/wp-json\/wp\/v2\/media?parent=242"}],"wp:term":[{"taxonomy":"product_brand","embeddable":true,"href":"https:\/\/lamaktaba.fr\/index.php\/wp-json\/wp\/v2\/product_brand?post=242"},{"taxonomy":"product_cat","embeddable":true,"href":"https:\/\/lamaktaba.fr\/index.php\/wp-json\/wp\/v2\/product_cat?post=242"},{"taxonomy":"product_tag","embeddable":true,"href":"https:\/\/lamaktaba.fr\/index.php\/wp-json\/wp\/v2\/product_tag?post=242"}],"curies":[{"name":"wp","href":"https:\/\/api.w.org\/{rel}","templated":true}]}}