{"id":237,"date":"2020-02-03T10:00:00","date_gmt":"2020-02-03T09:00:00","guid":{"rendered":"https:\/\/lamaktaba.fr\/index.php\/produit\/fiqh-as-sunna-cheikh-sayyid-sabiq-en-3-tomes-sayyid-sabiq\/"},"modified":"2025-04-01T12:44:46","modified_gmt":"2025-04-01T10:44:46","slug":"fiqh-as-sunna-cheikh-sayyid-sabiq-en-3-tomes-sayyid-sabiq","status":"publish","type":"product","link":"https:\/\/lamaktaba.fr\/index.php\/produit\/fiqh-as-sunna-cheikh-sayyid-sabiq-en-3-tomes-sayyid-sabiq","title":{"rendered":"Fiqh As-Sunna (Cheikh Sayyid Sabiq) &#8211; En 3 tomes &#8211; Sayyid S\u00e2biq"},"content":{"rendered":"<p>Fiqh Assounna de Sayid Sabiq &#8211; L&rsquo;intelligence de la norme proph\u00e9tique<br \/>3 tomes<br \/>Livre reconnu dans le monde musulman pour sa qualit\u00e9&#8230;. Louange \u00e0 Dieu, seigneur des univers, et que la pri\u00e8re et le salue soient sur notre ma\u00eetre Mohammed, le ma\u00eetre des premiers et des derniers, ainsi que sur sa famille, ses compagnons et ceux qui suivent sa guidance jusqu&rsquo;au jour de la r\u00e9surrection.<br \/>Cela dit, ces livres en trois tomes, traitent des questions de jurisprudence islamique assorties de leurs arguments tir\u00e9s de l&rsquo;\u00e9vidence du Coran et de l&rsquo;authentique de la Sunna, ainsi que du consensus de la Communaut\u00e9. Ces questions sont expos\u00e9es avec simplicit\u00e9 et regroupent tout ce dont le musulman a besoin. On a \u00e9vit\u00e9 de citer les divergences, entre les docteurs de la Loi, sauf si leur mention s&rsquo;av\u00e9rait n\u00e9cessaire, auquel cas nous en avons fait \u00e9tat.<br \/>Ces livres donnent une image r\u00e9aliste de la jurisprudence islamique avec laquelle Dieu \u00e0 envoy\u00e9 son Messager et ouvre aux hommes les portes de la compr\u00e9hension de ce qui \u00e9mane de Dieu et de son M\u00e9ssager, en les rassemblant autour du Coran et de la Sunna, mettant fin aux divergences, \u00e0 l&rsquo;attachement sectaire aux \u00e9coles juridiques et \u00e0 l&rsquo;assertion qui veut que les portes de l&rsquo;ijtih\u00e2d (Efforts d&rsquo;interpr\u00e9tation) soient ferm\u00e9es. Par ces travaux, nous avons voulu oeuvrer au service de notre religion et de nos fr\u00e8res. Nous demandons \u00e0 Dieu de faire profiter les gens de cette oeuvre et de faire en sorte que notre travail soit d\u00e9vou\u00e9 \u00e0 sa noble face. Il nous suffit comme soutient et Il est le meilleur des mandataires.<br \/>Pr\u00e9face de la derni\u00e8re \u00e9dition<br \/>Cet ouvrage traite des questions de jurisprudence islamique assorties de leurs arguments tir\u00e9s de l\u2019\u00e9vidence du Coran et de l\u2019authentique de la Sunna, ainsi que du consensus de la Communaut\u00e9. Ces questions sont expos\u00e9es avec simplicit\u00e9 et regroupent tout ce dont le musulman a besoin. On a \u00e9vit\u00e9 de citer les divergences entre les docteurs de la Loi, sauf si leur mention s\u2019av\u00e9rait n\u00e9cessaire, auquel cas nous en avons fait \u00e9tat. Ce livre donne une image r\u00e9aliste de la jurisprudence islamique avec laquelle Dieu a envoy\u00e9 Son messager et ouvre aux hommes les portes de la compr\u00e9hension de ce qui \u00e9mane de Dieu et de Son messager, en les rassemblant autour du Coran et de la Sunna, mettant fin aux divergences, \u00e0 l\u2019attachement sectaire aux \u00e9coles juridiques et \u00e0 l\u2019assertion qui veut que les portes de l\u2019ijtih\u00e2d (effort d\u2019interpr\u00e9tation) soient ferm\u00e9es.<\/p>\n","protected":false},"excerpt":{"rendered":"<p>Fiqh Assounna de Sayid Sabiq &#8211; L&rsquo;intelligence de la norme proph\u00e9tique3 tomesLivre reconnu dans le monde musulman pour sa qualit\u00e9&#8230;. Louange \u00e0 Dieu, seigneur des univers, et que la pri\u00e8re et le salue soient sur notre ma\u00eetre Mohammed, le ma\u00eetre des premiers et des derniers, ainsi que sur sa famille, ses compagnons et ceux qui [&hellip;]<\/p>\n","protected":false},"featured_media":5076,"comment_status":"open","ping_status":"closed","template":"","meta":[],"product_brand":[],"product_cat":[15],"product_tag":[],"class_list":{"0":"post-237","1":"product","2":"type-product","3":"status-publish","4":"has-post-thumbnail","6":"product_cat-non-classe","7":"pa_editeur-pixelgraf-famille-musulmane","9":"first","10":"outofstock","11":"shipping-taxable","12":"purchasable","13":"product-type-simple"},"_links":{"self":[{"href":"https:\/\/lamaktaba.fr\/index.php\/wp-json\/wp\/v2\/product\/237","targetHints":{"allow":["GET"]}}],"collection":[{"href":"https:\/\/lamaktaba.fr\/index.php\/wp-json\/wp\/v2\/product"}],"about":[{"href":"https:\/\/lamaktaba.fr\/index.php\/wp-json\/wp\/v2\/types\/product"}],"replies":[{"embeddable":true,"href":"https:\/\/lamaktaba.fr\/index.php\/wp-json\/wp\/v2\/comments?post=237"}],"wp:featuredmedia":[{"embeddable":true,"href":"https:\/\/lamaktaba.fr\/index.php\/wp-json\/wp\/v2\/media\/5076"}],"wp:attachment":[{"href":"https:\/\/lamaktaba.fr\/index.php\/wp-json\/wp\/v2\/media?parent=237"}],"wp:term":[{"taxonomy":"product_brand","embeddable":true,"href":"https:\/\/lamaktaba.fr\/index.php\/wp-json\/wp\/v2\/product_brand?post=237"},{"taxonomy":"product_cat","embeddable":true,"href":"https:\/\/lamaktaba.fr\/index.php\/wp-json\/wp\/v2\/product_cat?post=237"},{"taxonomy":"product_tag","embeddable":true,"href":"https:\/\/lamaktaba.fr\/index.php\/wp-json\/wp\/v2\/product_tag?post=237"}],"curies":[{"name":"wp","href":"https:\/\/api.w.org\/{rel}","templated":true}]}}