{"id":234,"date":"2020-02-03T10:00:00","date_gmt":"2020-02-03T09:00:00","guid":{"rendered":"https:\/\/lamaktaba.fr\/index.php\/produit\/les-99-beaux-noms-dallah-arabe-francais-phonetique\/"},"modified":"2025-04-01T12:43:54","modified_gmt":"2025-04-01T10:43:54","slug":"les-99-beaux-noms-dallah-arabe-francais-phonetique","status":"publish","type":"product","link":"https:\/\/lamaktaba.fr\/index.php\/produit\/les-99-beaux-noms-dallah-arabe-francais-phonetique","title":{"rendered":"Les 99 Beaux Noms d&rsquo;Allah"},"content":{"rendered":"<p>Titre: Les 99 Beaux Noms d&rsquo;Allah;Auteur: Orientica;Edition: Orientica;Support: Livre;Theme: Piliers de la Foi;Description: Dans le Coran Dieu dit \u00e0 son propre sujet: \u00a0\u00bb Et \u00e0 Dieu appartiennent les plus beaux Noms. Invoquez-le donc par ces (Noms)\u00a0\u00bb \u00a0\u00bb Il est Dieu, Celui \u00e0 part qui il n&rsquo;y a de dieu. Connaisseur de l&rsquo;invisible et du visible. Il est le tr\u00e8s Cl\u00e9ment, le Misericordieux. Il est Dieu, Celui \u00e0 pary qui il n&rsquo;y a de deu. Le Souverain, le Pur, l&rsquo;Apaisant, le Rasurant, le Pr\u00e9dominant, le Puissant, le Contraignant, l&rsquo;Orgeuilleux, Puret\u00e9 \u00e0 Dieu par rapport \u00e0 ce qu&rsquo;ils lui associent ! Il est Dieu, le Cr\u00e9ateur, Celui qui donne un commencement, Celui qui donne forme. A lui appartiennent les plus Beaux Noms. Ce qui est dans les Cieux et (sur) la Terre proclament Sa Puret\u00e9. Et Il est le Puissant, le Sage \u00a0\u00bb \u00ab\u00a0Dis: Invoquez Dieu ou invoquez le Mis\u00e9ricordieux, queque soit celui (de ses Noms) que vous prononcez, Il a les Noms les plus beaux\u00a0\u00bb Dans un hadith, le Proph\u00e8te PBSL a dit: \u00a0\u00bb Dieu a quatre-vingt-dix-neuf noms &#8211; cent moins un &#8211; celui qui en fera le ihs\u00e2&rsquo; entrera au paradis pzut signifier les rassembler, ou les m\u00e9moriser, ou invoquez Dieu par le biais de ces Noms, ou agir celon ce que ces Noms impliquent<\/p>\n","protected":false},"excerpt":{"rendered":"<p>Titre: Les 99 Beaux Noms d&rsquo;Allah;Auteur: Orientica;Edition: Orientica;Support: Livre;Theme: Piliers de la Foi;Description: Dans le Coran Dieu dit \u00e0 son propre sujet: \u00a0\u00bb Et \u00e0 Dieu appartiennent les plus beaux Noms. Invoquez-le donc par ces (Noms)\u00a0\u00bb \u00a0\u00bb Il est Dieu, Celui \u00e0 part qui il n&rsquo;y a de dieu. Connaisseur de l&rsquo;invisible et du visible. Il est le tr\u00e8s Cl\u00e9ment, le Misericordieux. Il est Dieu, Celui \u00e0 pary qui il n&rsquo;y a de deu. Le Souverain, le Pur, l&rsquo;Apaisant, le Rasurant, le Pr\u00e9dominant, le Puissant, le Contraignant, l&rsquo;Orgeuilleux, Puret\u00e9 \u00e0 Dieu par rapport \u00e0 ce qu&rsquo;ils lui associent ! Il est Dieu, le Cr\u00e9ateur, Celui qui donne un commencement, Celui qui donne forme. A lui appartiennent les plus Beaux Noms. Ce qui est dans les Cieux et (sur) la Terre proclament Sa Puret\u00e9. Et Il est le Puissant, le Sage \u00a0\u00bb \u00ab\u00a0Dis: Invoquez Dieu ou invoquez le Mis\u00e9ricordieux, queque soit celui (de ses Noms) que vous prononcez, Il a les Noms les plus beaux\u00a0\u00bb Dans un hadith, le Proph\u00e8te PBSL a dit: \u00a0\u00bb Dieu a quatre-vingt-dix-neuf noms &#8211; cent moins un &#8211; celui qui en fera le ihs\u00e2&rsquo; entrera au paradis pzut signifier les rassembler, ou les m\u00e9moriser, ou invoquez Dieu par le biais de ces Noms, ou agir celon ce que ces Noms impliquent<\/p>\n","protected":false},"featured_media":37547,"comment_status":"open","ping_status":"closed","template":"","meta":[],"product_brand":[],"product_cat":[15],"product_tag":[],"class_list":{"0":"post-234","1":"product","2":"type-product","3":"status-publish","4":"has-post-thumbnail","6":"product_cat-non-classe","7":"pa_editeur-orientica-editions","9":"first","10":"outofstock","11":"shipping-taxable","12":"purchasable","13":"product-type-simple"},"_links":{"self":[{"href":"https:\/\/lamaktaba.fr\/index.php\/wp-json\/wp\/v2\/product\/234","targetHints":{"allow":["GET"]}}],"collection":[{"href":"https:\/\/lamaktaba.fr\/index.php\/wp-json\/wp\/v2\/product"}],"about":[{"href":"https:\/\/lamaktaba.fr\/index.php\/wp-json\/wp\/v2\/types\/product"}],"replies":[{"embeddable":true,"href":"https:\/\/lamaktaba.fr\/index.php\/wp-json\/wp\/v2\/comments?post=234"}],"wp:featuredmedia":[{"embeddable":true,"href":"https:\/\/lamaktaba.fr\/index.php\/wp-json\/wp\/v2\/media\/37547"}],"wp:attachment":[{"href":"https:\/\/lamaktaba.fr\/index.php\/wp-json\/wp\/v2\/media?parent=234"}],"wp:term":[{"taxonomy":"product_brand","embeddable":true,"href":"https:\/\/lamaktaba.fr\/index.php\/wp-json\/wp\/v2\/product_brand?post=234"},{"taxonomy":"product_cat","embeddable":true,"href":"https:\/\/lamaktaba.fr\/index.php\/wp-json\/wp\/v2\/product_cat?post=234"},{"taxonomy":"product_tag","embeddable":true,"href":"https:\/\/lamaktaba.fr\/index.php\/wp-json\/wp\/v2\/product_tag?post=234"}],"curies":[{"name":"wp","href":"https:\/\/api.w.org\/{rel}","templated":true}]}}