{"id":233,"date":"2020-02-03T10:00:00","date_gmt":"2020-02-03T09:00:00","guid":{"rendered":"https:\/\/lamaktaba.fr\/index.php\/produit\/les-99-noms-dallah-pour-aller-au-paradis-amine-rahali\/"},"modified":"2025-04-01T12:43:29","modified_gmt":"2025-04-01T10:43:29","slug":"les-99-noms-dallah-pour-aller-au-paradis-amine-rahali","status":"publish","type":"product","link":"https:\/\/lamaktaba.fr\/index.php\/produit\/les-99-noms-dallah-pour-aller-au-paradis-amine-rahali","title":{"rendered":"Les 99 Noms d\u2019Allah pour aller au Paradis"},"content":{"rendered":"<p>LES 99 NOMS D\u2019ALLAH pour aller au PARADIS, Par Amine RAHALI;Les 99 noms d\u2019Allah EXPLIQU\u00c9S AUX ENFANTS !;Qu\u2019est-ce que c\u2019est?;C\u2019est une M\u00e9thode unique pour apprendre, comprendre et appliquer 99 noms d\u2019Allah dans sa vie !;Vous \u00eates des milliers de lecteurs \u00e0 m\u2019avoir fait confiance, merci du fond du c\u0153ur \u00e0 notre lectorat qui nous suit depuis le premier tome de cette collection \u00abVers le PARADIS\u00bb aux \u00e9ditions SANA Kids. Voici la suite;POUR LES PARENTS;Si votre premier espoir est que votre enfant d\u00e9couvre qui est Allah, qu\u2019il d\u00e9veloppe un grand amour pour son Seigneur et qu\u2019il fasse appel \u00e0 Lui dans sa vie pour se comporter en BON MUSULMAN, \u00e0 l\u2019\u00e9cole, quand il est contrari\u00e9, quand il est en conflit avec un ami ou ses fr\u00e8res et s\u0153urs, quand il a des doutes, quand il est insatisfait\u2026;Ou encore si vous ne savez pas comment aborder avec lui des questions existentielles, telles que, quel est notre r\u00f4le sur terre? La raison de notre existence? Qui est le v\u00e9ritable cr\u00e9ateur? Comment expliquer la mort, la vie, la r\u00e9surrection? Le bon comportement et les moralit\u00e9s \u00e0 adopter pour gagner le Paradis et \u00e9viter l\u2019enfer?;Alors, cet ouvrage est une excellente m\u00e9thode ludique pour r\u00e9pondre \u00e0 tous ses besoins fondamentaux, de surcroit, dans cette \u00e9tape cruciale de sa vie.;POUR L\u2019ENFANT;\u00ab \u00e7 a a vraiment chang\u00e9 ma vie ! Et toi? Veux-tu embarquer dans une nouvelle aventure \u00e0 travers laquelle tu apprendras \u00e0 mieux connaitre et \u00e0 aimer notre Seigneur Allah?;Ouvre ce livre et APPRENDS LES 99 NOMS MAGNIFIQUES d\u2019allah ! \u00bb;\u2022 Il va susciter en toi des \u00e9motions et un lien fort avec Allah en L\u2019invoquant \u00e0 travers des histoires qui te toucheront certainement dans lesquelles tu te reconna\u00eetras. Bon Apprentissage !;Ce livre contient;\u2022 99 CARTES (des noms d\u2019Allah d\u00e9tachables \u00e0 collectionner).;\u2022 99 noms d\u2019Allah expliqu\u00e9s aux jeunes (d\u00e9finition, illustration).;\u2022 99 Invocations (\u00e0 r\u00e9citer suivant la situation rencontr\u00e9e);\u2022 Bande dessin\u00e9e, des jeux (pour mieux appr\u00e9hender les noms d\u2019Allah);\u2022 La chanson des noms d\u2019Allah;\u2022 1 Couronne   1 Paquet de cartes   9 stickers Gems (la r\u00e9compense de la connaissance des noms divins \u00e0 l\u2019issue de chaque stage !);Pourquoi?;Cet ouvrage met en exergue le pouvoir exceptionnel des invocations;Les beaux noms d\u2019Allah si parfaits nous serviront tout au long de notre vie en les apprenant, les comprenant, les appliquant avec notre c\u0153ur et nos membres suivant les situations que nous rencontrerons.;\u2022 Allah dit;\u00ab C\u2019est \u00e0 Allah qu\u2019appartiennent les plus beaux noms. Invoquez-Le par Ses noms\u2026 \u00bb;{ \u0648\u064e\u0644\u0650\u0644\u064e\u0651\u0647\u0650 \u0627\u0644\u0652\u0623\u064e\u0633\u0652\u0645\u064e\u0627\u0621\u064f \u0627\u0644\u0652\u062d\u064f\u0633\u0652\u0646\u064e\u0649 \u0641\u064e\u0627\u062f\u0652\u0639\u064f\u0648\u0647\u064f \u0628\u0650\u0647\u064e\u0627 };\u2022 Le proph\u00e8te paix et b\u00e9n\u00e9diction sur lui a dit;\u201c \u0639\u0646 \u0623\u0628\u064a \u0647\u0631\u064a\u0631\u0629 \u0631\u0636\u064a \u0627\u0644\u0644\u0647 \u0639\u0646\u0647: \u0623\u0646 \u0631\u0633\u0648\u0644 \u0627\u0644\u0644\u0647 \u0635\u0644\u0649 \u0627\u0644\u0644\u0647 \u0639\u0644\u064a\u0647 \u0648\u0633\u0644\u0645 \u0642\u0627\u0644: \u0625\u0646 \u0644\u0644\u0647 \u062a\u0633\u0639\u0629 \u0648\u062a\u0633\u0639\u064a\u0646 \u0627\u0633\u0645\u0627 \u0645\u0627\u0626\u0629 \u0625\u0644\u0627 \u0648\u0627\u062d\u062f\u0627 \u0645\u0646 \u0623\u062d\u0635\u0627\u0647\u0627 \u062f\u062e\u0644 \u0627\u0644\u062c\u0646\u0629 \u201d;\u201c Dieu a 99 Noms: 100 moins 1, celui qui en fera le ihs\u00e2\u2019 entrera au Paradis\u201d;(rapport\u00e9 par al-Bukh\u00e2r\u00ee &#038; Mouslim).;Quelles sont les vertus des noms d\u2019Allah?;B\u00e9n\u00e9ficier de l\u2019amour d\u2019Allah;Avoir le privil\u00e8ge de bien conna\u00eetre son Seigneur, (l\u2019homme ne peut donc L\u2019adorer sans le conna\u00eetre.);Mieux L\u2019invoquer et L\u2019adorer.;Conna\u00eetre leur sens et s\u2019y attacher, pour les utiliser au quotidien;M\u00e9diter sur la cr\u00e9ation pour se rapprocher du Cr\u00e9ateur;Se comporter avec les cr\u00e9atures d\u2019Allah comme l\u2019on voudrait qu\u2019Il se comporte avec nous;(arrahimoun yarhamouhoum arrahman, Allah est g\u00e9n\u00e9reux aime les g\u00e9n\u00e9reux, Allah est mis\u00e9ricordieux et aime les mis\u00e9ricordieux, Allah est beau aime la beaut\u00e9\u2026);Comment?;La m\u00e9thode;Le lecteur aura le r\u00f4le du h\u00e9ros principal, il apprendra comment faire face aux d\u00e9fis qu\u2019il rencontrera avec la force des invocations;9 stages avec 11 noms d\u2019Allah \u00e0 \u00e9tudier dans chaque stage (9&#215;11=99 noms);\u00e0 l\u2019issue des 9 stages, le lecteur aura une r\u00e9compense, 9 gems \u00e0 remporter s\u2019il utilise bien les cartes des noms divins pour d\u00e9jouer les d\u00e9fis qu\u2019il devra r\u00e9soudre. La connaissance de ces 99 noms Divins dans leurs globalit\u00e9, lui donnera une force incroyable afin de venir \u00e0 bout de weswes et khannas ses pires ennemis et enfin atteindre son but final et lib\u00e9rer ses parents pris en otage.;Il s\u2019agit alors d\u2019invoquer Dieu en mentionnant celui, parmi Ses 99 Noms divins, qui correspond \u00e0 la situation dans laquelle on se trouve;Cette m\u00e9thode donne une valeur particuli\u00e8re au lecteur tout au long de cette aventure palpitante, m\u00ealant PNL, d\u00e9veloppement personnel, carte heuristique et autres conseils p\u00e9dagogiques et spirituels du vieux sage cheikh Othmane.;La m\u00e9thode a \u00e9t\u00e9 pens\u00e9e pour tenir le lecteur en haleine afin de faciliter l\u2019apprentissage de la totalit\u00e9 des 99 noms Divins, gr\u00e2ce aux diff\u00e9rents bonus qu\u2019il devra r\u00e9colter tout au long du livre.;Sommaire;Introduction 4;Stage 1. de Ar-Rahmane Al-Moutakabbir 19;Stage 2. de AL-Khaliq Al-Bassit 25;Stage 3. de Al-Khafidh Al-Halim 31;Stage 4. de Al-\u00ebAdhim Ar-Raqib 37;Stage 5. de Al-Moujib Al-Matine 43;Stage 6. de Al-waliy Al-M\u201ajid 49;Stage 7. de Al-Wahid Al-W\u201ali 55;Stage 8. de Al-Mouta\u00edali Al-Ghaniy 63;Stage 9. de AL-Moughni As-Sabour 67;Bonus;PAUSE JEUX (pour mieux appr\u00c8hender les noms d\u00edAllah) 78;CHANTONS ensemble LES NOMS D\u00edALLAH 79;Toutes les cartes des 99 noms d\u00edAllah 81;Cet ouvrage a \u00e9t\u00e9 relu, corrig\u00e9 et valid\u00e9 par des comp\u00e9tences religieuses reconnues;AVEC LA RELECTURE ET L\u2019AIMABLE PARTICIPATION DE;Cheikh Ahmed Miktar;Cheikh Isma\u00efl Mounir;Cheikh Othmane Iquioussen;Cheikh Omar Dourmane;Cheikh Anas Lala;Fatima Zeghari Metalbi;Myriam Lakhdar Bounemcha &#038; Lina;Mariam Lamrani;La chorale Paradise\u2019s Voice;  d\u2019autres intervenants de qualit\u00e9\u2026;R\u00e9f\u00e9rence 9782356335395;Fiche technique AUTEUR: &#8211; Amine RAHALI LANGUE: -.Fran\u00e7ais ANNEE: &#8211; 2018 SUPPORT: &#8211; Livre THEME: &#8211; Livre \/ BD \/ jeu p\u00e9dagogique et m\u00e9thode d\u2019apprentissage de la FOI musulmane, Noms d&rsquo;Allah, Enfants \u00c9DITIONS: &#8211; SANA Condition: &#8211; Neuf Nombre de Pages: &#8211; 96 FORMAT (CM): A4 (21X29) RELIURE: &#8211; Couverture mousse vernis s\u00e9lectif titre effet paillettes-sugar.;R\u00e9f\u00e9rences sp\u00e9cifiques;Donnez votre avis;Aucun commentaire pour le moment<\/p>\n","protected":false},"excerpt":{"rendered":"<p>LES 99 NOMS D\u2019ALLAH pour aller au PARADIS, Par Amine RAHALI;Les 99 noms d\u2019Allah EXPLIQU\u00c9S AUX ENFANTS !;Qu\u2019est-ce que c\u2019est?;C\u2019est une M\u00e9thode unique pour apprendre, comprendre et appliquer 99 noms d\u2019Allah dans sa vie !;Vous \u00eates des milliers de lecteurs \u00e0 m\u2019avoir fait confiance, merci du fond du c\u0153ur \u00e0 notre lectorat qui nous suit depuis le premier tome de cette collection \u00abVers le PARADIS\u00bb aux \u00e9ditions SANA Kids. Voici la suite;POUR LES PARENTS;Si votre premier espoir est que votre enfant d\u00e9couvre qui est Allah, qu\u2019il d\u00e9veloppe un grand amour pour son Seigneur et qu\u2019il fasse appel \u00e0 Lui dans sa vie pour se comporter en BON MUSULMAN, \u00e0 l\u2019\u00e9cole, quand il est contrari\u00e9, quand il est en conflit avec un ami ou ses fr\u00e8res et s\u0153urs, quand il a des doutes, quand il est insatisfait\u2026;Ou encore si vous ne savez pas comment aborder avec lui des questions existentielles, telles que, quel est notre r\u00f4le sur terre? La raison de notre existence? Qui est le v\u00e9ritable cr\u00e9ateur? Comment expliquer la mort, la vie, la r\u00e9surrection? Le bon comportement et les moralit\u00e9s \u00e0 adopter pour gagner le Paradis et \u00e9viter l\u2019enfer?;Alors, cet ouvrage est une excellente m\u00e9thode ludique pour r\u00e9pondre \u00e0 tous ses besoins fondamentaux, de surcroit, dans cette \u00e9tape cruciale de sa vie.;POUR L\u2019ENFANT;\u00ab \u00e7 a a vraiment chang\u00e9 ma vie ! Et toi? Veux-tu embarquer dans une nouvelle aventure \u00e0 travers laquelle tu apprendras \u00e0 mieux connaitre et \u00e0 aimer notre Seigneur Allah?;Ouvre ce livre et APPRENDS LES 99 NOMS MAGNIFIQUES d\u2019allah ! \u00bb;\u2022 Il va susciter en toi des \u00e9motions et un lien fort avec Allah en L\u2019invoquant \u00e0 travers des histoires qui te toucheront certainement dans lesquelles tu te reconna\u00eetras. Bon Apprentissage !;Ce livre contient;\u2022 99 CARTES (des noms d\u2019Allah d\u00e9tachables \u00e0 collectionner).;\u2022 99 noms d\u2019Allah expliqu\u00e9s aux jeunes (d\u00e9finition, illustration).;\u2022 99 Invocations (\u00e0 r\u00e9citer suivant la situation rencontr\u00e9e);\u2022 Bande dessin\u00e9e, des jeux (pour mieux appr\u00e9hender les noms d\u2019Allah);\u2022 La chanson des noms d\u2019Allah;\u2022 1 Couronne   1 Paquet de cartes   9 stickers Gems (la r\u00e9compense de la connaissance des noms divins \u00e0 l\u2019issue de chaque stage !);Pourquoi?;Cet ouvrage met en exergue le pouvoir exceptionnel des invocations;Les beaux noms d\u2019Allah si parfaits nous serviront tout au long de notre vie en les apprenant, les comprenant, les appliquant avec notre c\u0153ur et nos membres suivant les situations que nous rencontrerons.;\u2022 Allah dit;\u00ab C\u2019est \u00e0 Allah qu\u2019appartiennent les plus beaux noms. Invoquez-Le par Ses noms\u2026 \u00bb;{ \u0648\u064e\u0644\u0650\u0644\u064e\u0651\u0647\u0650 \u0627\u0644\u0652\u0623\u064e\u0633\u0652\u0645\u064e\u0627\u0621\u064f \u0627\u0644\u0652\u062d\u064f\u0633\u0652\u0646\u064e\u0649 \u0641\u064e\u0627\u062f\u0652\u0639\u064f\u0648\u0647\u064f \u0628\u0650\u0647\u064e\u0627 };\u2022 Le proph\u00e8te paix et b\u00e9n\u00e9diction sur lui a dit;\u201c \u0639\u0646 \u0623\u0628\u064a \u0647\u0631\u064a\u0631\u0629 \u0631\u0636\u064a \u0627\u0644\u0644\u0647 \u0639\u0646\u0647: \u0623\u0646 \u0631\u0633\u0648\u0644 \u0627\u0644\u0644\u0647 \u0635\u0644\u0649 \u0627\u0644\u0644\u0647 \u0639\u0644\u064a\u0647 \u0648\u0633\u0644\u0645 \u0642\u0627\u0644: \u0625\u0646 \u0644\u0644\u0647 \u062a\u0633\u0639\u0629 \u0648\u062a\u0633\u0639\u064a\u0646 \u0627\u0633\u0645\u0627 \u0645\u0627\u0626\u0629 \u0625\u0644\u0627 \u0648\u0627\u062d\u062f\u0627 \u0645\u0646 \u0623\u062d\u0635\u0627\u0647\u0627 \u062f\u062e\u0644 \u0627\u0644\u062c\u0646\u0629 \u201d;\u201c Dieu a 99 Noms: 100 moins 1, celui qui en fera le ihs\u00e2\u2019 entrera au Paradis\u201d;(rapport\u00e9 par al-Bukh\u00e2r\u00ee &#038; Mouslim).;Quelles sont les vertus des noms d\u2019Allah?;B\u00e9n\u00e9ficier de l\u2019amour d\u2019Allah;Avoir le privil\u00e8ge de bien conna\u00eetre son Seigneur, (l\u2019homme ne peut donc L\u2019adorer sans le conna\u00eetre.);Mieux L\u2019invoquer et L\u2019adorer.;Conna\u00eetre leur sens et s\u2019y attacher, pour les utiliser au quotidien;M\u00e9diter sur la cr\u00e9ation pour se rapprocher du Cr\u00e9ateur;Se comporter avec les cr\u00e9atures d\u2019Allah comme l\u2019on voudrait qu\u2019Il se comporte avec nous;(arrahimoun yarhamouhoum arrahman, Allah est g\u00e9n\u00e9reux aime les g\u00e9n\u00e9reux, Allah est mis\u00e9ricordieux et aime les mis\u00e9ricordieux, Allah est beau aime la beaut\u00e9\u2026);Comment?;La m\u00e9thode;Le lecteur aura le r\u00f4le du h\u00e9ros principal, il apprendra comment faire face aux d\u00e9fis qu\u2019il rencontrera avec la force des invocations;9 stages avec 11 noms d\u2019Allah \u00e0 \u00e9tudier dans chaque stage (9&#215;11=99 noms);\u00e0 l\u2019issue des 9 stages, le lecteur aura une r\u00e9compense, 9 gems \u00e0 remporter s\u2019il utilise bien les cartes des noms divins pour d\u00e9jouer les d\u00e9fis qu\u2019il devra r\u00e9soudre. La connaissance de ces 99 noms Divins dans leurs globalit\u00e9, lui donnera une force incroyable afin de venir \u00e0 bout de weswes et khannas ses pires ennemis et enfin atteindre son but final et lib\u00e9rer ses parents pris en otage.;Il s\u2019agit alors d\u2019invoquer Dieu en mentionnant celui, parmi Ses 99 Noms divins, qui correspond \u00e0 la situation dans laquelle on se trouve;Cette m\u00e9thode donne une valeur particuli\u00e8re au lecteur tout au long de cette aventure palpitante, m\u00ealant PNL, d\u00e9veloppement personnel, carte heuristique et autres conseils p\u00e9dagogiques et spirituels du vieux sage cheikh Othmane.;La m\u00e9thode a \u00e9t\u00e9 pens\u00e9e pour tenir le lecteur en haleine afin de faciliter l\u2019apprentissage de la totalit\u00e9 des 99 noms Divins, gr\u00e2ce aux diff\u00e9rents bonus qu\u2019il devra r\u00e9colter tout au long du livre.;Sommaire;Introduction 4;Stage 1. de Ar-Rahmane Al-Moutakabbir 19;Stage 2. de AL-Khaliq Al-Bassit 25;Stage 3. de Al-Khafidh Al-Halim 31;Stage 4. de Al-\u00ebAdhim Ar-Raqib 37;Stage 5. de Al-Moujib Al-Matine 43;Stage 6. de Al-waliy Al-M\u201ajid 49;Stage 7. de Al-Wahid Al-W\u201ali 55;Stage 8. de Al-Mouta\u00edali Al-Ghaniy 63;Stage 9. de AL-Moughni As-Sabour 67;Bonus;PAUSE JEUX (pour mieux appr\u00c8hender les noms d\u00edAllah) 78;CHANTONS ensemble LES NOMS D\u00edALLAH 79;Toutes les cartes des 99 noms d\u00edAllah 81;Cet ouvrage a \u00e9t\u00e9 relu, corrig\u00e9 et valid\u00e9 par des comp\u00e9tences religieuses reconnues;AVEC LA RELECTURE ET L\u2019AIMABLE PARTICIPATION DE;Cheikh Ahmed Miktar;Cheikh Isma\u00efl Mounir;Cheikh Othmane Iquioussen;Cheikh Omar Dourmane;Cheikh Anas Lala;Fatima Zeghari Metalbi;Myriam Lakhdar Bounemcha &#038; Lina;Mariam Lamrani;La chorale Paradise\u2019s Voice;  d\u2019autres intervenants de qualit\u00e9\u2026;R\u00e9f\u00e9rence 9782356335395;Fiche technique AUTEUR: &#8211; Amine RAHALI LANGUE: -.Fran\u00e7ais ANNEE: &#8211; 2018 SUPPORT: &#8211; Livre THEME: &#8211; Livre \/ BD \/ jeu p\u00e9dagogique et m\u00e9thode d\u2019apprentissage de la FOI musulmane, Noms d&rsquo;Allah, Enfants \u00c9DITIONS: &#8211; SANA Condition: &#8211; Neuf Nombre de Pages: &#8211; 96 FORMAT (CM): A4 (21X29) RELIURE: &#8211; Couverture mousse vernis s\u00e9lectif titre effet paillettes-sugar.;R\u00e9f\u00e9rences sp\u00e9cifiques;Donnez votre avis;Aucun commentaire pour le moment<\/p>\n","protected":false},"featured_media":37406,"comment_status":"open","ping_status":"closed","template":"","meta":[],"product_brand":[],"product_cat":[15],"product_tag":[],"class_list":{"0":"post-233","1":"product","2":"type-product","3":"status-publish","4":"has-post-thumbnail","6":"product_cat-non-classe","7":"pa_annee-487","8":"pa_auteur-amine-rahali","9":"pa_editeur-pixelgraf-famille-musulmane","10":"pa_format-a4-21x29","11":"pa_langue-francais","12":"pa_nombre-de-pages-445","13":"pa_reliure-couverture-mousse-vernis-selectif-titre-effet-paillettes-sugar","15":"first","16":"instock","17":"shipping-taxable","18":"purchasable","19":"product-type-simple"},"_links":{"self":[{"href":"https:\/\/lamaktaba.fr\/index.php\/wp-json\/wp\/v2\/product\/233","targetHints":{"allow":["GET"]}}],"collection":[{"href":"https:\/\/lamaktaba.fr\/index.php\/wp-json\/wp\/v2\/product"}],"about":[{"href":"https:\/\/lamaktaba.fr\/index.php\/wp-json\/wp\/v2\/types\/product"}],"replies":[{"embeddable":true,"href":"https:\/\/lamaktaba.fr\/index.php\/wp-json\/wp\/v2\/comments?post=233"}],"wp:featuredmedia":[{"embeddable":true,"href":"https:\/\/lamaktaba.fr\/index.php\/wp-json\/wp\/v2\/media\/37406"}],"wp:attachment":[{"href":"https:\/\/lamaktaba.fr\/index.php\/wp-json\/wp\/v2\/media?parent=233"}],"wp:term":[{"taxonomy":"product_brand","embeddable":true,"href":"https:\/\/lamaktaba.fr\/index.php\/wp-json\/wp\/v2\/product_brand?post=233"},{"taxonomy":"product_cat","embeddable":true,"href":"https:\/\/lamaktaba.fr\/index.php\/wp-json\/wp\/v2\/product_cat?post=233"},{"taxonomy":"product_tag","embeddable":true,"href":"https:\/\/lamaktaba.fr\/index.php\/wp-json\/wp\/v2\/product_tag?post=233"}],"curies":[{"name":"wp","href":"https:\/\/api.w.org\/{rel}","templated":true}]}}