{"id":230,"date":"2020-02-03T10:00:00","date_gmt":"2020-02-03T09:00:00","guid":{"rendered":"https:\/\/lamaktaba.fr\/index.php\/produit\/%d8%ac%d8%b2%d8%a1-%d8%b9%d9%85-%d8%a7%d9%84%d9%82%d8%b1%d8%a2%d9%86-%d8%a7%d9%84%d9%83%d8%b1%d9%8a%d9%85-le-saint-coran-juz-amma-version-arabe-grand-format-violet\/"},"modified":"2025-04-01T12:47:42","modified_gmt":"2025-04-01T10:47:42","slug":"d8acd8b2d8a1-d8b9d985-d8a7d984d982d8b1d8a2d986-d8a7d984d983d8b1d98ad985-le-saint-coran-juz-amma-version-arabe-grand-format-violet","status":"publish","type":"product","link":"https:\/\/lamaktaba.fr\/index.php\/produit\/d8acd8b2d8a1-d8b9d985-d8a7d984d982d8b1d8a2d986-d8a7d984d983d8b1d98ad985-le-saint-coran-juz-amma-version-arabe-grand-format-violet","title":{"rendered":"\u062c\u0632\u0621 \u0639\u0645 \u0627\u0644\u0642\u0631\u0622\u0646 \u0627\u0644\u0643\u0631\u064a\u0645, Le Saint Coran Juz &lsquo;Amma, Version arabe, Grand Format (Violet)"},"content":{"rendered":"<p>\u062c\u0632\u0621 \u0639\u0645 \u0627\u0644\u0642\u0631\u0622\u0646 \u0627\u0644\u0643\u0631\u064a\u0645, Le Saint Coran Juz &lsquo;Amma, Version Arabe, Grand Format (Violet);Ce livre contient Juz &lsquo;Amma (dernier chapitre du Coran) pr\u00e9c\u00e9d\u00e9 par sourate Al-Fatiha. \u00c9crit en tr\u00e8s grandes lettres, l&rsquo;\u00e9criture est alors tr\u00e8s claire et lisible, ce qui permet de faciliter la lecture au debutants. Juzz &lsquo;Amma comprend 37 petites sourates, de la sourate An-Naba (78) jusqu&rsquo;\u00e0 la sourate An-Nas (114);Juz &lsquo;Amma contient les sourates suivantes;78- An-Naba (La nouvelle);79- An-Nazi&rsquo;at (Les anges qui arrachent les \u00e2mes);80- &lsquo;Abasa (Il s&rsquo;est renfrogn\u00e9);81- At-Takweer (L&rsquo;obscursissement);82- Al Infitar (La rupture);83- Al Mutaffifin (Les fraudeurs);84- Al Inshiqaq (La d\u00e9chirure);85- Al Buruj (Les constellations);86- At-Tariq (L&rsquo;astre nocturne);87- Al A&rsquo;la (Le Tr\u00e8s-Haut);88- Al Ghashiya (L&rsquo;enveloppante);89- al Fajr (L&rsquo;aube);90- Al Balad (La cit\u00e9);91- Ash-Shams (Le soleil);92- Al Layl (La nuit);93- Ad-Duha (Le jour montante);94- Ash-Sharh (L&rsquo;ouverture);95- At-Teen (Le figuier);96- Al &lsquo;Alaq (L&rsquo;adh\u00e9rence);97- Al Qadr (La destin\u00e9e);98- Al Bayyina (La preuve);99- Al Zalzala (La secousse);100- Al &lsquo;adiyat (Les coursiers);101- Al Qari&rsquo;a (Le fracas);102- At-Takathur (La course aux richesses);103- Al &lsquo;Asr (Le temps);104- Al Humaza (Les calomniateurs);105- Al Fil (L&rsquo;\u00e9l\u00e9phant);106- Quraysh (Les Quraysh);107- Al Ma&rsquo;un (L&rsquo;ustensile);108- Al Kawthar (L&rsquo;abondance);109- Al kafiroon (Les infid\u00e8les);110- An-Nasr (Le secours);111- Al Masad (Les fibres);112- Al Ikhlas (Le monoth\u00e9isme pur);113- Al Falaq (L&rsquo;aube naissante);114- An-Nas (Les gens)<\/p>\n","protected":false},"excerpt":{"rendered":"<p>\u062c\u0632\u0621 \u0639\u0645 \u0627\u0644\u0642\u0631\u0622\u0646 \u0627\u0644\u0643\u0631\u064a\u0645, Le Saint Coran Juz &lsquo;Amma, Version Arabe, Grand Format (Violet);Ce livre contient Juz &lsquo;Amma (dernier chapitre du Coran) pr\u00e9c\u00e9d\u00e9 par sourate Al-Fatiha. \u00c9crit en tr\u00e8s grandes lettres, l&rsquo;\u00e9criture est alors tr\u00e8s claire et lisible, ce qui permet de faciliter la lecture au debutants. Juzz &lsquo;Amma comprend 37 petites sourates, de la sourate An-Naba (78) jusqu&rsquo;\u00e0 la sourate An-Nas (114);Juz &lsquo;Amma contient les sourates suivantes;78- An-Naba (La nouvelle);79- An-Nazi&rsquo;at (Les anges qui arrachent les \u00e2mes);80- &lsquo;Abasa (Il s&rsquo;est renfrogn\u00e9);81- At-Takweer (L&rsquo;obscursissement);82- Al Infitar (La rupture);83- Al Mutaffifin (Les fraudeurs);84- Al Inshiqaq (La d\u00e9chirure);85- Al Buruj (Les constellations);86- At-Tariq (L&rsquo;astre nocturne);87- Al A&rsquo;la (Le Tr\u00e8s-Haut);88- Al Ghashiya (L&rsquo;enveloppante);89- al Fajr (L&rsquo;aube);90- Al Balad (La cit\u00e9);91- Ash-Shams (Le soleil);92- Al Layl (La nuit);93- Ad-Duha (Le jour montante);94- Ash-Sharh (L&rsquo;ouverture);95- At-Teen (Le figuier);96- Al &lsquo;Alaq (L&rsquo;adh\u00e9rence);97- Al Qadr (La destin\u00e9e);98- Al Bayyina (La preuve);99- Al Zalzala (La secousse);100- Al &lsquo;adiyat (Les coursiers);101- Al Qari&rsquo;a (Le fracas);102- At-Takathur (La course aux richesses);103- Al &lsquo;Asr (Le temps);104- Al Humaza (Les calomniateurs);105- Al Fil (L&rsquo;\u00e9l\u00e9phant);106- Quraysh (Les Quraysh);107- Al Ma&rsquo;un (L&rsquo;ustensile);108- Al Kawthar (L&rsquo;abondance);109- Al kafiroon (Les infid\u00e8les);110- An-Nasr (Le secours);111- Al Masad (Les fibres);112- Al Ikhlas (Le monoth\u00e9isme pur);113- Al Falaq (L&rsquo;aube naissante);114- An-Nas (Les gens)<\/p>\n","protected":false},"featured_media":5051,"comment_status":"open","ping_status":"closed","template":"","meta":[],"product_brand":[],"product_cat":[1904],"product_tag":[],"class_list":{"0":"post-230","1":"product","2":"type-product","3":"status-publish","4":"has-post-thumbnail","6":"product_cat-saint-coran","7":"pa_auteur-calligraphie-othmane-taha","8":"pa_editeur-pixelgraf-famille-musulmane","9":"pa_format-17-x-24-cm","10":"pa_langue-arabe-","11":"pa_nombre-de-pages-1172","12":"pa_reliure-souple","14":"first","15":"outofstock","16":"shipping-taxable","17":"purchasable","18":"product-type-simple"},"_links":{"self":[{"href":"https:\/\/lamaktaba.fr\/index.php\/wp-json\/wp\/v2\/product\/230","targetHints":{"allow":["GET"]}}],"collection":[{"href":"https:\/\/lamaktaba.fr\/index.php\/wp-json\/wp\/v2\/product"}],"about":[{"href":"https:\/\/lamaktaba.fr\/index.php\/wp-json\/wp\/v2\/types\/product"}],"replies":[{"embeddable":true,"href":"https:\/\/lamaktaba.fr\/index.php\/wp-json\/wp\/v2\/comments?post=230"}],"wp:featuredmedia":[{"embeddable":true,"href":"https:\/\/lamaktaba.fr\/index.php\/wp-json\/wp\/v2\/media\/5051"}],"wp:attachment":[{"href":"https:\/\/lamaktaba.fr\/index.php\/wp-json\/wp\/v2\/media?parent=230"}],"wp:term":[{"taxonomy":"product_brand","embeddable":true,"href":"https:\/\/lamaktaba.fr\/index.php\/wp-json\/wp\/v2\/product_brand?post=230"},{"taxonomy":"product_cat","embeddable":true,"href":"https:\/\/lamaktaba.fr\/index.php\/wp-json\/wp\/v2\/product_cat?post=230"},{"taxonomy":"product_tag","embeddable":true,"href":"https:\/\/lamaktaba.fr\/index.php\/wp-json\/wp\/v2\/product_tag?post=230"}],"curies":[{"name":"wp","href":"https:\/\/api.w.org\/{rel}","templated":true}]}}