{"id":227,"date":"2020-02-03T10:00:00","date_gmt":"2020-02-03T09:00:00","guid":{"rendered":"https:\/\/lamaktaba.fr\/index.php\/produit\/les-imams-bien-guides\/"},"modified":"2025-04-01T12:45:40","modified_gmt":"2025-04-01T10:45:40","slug":"les-imams-bien-guides","status":"publish","type":"product","link":"https:\/\/lamaktaba.fr\/index.php\/produit\/les-imams-bien-guides","title":{"rendered":"Les imams bien guid\u00e9s"},"content":{"rendered":"<p>Les imams bien guid\u00e9s;Ce livre retrace la vie des imams de l&rsquo;Islam. Les deux plus grands traditionniste de tous les temps: Al Bukhari et Muslim, ainsi que les fondateurs des quatre \u00e9coles du droit musulman: Malik Ibn Anas, Abu Hanifa, Ash Shafi&rsquo;i et Ahmad ibn Hanbal. Il parle de la vie qu&rsquo;ils ont men\u00e9e, des efforts \u00e9normes qu&rsquo;ils ont fait pour \u00e9tudier les sciences islamiques, et des sacrifices qu&rsquo;ils ont consentis pour pr\u00e9server la religion de Dieu et la d\u00e9fendre.;Ces imams ont laiss\u00e9 \u00e0 la Communaut\u00e9 des sciences pr\u00e9cieuses, dans la jurisprudence (fiqh) et le hadith, lui permettant ainsi de savoir ce qui est autoris\u00e9 et ce qui ne l&rsquo;est en s&rsquo;appuyant sur le Coran et la Sunna du Proph\u00e8te (SWS). L&rsquo;influence de ces imams est aujourd&rsquo;hui telle que la plupart des pays musulmans suivent leur jurisprudence. Leur h\u00e9ritage scientifique est enseign\u00e9 dans les universit\u00e9s, et ils jouissent d&rsquo;un respect in\u00e9gal\u00e9. Les jeunes musulmans se doivent de les prendre pour mod\u00e8les dans tous les domaines et de s&rsquo;inspirer de leur moralit\u00e9.;Cet ouvrage est r\u00e9partie en plusieurs parties qui sont les suivantes;Les fondateurs des 4 \u00e9coles du droit musulman;1) Imam Malik Ibn Anas;2) Imam Abu Hanifa;3) Imam Ash-shafi&rsquo;i;4) Imam Ahmad Ibn Hanbal;Les deux plus grand traditionnistes de tous les temps;1) Al-Bukhari;2) Muslim<\/p>\n","protected":false},"excerpt":{"rendered":"<p>Les imams bien guid\u00e9s;Ce livre retrace la vie des imams de l&rsquo;Islam. Les deux plus grands traditionniste de tous les temps: Al Bukhari et Muslim, ainsi que les fondateurs des quatre \u00e9coles du droit musulman: Malik Ibn Anas, Abu Hanifa, Ash Shafi&rsquo;i et Ahmad ibn Hanbal. Il parle de la vie qu&rsquo;ils ont men\u00e9e, des efforts \u00e9normes qu&rsquo;ils ont fait pour \u00e9tudier les sciences islamiques, et des sacrifices qu&rsquo;ils ont consentis pour pr\u00e9server la religion de Dieu et la d\u00e9fendre.;Ces imams ont laiss\u00e9 \u00e0 la Communaut\u00e9 des sciences pr\u00e9cieuses, dans la jurisprudence (fiqh) et le hadith, lui permettant ainsi de savoir ce qui est autoris\u00e9 et ce qui ne l&rsquo;est en s&rsquo;appuyant sur le Coran et la Sunna du Proph\u00e8te (SWS). L&rsquo;influence de ces imams est aujourd&rsquo;hui telle que la plupart des pays musulmans suivent leur jurisprudence. Leur h\u00e9ritage scientifique est enseign\u00e9 dans les universit\u00e9s, et ils jouissent d&rsquo;un respect in\u00e9gal\u00e9. Les jeunes musulmans se doivent de les prendre pour mod\u00e8les dans tous les domaines et de s&rsquo;inspirer de leur moralit\u00e9.;Cet ouvrage est r\u00e9partie en plusieurs parties qui sont les suivantes;Les fondateurs des 4 \u00e9coles du droit musulman;1) Imam Malik Ibn Anas;2) Imam Abu Hanifa;3) Imam Ash-shafi&rsquo;i;4) Imam Ahmad Ibn Hanbal;Les deux plus grand traditionnistes de tous les temps;1) Al-Bukhari;2) Muslim<\/p>\n","protected":false},"featured_media":38003,"comment_status":"open","ping_status":"closed","template":"","meta":[],"product_brand":[],"product_cat":[15],"product_tag":[],"class_list":{"0":"post-227","1":"product","2":"type-product","3":"status-publish","4":"has-post-thumbnail","6":"product_cat-non-classe","7":"pa_annee-667","8":"pa_editeur-pixel-graph","9":"pa_format-22-5-x-24-5-cm","10":"pa_nombre-de-pages-1406","11":"pa_reliure-rigide","13":"first","14":"outofstock","15":"shipping-taxable","16":"purchasable","17":"product-type-simple"},"_links":{"self":[{"href":"https:\/\/lamaktaba.fr\/index.php\/wp-json\/wp\/v2\/product\/227","targetHints":{"allow":["GET"]}}],"collection":[{"href":"https:\/\/lamaktaba.fr\/index.php\/wp-json\/wp\/v2\/product"}],"about":[{"href":"https:\/\/lamaktaba.fr\/index.php\/wp-json\/wp\/v2\/types\/product"}],"replies":[{"embeddable":true,"href":"https:\/\/lamaktaba.fr\/index.php\/wp-json\/wp\/v2\/comments?post=227"}],"wp:featuredmedia":[{"embeddable":true,"href":"https:\/\/lamaktaba.fr\/index.php\/wp-json\/wp\/v2\/media\/38003"}],"wp:attachment":[{"href":"https:\/\/lamaktaba.fr\/index.php\/wp-json\/wp\/v2\/media?parent=227"}],"wp:term":[{"taxonomy":"product_brand","embeddable":true,"href":"https:\/\/lamaktaba.fr\/index.php\/wp-json\/wp\/v2\/product_brand?post=227"},{"taxonomy":"product_cat","embeddable":true,"href":"https:\/\/lamaktaba.fr\/index.php\/wp-json\/wp\/v2\/product_cat?post=227"},{"taxonomy":"product_tag","embeddable":true,"href":"https:\/\/lamaktaba.fr\/index.php\/wp-json\/wp\/v2\/product_tag?post=227"}],"curies":[{"name":"wp","href":"https:\/\/api.w.org\/{rel}","templated":true}]}}