{"id":224,"date":"2020-02-03T10:00:00","date_gmt":"2020-02-03T09:00:00","guid":{"rendered":"https:\/\/lamaktaba.fr\/index.php\/produit\/a-la-decouverte-de-lislam\/"},"modified":"2025-04-01T12:45:25","modified_gmt":"2025-04-01T10:45:25","slug":"a-la-decouverte-de-lislam","status":"publish","type":"product","link":"https:\/\/lamaktaba.fr\/index.php\/produit\/a-la-decouverte-de-lislam","title":{"rendered":"A la d\u00e9couverte de l&rsquo;Islam"},"content":{"rendered":"<p>A la d\u00e9couverte de l&rsquo;Islam;De tout temps, la qu\u00eate du bonheur est au coeur des aspirations humaines, en effet, chaque homme sur terre souhaite trouver la serenit\u00e9 de l&rsquo;\u00e2me et se pr\u00e9server de tout malaise et tout d\u00e9sagrement. Si\u00e8cle apr\u00e8s si\u00e8cle, les penseurs, les philosophes, les hommes de lettres et les m\u00e9decins se relaient dans cette recherche et se penchent sur les conditions qui rendent possible le bonheur et \u00e9cartent le malheur, suivant chacun une orientation qui lui est propre. Malgr\u00e9 tous ces efforts, le bonheur auquel parvient la plupart d&rsquo;entre eux est un bonheur tronqu\u00e9, incomplet, et illusoire. La raison en est que ces hommes n\u00e9gligent le v\u00e9ritable fondement de leur vie, la voie authentique qui seule permet de trouver le vrai bonheur: il s&rsquo;agit de la foi en Allah. Tel est le secret du bonheur et la voie saine qui y m\u00e8ne. Le pr\u00e9sent livre est une invitation \u00e0 d\u00e9couvrir ce bonheur immense, il se propose de guider le lecteur vers la foi en Son Seigneur qui l&rsquo;a cr\u00e9\u00e9, de l&rsquo;orienter vers la croyance v\u00e9ridique qui est conforme \u00e0 la saine raison et \u00e0 la nature originelle de l&rsquo;homme. Que la paix et la b\u00e9n\u00e9diction d&rsquo;Allah soient sur notre proph\u00e8te Mouhammad.<\/p>\n","protected":false},"excerpt":{"rendered":"<p>A la d\u00e9couverte de l&rsquo;Islam;De tout temps, la qu\u00eate du bonheur est au coeur des aspirations humaines, en effet, chaque homme sur terre souhaite trouver la serenit\u00e9 de l&rsquo;\u00e2me et se pr\u00e9server de tout malaise et tout d\u00e9sagrement. Si\u00e8cle apr\u00e8s si\u00e8cle, les penseurs, les philosophes, les hommes de lettres et les m\u00e9decins se relaient dans cette recherche et se penchent sur les conditions qui rendent possible le bonheur et \u00e9cartent le malheur, suivant chacun une orientation qui lui est propre. Malgr\u00e9 tous ces efforts, le bonheur auquel parvient la plupart d&rsquo;entre eux est un bonheur tronqu\u00e9, incomplet, et illusoire. La raison en est que ces hommes n\u00e9gligent le v\u00e9ritable fondement de leur vie, la voie authentique qui seule permet de trouver le vrai bonheur: il s&rsquo;agit de la foi en Allah. Tel est le secret du bonheur et la voie saine qui y m\u00e8ne. Le pr\u00e9sent livre est une invitation \u00e0 d\u00e9couvrir ce bonheur immense, il se propose de guider le lecteur vers la foi en Son Seigneur qui l&rsquo;a cr\u00e9\u00e9, de l&rsquo;orienter vers la croyance v\u00e9ridique qui est conforme \u00e0 la saine raison et \u00e0 la nature originelle de l&rsquo;homme. Que la paix et la b\u00e9n\u00e9diction d&rsquo;Allah soient sur notre proph\u00e8te Mouhammad.<\/p>\n","protected":false},"featured_media":5038,"comment_status":"open","ping_status":"closed","template":"","meta":[],"product_brand":[],"product_cat":[15],"product_tag":[],"class_list":{"0":"post-224","1":"product","2":"type-product","3":"status-publish","4":"has-post-thumbnail","6":"product_cat-non-classe","7":"pa_editeur-assia-editions","9":"first","10":"instock","11":"shipping-taxable","12":"purchasable","13":"product-type-simple"},"_links":{"self":[{"href":"https:\/\/lamaktaba.fr\/index.php\/wp-json\/wp\/v2\/product\/224","targetHints":{"allow":["GET"]}}],"collection":[{"href":"https:\/\/lamaktaba.fr\/index.php\/wp-json\/wp\/v2\/product"}],"about":[{"href":"https:\/\/lamaktaba.fr\/index.php\/wp-json\/wp\/v2\/types\/product"}],"replies":[{"embeddable":true,"href":"https:\/\/lamaktaba.fr\/index.php\/wp-json\/wp\/v2\/comments?post=224"}],"wp:featuredmedia":[{"embeddable":true,"href":"https:\/\/lamaktaba.fr\/index.php\/wp-json\/wp\/v2\/media\/5038"}],"wp:attachment":[{"href":"https:\/\/lamaktaba.fr\/index.php\/wp-json\/wp\/v2\/media?parent=224"}],"wp:term":[{"taxonomy":"product_brand","embeddable":true,"href":"https:\/\/lamaktaba.fr\/index.php\/wp-json\/wp\/v2\/product_brand?post=224"},{"taxonomy":"product_cat","embeddable":true,"href":"https:\/\/lamaktaba.fr\/index.php\/wp-json\/wp\/v2\/product_cat?post=224"},{"taxonomy":"product_tag","embeddable":true,"href":"https:\/\/lamaktaba.fr\/index.php\/wp-json\/wp\/v2\/product_tag?post=224"}],"curies":[{"name":"wp","href":"https:\/\/api.w.org\/{rel}","templated":true}]}}