{"id":221,"date":"2020-02-03T10:00:00","date_gmt":"2020-02-03T09:00:00","guid":{"rendered":"https:\/\/lamaktaba.fr\/index.php\/produit\/bande-dessinee-dialogue\/"},"modified":"2025-04-01T12:44:19","modified_gmt":"2025-04-01T10:44:19","slug":"bande-dessinee-dialogue","status":"publish","type":"product","link":"https:\/\/lamaktaba.fr\/index.php\/produit\/bande-dessinee-dialogue","title":{"rendered":"La Famille Foulane (Tome 5): \u00c7a Glisse"},"content":{"rendered":"<p>La Famille Foulane;La Famille Foulane (Tome 5): \u00c7a Glisse;Abi, Oummi, Binti et bien s\u00fbr Walad, forment \u00e0 eux quatre la famille Foulane. Une petite famille musulmane vivant paisiblement dans un pavillon d\u2019une petite ville.;Cet hiver a \u00e9t\u00e9 anim\u00e9 pour Walad: Entre une fracture de pouce, plus grave que pr\u00e9vue, un d\u00e9part anim\u00e9 en voiture pour se rendre \u00e0 l&rsquo;\u00e9cole, et une course de luges qui ne se termine pas comme imagin\u00e9&#8230;le moins que l&rsquo;on puisse dire est que cet hiver restera m\u00e9morable pour la famille Foulane!;D\u00e9couvrez trois nouvelles histoires illustr\u00e9s in\u00e9dites, avec un bonus en fin du livre 15 pages de BD couleur.<\/p>\n","protected":false},"excerpt":{"rendered":"<p>La Famille Foulane;La Famille Foulane (Tome 5): \u00c7a Glisse;Abi, Oummi, Binti et bien s\u00fbr Walad, forment \u00e0 eux quatre la famille Foulane. Une petite famille musulmane vivant paisiblement dans un pavillon d\u2019une petite ville.;Cet hiver a \u00e9t\u00e9 anim\u00e9 pour Walad: Entre une fracture de pouce, plus grave que pr\u00e9vue, un d\u00e9part anim\u00e9 en voiture pour se rendre \u00e0 l&rsquo;\u00e9cole, et une course de luges qui ne se termine pas comme imagin\u00e9&#8230;le moins que l&rsquo;on puisse dire est que cet hiver restera m\u00e9morable pour la famille Foulane!;D\u00e9couvrez trois nouvelles histoires illustr\u00e9s in\u00e9dites, avec un bonus en fin du livre 15 pages de BD couleur.<\/p>\n","protected":false},"featured_media":37360,"comment_status":"open","ping_status":"closed","template":"","meta":[],"product_brand":[],"product_cat":[15],"product_tag":[],"class_list":{"0":"post-221","1":"product","2":"type-product","3":"status-publish","4":"has-post-thumbnail","6":"product_cat-non-classe","7":"pa_annee-369","8":"pa_auteur-noredine-allam","9":"pa_editeur-bdouin-editions","10":"pa_format-15-x-21-cm","11":"pa_langue-francais","12":"pa_nombre-de-pages-837","13":"pa_reliure-souple","15":"first","16":"outofstock","17":"shipping-taxable","18":"purchasable","19":"product-type-simple"},"_links":{"self":[{"href":"https:\/\/lamaktaba.fr\/index.php\/wp-json\/wp\/v2\/product\/221","targetHints":{"allow":["GET"]}}],"collection":[{"href":"https:\/\/lamaktaba.fr\/index.php\/wp-json\/wp\/v2\/product"}],"about":[{"href":"https:\/\/lamaktaba.fr\/index.php\/wp-json\/wp\/v2\/types\/product"}],"replies":[{"embeddable":true,"href":"https:\/\/lamaktaba.fr\/index.php\/wp-json\/wp\/v2\/comments?post=221"}],"wp:featuredmedia":[{"embeddable":true,"href":"https:\/\/lamaktaba.fr\/index.php\/wp-json\/wp\/v2\/media\/37360"}],"wp:attachment":[{"href":"https:\/\/lamaktaba.fr\/index.php\/wp-json\/wp\/v2\/media?parent=221"}],"wp:term":[{"taxonomy":"product_brand","embeddable":true,"href":"https:\/\/lamaktaba.fr\/index.php\/wp-json\/wp\/v2\/product_brand?post=221"},{"taxonomy":"product_cat","embeddable":true,"href":"https:\/\/lamaktaba.fr\/index.php\/wp-json\/wp\/v2\/product_cat?post=221"},{"taxonomy":"product_tag","embeddable":true,"href":"https:\/\/lamaktaba.fr\/index.php\/wp-json\/wp\/v2\/product_tag?post=221"}],"curies":[{"name":"wp","href":"https:\/\/api.w.org\/{rel}","templated":true}]}}