{"id":218,"date":"2020-03-02T10:00:00","date_gmt":"2020-03-02T09:00:00","guid":{"rendered":"https:\/\/lamaktaba.fr\/index.php\/produit\/recueil-2-muslimshow-scenario-et-dessin-noredine-allam\/"},"modified":"2025-04-01T12:46:20","modified_gmt":"2025-04-01T10:46:20","slug":"recueil-2-muslimshow-scenario-et-dessin-noredine-allam","status":"publish","type":"product","link":"https:\/\/lamaktaba.fr\/index.php\/produit\/recueil-2-muslimshow-scenario-et-dessin-noredine-allam","title":{"rendered":"Recueil 2 &#8211; Muslim&rsquo;Show &#8211; Sc\u00e9nario et dessin: Nor\u00e9dine Allam"},"content":{"rendered":"<p>Plus de 60 pages de bandes dessin\u00e9es sur des th\u00e8mes vari\u00e9s qui vous feront rire et r\u00e9fl\u00e9chir sur la vie\u2026 Un ouvrage unique et indispensable pour toute la famille !<br \/>Retrouvez dans ce second recueil les meilleures publications du Muslim&rsquo;Show, sa force est de mettre en sc\u00e8ne cette communaut\u00e9, loin des clich\u00e9s&#8230; avec humour et r\u00e9alisme..<br \/>A partir de 6 ans et pour toute la famille !<\/p>\n","protected":false},"excerpt":{"rendered":"<p>Plus de 60 pages de bandes dessin\u00e9es sur des th\u00e8mes vari\u00e9s qui vous feront rire et r\u00e9fl\u00e9chir sur la vie\u2026 Un ouvrage unique et indispensable pour toute la famille !Retrouvez dans ce second recueil les meilleures publications du Muslim&rsquo;Show, sa force est de mettre en sc\u00e8ne cette communaut\u00e9, loin des clich\u00e9s&#8230; avec humour et r\u00e9alisme..A [&hellip;]<\/p>\n","protected":false},"featured_media":5013,"comment_status":"open","ping_status":"closed","template":"","meta":[],"product_brand":[],"product_cat":[15],"product_tag":[],"class_list":{"0":"post-218","1":"product","2":"type-product","3":"status-publish","4":"has-post-thumbnail","6":"product_cat-non-classe","7":"pa_editeur-orientica","9":"first","10":"instock","11":"shipping-taxable","12":"purchasable","13":"product-type-simple"},"_links":{"self":[{"href":"https:\/\/lamaktaba.fr\/index.php\/wp-json\/wp\/v2\/product\/218","targetHints":{"allow":["GET"]}}],"collection":[{"href":"https:\/\/lamaktaba.fr\/index.php\/wp-json\/wp\/v2\/product"}],"about":[{"href":"https:\/\/lamaktaba.fr\/index.php\/wp-json\/wp\/v2\/types\/product"}],"replies":[{"embeddable":true,"href":"https:\/\/lamaktaba.fr\/index.php\/wp-json\/wp\/v2\/comments?post=218"}],"wp:featuredmedia":[{"embeddable":true,"href":"https:\/\/lamaktaba.fr\/index.php\/wp-json\/wp\/v2\/media\/5013"}],"wp:attachment":[{"href":"https:\/\/lamaktaba.fr\/index.php\/wp-json\/wp\/v2\/media?parent=218"}],"wp:term":[{"taxonomy":"product_brand","embeddable":true,"href":"https:\/\/lamaktaba.fr\/index.php\/wp-json\/wp\/v2\/product_brand?post=218"},{"taxonomy":"product_cat","embeddable":true,"href":"https:\/\/lamaktaba.fr\/index.php\/wp-json\/wp\/v2\/product_cat?post=218"},{"taxonomy":"product_tag","embeddable":true,"href":"https:\/\/lamaktaba.fr\/index.php\/wp-json\/wp\/v2\/product_tag?post=218"}],"curies":[{"name":"wp","href":"https:\/\/api.w.org\/{rel}","templated":true}]}}