{"id":214,"date":"2020-03-02T10:00:00","date_gmt":"2020-03-02T09:00:00","guid":{"rendered":"https:\/\/lamaktaba.fr\/index.php\/produit\/remercies-tu-allah-pour-ses-bienfaits-cheikh-azhari-ahmad-mahmud\/"},"modified":"2025-04-01T12:44:11","modified_gmt":"2025-04-01T10:44:11","slug":"remercies-tu-allah-pour-ses-bienfaits-cheikh-azhari-ahmad-mahmud","status":"publish","type":"product","link":"https:\/\/lamaktaba.fr\/index.php\/produit\/remercies-tu-allah-pour-ses-bienfaits-cheikh-azhari-ahmad-mahmud","title":{"rendered":"Remercies-tu Allah pour Ses bienfaits? &#8211; Cheikh Azhar\u00ee Ahmad Mahm\u00fbd"},"content":{"rendered":"<p>Titre du livre original arabe: \u00a0\u00bb hal shakarta Alla\u00e2h &lsquo;al\u00e2 ni&rsquo;amib? \u00ab\u00a0.<br \/>Les bienfaits qu&rsquo;Allah ne cesse de nous accorder sont nombreux. Nul ne peut en quantifier ni le nombre, ni l&rsquo;importance, ni la valeur. C&rsquo;est entre autres \u00e0 travers ces faveurs que se manifeste la gr\u00e2ce de notre Cr\u00e9ateur. Il est digne de louange pour ce qu&rsquo;Il est et pour Ses dons multiples qu&rsquo;Il nous octroie \u00e0 chaque instant. Le louer comme Il le m\u00e9rite est impossible, mais faisons-nous au moins Son \u00e9loge pour ce qu&rsquo;Il nous accorde? Lui sommes-nous r\u00e9ellement reconnaissants?<br \/>Nous implorons Allah pour que ce livret nous fasse prendre conscience de Ses bienfaits, nous apprenne les mani\u00e8res de Le remercier et nous donne la conviction que \u00a0\u00bb si vous \u00eates reconnaissants, tr\u00e8s certainement J&rsquo;augmenterai (Mes bienfaits) pour vous \u00ab\u00a0.<\/p>\n","protected":false},"excerpt":{"rendered":"<p>Titre du livre original arabe: \u00a0\u00bb hal shakarta Alla\u00e2h &lsquo;al\u00e2 ni&rsquo;amib? \u00ab\u00a0.Les bienfaits qu&rsquo;Allah ne cesse de nous accorder sont nombreux. Nul ne peut en quantifier ni le nombre, ni l&rsquo;importance, ni la valeur. C&rsquo;est entre autres \u00e0 travers ces faveurs que se manifeste la gr\u00e2ce de notre Cr\u00e9ateur. Il est digne de louange pour [&hellip;]<\/p>\n","protected":false},"featured_media":4999,"comment_status":"open","ping_status":"closed","template":"","meta":[],"product_brand":[],"product_cat":[15],"product_tag":[],"class_list":{"0":"post-214","1":"product","2":"type-product","3":"status-publish","4":"has-post-thumbnail","6":"product_cat-non-classe","7":"pa_editeur-orientica","9":"first","10":"instock","11":"shipping-taxable","12":"purchasable","13":"product-type-simple"},"_links":{"self":[{"href":"https:\/\/lamaktaba.fr\/index.php\/wp-json\/wp\/v2\/product\/214","targetHints":{"allow":["GET"]}}],"collection":[{"href":"https:\/\/lamaktaba.fr\/index.php\/wp-json\/wp\/v2\/product"}],"about":[{"href":"https:\/\/lamaktaba.fr\/index.php\/wp-json\/wp\/v2\/types\/product"}],"replies":[{"embeddable":true,"href":"https:\/\/lamaktaba.fr\/index.php\/wp-json\/wp\/v2\/comments?post=214"}],"wp:featuredmedia":[{"embeddable":true,"href":"https:\/\/lamaktaba.fr\/index.php\/wp-json\/wp\/v2\/media\/4999"}],"wp:attachment":[{"href":"https:\/\/lamaktaba.fr\/index.php\/wp-json\/wp\/v2\/media?parent=214"}],"wp:term":[{"taxonomy":"product_brand","embeddable":true,"href":"https:\/\/lamaktaba.fr\/index.php\/wp-json\/wp\/v2\/product_brand?post=214"},{"taxonomy":"product_cat","embeddable":true,"href":"https:\/\/lamaktaba.fr\/index.php\/wp-json\/wp\/v2\/product_cat?post=214"},{"taxonomy":"product_tag","embeddable":true,"href":"https:\/\/lamaktaba.fr\/index.php\/wp-json\/wp\/v2\/product_tag?post=214"}],"curies":[{"name":"wp","href":"https:\/\/api.w.org\/{rel}","templated":true}]}}