{"id":213,"date":"2020-03-02T10:00:00","date_gmt":"2020-03-02T09:00:00","guid":{"rendered":"https:\/\/lamaktaba.fr\/index.php\/produit\/emerveille-toi-de-lamour-dallah-ibn-rajab-al-hanbali-traduit-par-mohamed-aoun\/"},"modified":"2025-04-01T12:47:05","modified_gmt":"2025-04-01T10:47:05","slug":"emerveille-toi-de-lamour-dallah-ibn-rajab-al-hanbali-traduit-par-mohamed-aoun","status":"publish","type":"product","link":"https:\/\/lamaktaba.fr\/index.php\/produit\/emerveille-toi-de-lamour-dallah-ibn-rajab-al-hanbali-traduit-par-mohamed-aoun","title":{"rendered":"Emerveille-toi de l&rsquo;amour d&rsquo;All\u00e2h &#8211; Ibn Rajab Al-Hanbal\u00ee &#8211; Traduit par Mohamed Aoun"},"content":{"rendered":"<p>All\u00e2h dit: \u00ab\u00a0Je n&rsquo;ai cr\u00e9\u00e9 les Jinn et les Hommes que pour qu&rsquo;ils M&rsquo;adorent\u00a0\u00bb.Nous ne pouvons adorer (&lsquo;ib\u00e2da) ce que l&rsquo;on ne connait pas. Dieu nous a donc cr\u00e9\u00e9 pour \u00eatre connu et reconnu de nous. Il a illumin\u00e9 Sa cr\u00e9ation de signes qui nous d\u00e9voilent Ses sublimes qualit\u00e9s et attributs. Plus on Le connait, plus on r\u00e9alise Son immense g\u00e9n\u00e9rosit\u00e9, Sa mis\u00e9ricorde, Sa magnanimit\u00e9&#8230; On finit alors par succomber et ouvrir notre coeur \u00e0 son amour, puis on L&rsquo;aime davantage jusqu&rsquo;\u00e0 L&rsquo;adorer d&rsquo;un amour pur et d\u00e9sint\u00e9ress\u00e9 (mahabba).<br \/>L&rsquo;amour est un acte du coeur, fort myst\u00e9rieux, c&rsquo;est aussi un \u00e9tat de l&rsquo;\u00eatre, qui propulse le fid\u00e8le vers la proximit\u00e9 de Dieu plus vite que toute autre chose.<br \/>Dans ce merveilleux livre Ibn Rajab nous enseigne les fondements de l&rsquo;amour d&rsquo;All\u00e2h dans le Coran et la Sunna et nous appelle \u00e0 nous \u00e9merveiller devant les effets de cet amour.\u00c9maill\u00e9 d&rsquo;anecdotes et de belles histoires d&rsquo;hommes et de femmes \u00e9pris d&rsquo;amour pour Dieu, ce livre offre des r\u00e9cits sur la douceur de ce que peut \u00eatre l&rsquo;amour d\u00e9sint\u00e9ress\u00e9 chez les saints et les saintes de Islam.<\/p>\n","protected":false},"excerpt":{"rendered":"<p>All\u00e2h dit: \u00ab\u00a0Je n&rsquo;ai cr\u00e9\u00e9 les Jinn et les Hommes que pour qu&rsquo;ils M&rsquo;adorent\u00a0\u00bb.Nous ne pouvons adorer (&lsquo;ib\u00e2da) ce que l&rsquo;on ne connait pas. Dieu nous a donc cr\u00e9\u00e9 pour \u00eatre connu et reconnu de nous. Il a illumin\u00e9 Sa cr\u00e9ation de signes qui nous d\u00e9voilent Ses sublimes qualit\u00e9s et attributs. Plus on Le connait, [&hellip;]<\/p>\n","protected":false},"featured_media":4997,"comment_status":"open","ping_status":"closed","template":"","meta":[],"product_brand":[],"product_cat":[15],"product_tag":[],"class_list":{"0":"post-213","1":"product","2":"type-product","3":"status-publish","4":"has-post-thumbnail","6":"product_cat-non-classe","7":"pa_editeur-orientica","9":"first","10":"outofstock","11":"shipping-taxable","12":"purchasable","13":"product-type-simple"},"_links":{"self":[{"href":"https:\/\/lamaktaba.fr\/index.php\/wp-json\/wp\/v2\/product\/213","targetHints":{"allow":["GET"]}}],"collection":[{"href":"https:\/\/lamaktaba.fr\/index.php\/wp-json\/wp\/v2\/product"}],"about":[{"href":"https:\/\/lamaktaba.fr\/index.php\/wp-json\/wp\/v2\/types\/product"}],"replies":[{"embeddable":true,"href":"https:\/\/lamaktaba.fr\/index.php\/wp-json\/wp\/v2\/comments?post=213"}],"wp:featuredmedia":[{"embeddable":true,"href":"https:\/\/lamaktaba.fr\/index.php\/wp-json\/wp\/v2\/media\/4997"}],"wp:attachment":[{"href":"https:\/\/lamaktaba.fr\/index.php\/wp-json\/wp\/v2\/media?parent=213"}],"wp:term":[{"taxonomy":"product_brand","embeddable":true,"href":"https:\/\/lamaktaba.fr\/index.php\/wp-json\/wp\/v2\/product_brand?post=213"},{"taxonomy":"product_cat","embeddable":true,"href":"https:\/\/lamaktaba.fr\/index.php\/wp-json\/wp\/v2\/product_cat?post=213"},{"taxonomy":"product_tag","embeddable":true,"href":"https:\/\/lamaktaba.fr\/index.php\/wp-json\/wp\/v2\/product_tag?post=213"}],"curies":[{"name":"wp","href":"https:\/\/api.w.org\/{rel}","templated":true}]}}