{"id":202,"date":"2020-03-02T10:00:00","date_gmt":"2020-03-02T09:00:00","guid":{"rendered":"https:\/\/lamaktaba.fr\/index.php\/produit\/agenda-muslim-show-bdouin-2019-2020\/"},"modified":"2025-04-01T12:46:07","modified_gmt":"2025-04-01T10:46:07","slug":"agenda-muslim-show-bdouin-2019-2020","status":"publish","type":"product","link":"https:\/\/lamaktaba.fr\/index.php\/produit\/agenda-muslim-show-bdouin-2019-2020","title":{"rendered":"Agenda Muslim Show BDouin 2019-2020"},"content":{"rendered":"<p>L&rsquo;agenda BDouin \/ Muslim Show, on ne change pas une \u00e9quipe qui gagne !<br \/>Que du bonheur ! Pour sa sixi\u00e8me ann\u00e9e, l&rsquo;agenda se pr\u00e9sente avec un best-of des meilleurs contenus publi\u00e9s.<br \/>Comme les ann\u00e9es pass\u00e9es<br \/>Un double calendrier (h\u00e9g\u00e9rien, gr\u00e9gorien)<br \/>Des citations \/ invocations \/ sagesses<br \/>Des illustrations ludo-\u00e9ducatives<br \/>Des infos pratiques<br \/>Des bandes dessin\u00e9es Muslim Show<br \/>Dimensions: 18&#215;13 cm<br \/>Couverture: souple avec rabats<\/p>\n","protected":false},"excerpt":{"rendered":"<p>L&rsquo;agenda BDouin \/ Muslim Show, on ne change pas une \u00e9quipe qui gagne !Que du bonheur ! Pour sa sixi\u00e8me ann\u00e9e, l&rsquo;agenda se pr\u00e9sente avec un best-of des meilleurs contenus publi\u00e9s.Comme les ann\u00e9es pass\u00e9esUn double calendrier (h\u00e9g\u00e9rien, gr\u00e9gorien)Des citations \/ invocations \/ sagessesDes illustrations ludo-\u00e9ducativesDes infos pratiquesDes bandes dessin\u00e9es Muslim ShowDimensions: 18&#215;13 cmCouverture: souple avec [&hellip;]<\/p>\n","protected":false},"featured_media":4958,"comment_status":"open","ping_status":"closed","template":"","meta":[],"product_brand":[],"product_cat":[171],"product_tag":[],"class_list":{"0":"post-202","1":"product","2":"type-product","3":"status-publish","4":"has-post-thumbnail","6":"product_cat-accessoires-divers","7":"pa_editeur-maison-dennour","9":"first","10":"outofstock","11":"shipping-taxable","12":"purchasable","13":"product-type-simple"},"_links":{"self":[{"href":"https:\/\/lamaktaba.fr\/index.php\/wp-json\/wp\/v2\/product\/202","targetHints":{"allow":["GET"]}}],"collection":[{"href":"https:\/\/lamaktaba.fr\/index.php\/wp-json\/wp\/v2\/product"}],"about":[{"href":"https:\/\/lamaktaba.fr\/index.php\/wp-json\/wp\/v2\/types\/product"}],"replies":[{"embeddable":true,"href":"https:\/\/lamaktaba.fr\/index.php\/wp-json\/wp\/v2\/comments?post=202"}],"wp:featuredmedia":[{"embeddable":true,"href":"https:\/\/lamaktaba.fr\/index.php\/wp-json\/wp\/v2\/media\/4958"}],"wp:attachment":[{"href":"https:\/\/lamaktaba.fr\/index.php\/wp-json\/wp\/v2\/media?parent=202"}],"wp:term":[{"taxonomy":"product_brand","embeddable":true,"href":"https:\/\/lamaktaba.fr\/index.php\/wp-json\/wp\/v2\/product_brand?post=202"},{"taxonomy":"product_cat","embeddable":true,"href":"https:\/\/lamaktaba.fr\/index.php\/wp-json\/wp\/v2\/product_cat?post=202"},{"taxonomy":"product_tag","embeddable":true,"href":"https:\/\/lamaktaba.fr\/index.php\/wp-json\/wp\/v2\/product_tag?post=202"}],"curies":[{"name":"wp","href":"https:\/\/api.w.org\/{rel}","templated":true}]}}