{"id":196,"date":"2020-03-02T10:00:00","date_gmt":"2020-03-02T09:00:00","guid":{"rendered":"https:\/\/lamaktaba.fr\/index.php\/produit\/adam-pere-de-lhumanite-lhistoire-detaillee-de-lhomme-de-mohamed-al-hindi\/"},"modified":"2025-04-01T12:47:05","modified_gmt":"2025-04-01T10:47:05","slug":"adam-pere-de-lhumanite-lhistoire-detaillee-de-lhomme-de-mohamed-al-hindi","status":"publish","type":"product","link":"https:\/\/lamaktaba.fr\/index.php\/produit\/adam-pere-de-lhumanite-lhistoire-detaillee-de-lhomme-de-mohamed-al-hindi","title":{"rendered":"Adam P\u00e8re de l&rsquo;humanit\u00e9 &#8211; L&rsquo;histoire d\u00e9taill\u00e9e de l&rsquo;Homme, de Mohamed Al-Hindi"},"content":{"rendered":"<p>Adam P\u00e8re de l&rsquo;humanit\u00e9 &#8211; L&rsquo;histoire d\u00e9taill\u00e9e de l&rsquo;Homme, de Mohamed Al-Hindi;Allah cr\u00e9a Adam de Sa main avec soin particulier.;Allah insuffla en Adam de Son esprit.;Allah investit Adam de la lieutenance-khil\u00e2fah- sur terre pour y \u00e9tablir une civilisation tant sur le plan mat\u00e9riel que sur le plan spirituel.;Allah enseigna \u00e0 Adam tous les noms des choses et Adam les enseigna aux anges.;Allah fit prosterner les anges devant Adam.;Adam passa un s\u00e9jour au Paradis sur ordre d\u2019Allah.;Adam c\u00e9da \u00e0 la tentation de satan en mangeant de l\u2019arbre d\u00e9fendu.;Adam se repentit de son p\u00e9ch\u00e9 et s\u2019amenda.;Gr\u00e2ce aux vertus dont Allah l\u2019a dot\u00e9 et l\u2019exp\u00e9rience qu\u2019il a v\u00e9cue, Adam r\u00e9ussit sa mission sur terre, ce qui lui permit de retourner au Paradis\u2026;Prendre conscience de ces bienfaits et privil\u00e8ges.;D\u00e9velopper sa puissance d\u2019acqu\u00e9rir le savoir et sa puissance de transmettre le savoir. Mettre en \u0153uvre les capacit\u00e9s et les potentialit\u00e9s h\u00e9rit\u00e9es de notre p\u00e8re Adam.;Se conformer aux ordres d\u2019Allah, \u00e9viter ce qu\u2019il a interdit et se repentir de ses p\u00e9ch\u00e9s. Faire effort sur son \u00e2me et combattre satan. Etablir une civilisation terrestre et une civilisation c\u00e9leste sur cette voie que partage notre Proph\u00e8te avec Adam et paix d\u2019Allah sur eux. c \u2019est ce qu\u2019essaie de mettre en \u00e9vidence ce livre qui a la particularit\u00e9 d\u2019\u00eatre tr\u00e8s riche en versets coraniques, en hadiths proph\u00e9tiques, en explications d\u2019\u00e9minents ex\u00e9g\u00e8tes et en exhortations attendrissantes de savants reconnus.;Marque ALMADINA Editions R\u00e9f\u00e9rence 9789954718100;Fiche technique AUTEUR: &#8211; Muhammad &lsquo;Abd Allah Al-Hind\u00ee LANGUE: -.Fran\u00e7ais ANNEE: &#8211; 2018 SUPPORT: &#8211; Livre THEME: &#8211; Adam, Histoire, Islam \u00c9DITIONS: &#8211; ALMADINA Condition: &#8211; Neuf Nombre de Pages: &#8211; 216 Poids (kg): &#8211; 300 g EAN13: &#8211; 9789954718100 RELIURE: &#8211; Souple.Traduction: &#8211; Mohammed Karimi;R\u00e9f\u00e9rences sp\u00e9cifiques;Donnez votre avis;Aucun commentaire pour le moment<\/p>\n","protected":false},"excerpt":{"rendered":"<p>Adam P\u00e8re de l&rsquo;humanit\u00e9 &#8211; L&rsquo;histoire d\u00e9taill\u00e9e de l&rsquo;Homme, de Mohamed Al-Hindi;Allah cr\u00e9a Adam de Sa main avec soin particulier.;Allah insuffla en Adam de Son esprit.;Allah investit Adam de la lieutenance-khil\u00e2fah- sur terre pour y \u00e9tablir une civilisation tant sur le plan mat\u00e9riel que sur le plan spirituel.;Allah enseigna \u00e0 Adam tous les noms des choses et Adam les enseigna aux anges.;Allah fit prosterner les anges devant Adam.;Adam passa un s\u00e9jour au Paradis sur ordre d\u2019Allah.;Adam c\u00e9da \u00e0 la tentation de satan en mangeant de l\u2019arbre d\u00e9fendu.;Adam se repentit de son p\u00e9ch\u00e9 et s\u2019amenda.;Gr\u00e2ce aux vertus dont Allah l\u2019a dot\u00e9 et l\u2019exp\u00e9rience qu\u2019il a v\u00e9cue, Adam r\u00e9ussit sa mission sur terre, ce qui lui permit de retourner au Paradis\u2026;Prendre conscience de ces bienfaits et privil\u00e8ges.;D\u00e9velopper sa puissance d\u2019acqu\u00e9rir le savoir et sa puissance de transmettre le savoir. Mettre en \u0153uvre les capacit\u00e9s et les potentialit\u00e9s h\u00e9rit\u00e9es de notre p\u00e8re Adam.;Se conformer aux ordres d\u2019Allah, \u00e9viter ce qu\u2019il a interdit et se repentir de ses p\u00e9ch\u00e9s. Faire effort sur son \u00e2me et combattre satan. Etablir une civilisation terrestre et une civilisation c\u00e9leste sur cette voie que partage notre Proph\u00e8te avec Adam et paix d\u2019Allah sur eux. c \u2019est ce qu\u2019essaie de mettre en \u00e9vidence ce livre qui a la particularit\u00e9 d\u2019\u00eatre tr\u00e8s riche en versets coraniques, en hadiths proph\u00e9tiques, en explications d\u2019\u00e9minents ex\u00e9g\u00e8tes et en exhortations attendrissantes de savants reconnus.;Marque ALMADINA Editions R\u00e9f\u00e9rence 9789954718100;Fiche technique AUTEUR: &#8211; Muhammad &lsquo;Abd Allah Al-Hind\u00ee LANGUE: -.Fran\u00e7ais ANNEE: &#8211; 2018 SUPPORT: &#8211; Livre THEME: &#8211; Adam, Histoire, Islam \u00c9DITIONS: &#8211; ALMADINA Condition: &#8211; Neuf Nombre de Pages: &#8211; 216 Poids (kg): &#8211; 300 g EAN13: &#8211; 9789954718100 RELIURE: &#8211; Souple.Traduction: &#8211; Mohammed Karimi;R\u00e9f\u00e9rences sp\u00e9cifiques;Donnez votre avis;Aucun commentaire pour le moment<\/p>\n","protected":false},"featured_media":4943,"comment_status":"open","ping_status":"closed","template":"","meta":[],"product_brand":[],"product_cat":[15],"product_tag":[],"class_list":{"0":"post-196","1":"product","2":"type-product","3":"status-publish","4":"has-post-thumbnail","6":"product_cat-non-classe","7":"pa_annee-487","8":"pa_auteur-muhammad-abd-allah-al-hindi","9":"pa_editeur-almadina-editions","10":"pa_langue-francais","11":"pa_nombre-de-pages-596","12":"pa_reliure-souple","14":"first","15":"outofstock","16":"shipping-taxable","17":"purchasable","18":"product-type-simple"},"_links":{"self":[{"href":"https:\/\/lamaktaba.fr\/index.php\/wp-json\/wp\/v2\/product\/196","targetHints":{"allow":["GET"]}}],"collection":[{"href":"https:\/\/lamaktaba.fr\/index.php\/wp-json\/wp\/v2\/product"}],"about":[{"href":"https:\/\/lamaktaba.fr\/index.php\/wp-json\/wp\/v2\/types\/product"}],"replies":[{"embeddable":true,"href":"https:\/\/lamaktaba.fr\/index.php\/wp-json\/wp\/v2\/comments?post=196"}],"wp:featuredmedia":[{"embeddable":true,"href":"https:\/\/lamaktaba.fr\/index.php\/wp-json\/wp\/v2\/media\/4943"}],"wp:attachment":[{"href":"https:\/\/lamaktaba.fr\/index.php\/wp-json\/wp\/v2\/media?parent=196"}],"wp:term":[{"taxonomy":"product_brand","embeddable":true,"href":"https:\/\/lamaktaba.fr\/index.php\/wp-json\/wp\/v2\/product_brand?post=196"},{"taxonomy":"product_cat","embeddable":true,"href":"https:\/\/lamaktaba.fr\/index.php\/wp-json\/wp\/v2\/product_cat?post=196"},{"taxonomy":"product_tag","embeddable":true,"href":"https:\/\/lamaktaba.fr\/index.php\/wp-json\/wp\/v2\/product_tag?post=196"}],"curies":[{"name":"wp","href":"https:\/\/api.w.org\/{rel}","templated":true}]}}