{"id":195,"date":"2020-03-02T10:00:00","date_gmt":"2020-03-02T09:00:00","guid":{"rendered":"https:\/\/lamaktaba.fr\/index.php\/produit\/lhomme-sa-creation-sa-resurrection-et-ses-deux-bonheurs-de-arraghib-al-asfahani\/"},"modified":"2025-04-01T12:45:05","modified_gmt":"2025-04-01T10:45:05","slug":"lhomme-sa-creation-sa-resurrection-et-ses-deux-bonheurs-de-arraghib-al-asfahani","status":"publish","type":"product","link":"https:\/\/lamaktaba.fr\/index.php\/produit\/lhomme-sa-creation-sa-resurrection-et-ses-deux-bonheurs-de-arraghib-al-asfahani","title":{"rendered":"L&rsquo;Homme, Sa Cr\u00e9ation, Sa R\u00e9surrection Et Ses Deux Bonheurs, de Arr\u00e2ghib Al-Asfah\u00e2n\u00ee"},"content":{"rendered":"<p>L&rsquo;Homme, Sa Cr\u00e9ation, Sa R\u00e9surrection Et Ses Deux Bonheurs, de Arr\u00e2ghib Al-Asfah\u00e2n\u00ee;Ce livre, \u00e9crit par un \u00e9minent ex\u00e9g\u00e8te et lexicographe, est vraiment passionnant et d\u2019actualit\u00e9 bien qu\u2019il ait \u00e9t\u00e9 \u00e9crit au douzi\u00e8me si\u00e8cle (apr J.C) Il met en \u00e9vidence l\u2019humanit\u00e9 de l\u2019Homme dans ses dimensions mat\u00e9rielle, spirituelle et c\u00e9leste tout en ayant une finalit\u00e9 \u00e9ducative. Je peux le comparer \u00e0 un vaisseau salutaire auquel son auteur invite le lecteur. Une fois embarqu\u00e9 \u00e0 l\u2019int\u00e9rieur, il te fait plonger -cher fr\u00e8re, ch\u00e8re s\u0153ur-dans l\u2019univers de ton \u00e2me et de ton origine adamique.;Il t\u2019invite ensuite \u00e0 contempler l\u2019univers mat\u00e9riel en te faisant comprendre que tu es en constitues le microcosme et que tu concentres en toi tous les \u00e9l\u00e9ments et les puissances de l\u2019univers. Ensuite, il t\u2019emm\u00e8ne vers ce qui est au-del\u00e0 de cet univers en t\u2019expliquant que celui-ci n\u2019a \u00e9t\u00e9 cr\u00e9\u00e9 que pour toi, que tu as \u00e9t\u00e9 cr\u00e9\u00e9 pour adorer Allah et que tu es un \u00eatre honor\u00e9 et \u00e9lu pour \u00e9tablir une civilisation sur terre et pour vivre le bonheur \u00e9ternel dans l\u2019ultime demeure.;Ensuite, il te fait entrer dans l\u2019univers spirituel et d\u00e9votionnel \u00e0 travers lequel il t\u2019explique que ton bonheur dans ce monde et dans la demeure ultime et ta vraie humanit\u00e9 r\u00e9sident dans la purification de ton \u00e2me des mauvaises vertus, dans ton observation des prescriptions de la religion et dans ta conformit\u00e9 au Proph\u00e8te. A la fin du voyage, il anime en toi le d\u00e9sir de rencontrer ton Seigneur et de jouir du bonheur perdurable.;Marque ALMADINA Editions R\u00e9f\u00e9rence 9789954718094;Fiche technique AUTEUR: &#8211; Arr\u00e2ghib Al-Asfah\u00e2n\u00ee LANGUE: -.Fran\u00e7ais ANNEE: &#8211; 2018 SUPPORT: &#8211; Livre THEME: &#8211; Piliers de la Foi \u00c9DITIONS: &#8211; ALMADINA Condition: &#8211; Neuf Nombre de Pages: &#8211; 136 EAN13: &#8211; 9789954718094 RELIURE: &#8211; Souple.Traduction: &#8211; Mohammed Karimi;R\u00e9f\u00e9rences sp\u00e9cifiques;Donnez votre avis;Aucun commentaire pour le moment<\/p>\n","protected":false},"excerpt":{"rendered":"<p>L&rsquo;Homme, Sa Cr\u00e9ation, Sa R\u00e9surrection Et Ses Deux Bonheurs, de Arr\u00e2ghib Al-Asfah\u00e2n\u00ee;Ce livre, \u00e9crit par un \u00e9minent ex\u00e9g\u00e8te et lexicographe, est vraiment passionnant et d\u2019actualit\u00e9 bien qu\u2019il ait \u00e9t\u00e9 \u00e9crit au douzi\u00e8me si\u00e8cle (apr J.C) Il met en \u00e9vidence l\u2019humanit\u00e9 de l\u2019Homme dans ses dimensions mat\u00e9rielle, spirituelle et c\u00e9leste tout en ayant une finalit\u00e9 \u00e9ducative. Je peux le comparer \u00e0 un vaisseau salutaire auquel son auteur invite le lecteur. Une fois embarqu\u00e9 \u00e0 l\u2019int\u00e9rieur, il te fait plonger -cher fr\u00e8re, ch\u00e8re s\u0153ur-dans l\u2019univers de ton \u00e2me et de ton origine adamique.;Il t\u2019invite ensuite \u00e0 contempler l\u2019univers mat\u00e9riel en te faisant comprendre que tu es en constitues le microcosme et que tu concentres en toi tous les \u00e9l\u00e9ments et les puissances de l\u2019univers. Ensuite, il t\u2019emm\u00e8ne vers ce qui est au-del\u00e0 de cet univers en t\u2019expliquant que celui-ci n\u2019a \u00e9t\u00e9 cr\u00e9\u00e9 que pour toi, que tu as \u00e9t\u00e9 cr\u00e9\u00e9 pour adorer Allah et que tu es un \u00eatre honor\u00e9 et \u00e9lu pour \u00e9tablir une civilisation sur terre et pour vivre le bonheur \u00e9ternel dans l\u2019ultime demeure.;Ensuite, il te fait entrer dans l\u2019univers spirituel et d\u00e9votionnel \u00e0 travers lequel il t\u2019explique que ton bonheur dans ce monde et dans la demeure ultime et ta vraie humanit\u00e9 r\u00e9sident dans la purification de ton \u00e2me des mauvaises vertus, dans ton observation des prescriptions de la religion et dans ta conformit\u00e9 au Proph\u00e8te. A la fin du voyage, il anime en toi le d\u00e9sir de rencontrer ton Seigneur et de jouir du bonheur perdurable.;Marque ALMADINA Editions R\u00e9f\u00e9rence 9789954718094;Fiche technique AUTEUR: &#8211; Arr\u00e2ghib Al-Asfah\u00e2n\u00ee LANGUE: -.Fran\u00e7ais ANNEE: &#8211; 2018 SUPPORT: &#8211; Livre THEME: &#8211; Piliers de la Foi \u00c9DITIONS: &#8211; ALMADINA Condition: &#8211; Neuf Nombre de Pages: &#8211; 136 EAN13: &#8211; 9789954718094 RELIURE: &#8211; Souple.Traduction: &#8211; Mohammed Karimi;R\u00e9f\u00e9rences sp\u00e9cifiques;Donnez votre avis;Aucun commentaire pour le moment<\/p>\n","protected":false},"featured_media":4942,"comment_status":"open","ping_status":"closed","template":"","meta":[],"product_brand":[],"product_cat":[1893],"product_tag":[],"class_list":{"0":"post-195","1":"product","2":"type-product","3":"status-publish","4":"has-post-thumbnail","6":"product_cat-piliers-de-la-foi","7":"pa_annee-487","8":"pa_auteur-arraghib-al-asfahani","9":"pa_editeur-almadina-editions","10":"pa_langue-francais","11":"pa_nombre-de-pages-491","12":"pa_reliure-souple","14":"first","15":"instock","16":"shipping-taxable","17":"purchasable","18":"product-type-simple"},"_links":{"self":[{"href":"https:\/\/lamaktaba.fr\/index.php\/wp-json\/wp\/v2\/product\/195","targetHints":{"allow":["GET"]}}],"collection":[{"href":"https:\/\/lamaktaba.fr\/index.php\/wp-json\/wp\/v2\/product"}],"about":[{"href":"https:\/\/lamaktaba.fr\/index.php\/wp-json\/wp\/v2\/types\/product"}],"replies":[{"embeddable":true,"href":"https:\/\/lamaktaba.fr\/index.php\/wp-json\/wp\/v2\/comments?post=195"}],"wp:featuredmedia":[{"embeddable":true,"href":"https:\/\/lamaktaba.fr\/index.php\/wp-json\/wp\/v2\/media\/4942"}],"wp:attachment":[{"href":"https:\/\/lamaktaba.fr\/index.php\/wp-json\/wp\/v2\/media?parent=195"}],"wp:term":[{"taxonomy":"product_brand","embeddable":true,"href":"https:\/\/lamaktaba.fr\/index.php\/wp-json\/wp\/v2\/product_brand?post=195"},{"taxonomy":"product_cat","embeddable":true,"href":"https:\/\/lamaktaba.fr\/index.php\/wp-json\/wp\/v2\/product_cat?post=195"},{"taxonomy":"product_tag","embeddable":true,"href":"https:\/\/lamaktaba.fr\/index.php\/wp-json\/wp\/v2\/product_tag?post=195"}],"curies":[{"name":"wp","href":"https:\/\/api.w.org\/{rel}","templated":true}]}}