{"id":187,"date":"2020-03-02T10:00:00","date_gmt":"2020-03-02T09:00:00","guid":{"rendered":"https:\/\/lamaktaba.fr\/index.php\/produit\/leducation-reussie-des-enfants-lislam-et-les-droits-de-lenfant-farid-rafat-suwaylim-traduit-par-abdu-r-rahman-hijazi\/"},"modified":"2025-04-01T12:44:14","modified_gmt":"2025-04-01T10:44:14","slug":"leducation-reussie-des-enfants-lislam-et-les-droits-de-lenfant-farid-rafat-suwaylim-traduit-par-abdu-r-rahman-hijazi","status":"publish","type":"product","link":"https:\/\/lamaktaba.fr\/index.php\/produit\/leducation-reussie-des-enfants-lislam-et-les-droits-de-lenfant-farid-rafat-suwaylim-traduit-par-abdu-r-rahman-hijazi","title":{"rendered":"L&rsquo;\u00e9ducation r\u00e9ussie des enfants"},"content":{"rendered":"<p>1er Prix du livre accord\u00e9 par la Ligue des Universit\u00e9s Islamiques;Pour une meilleure compr\u00e9hension de cette grande question qu&rsquo;est l&rsquo;enfance, qu&rsquo;il s&rsquo;agisse de ses droits ou de ses devoirs. Il sied donc \u00e0 tout Musulman d&rsquo;\u00e9tudier la question des droits de l&rsquo;enfant musulman. En effet, ce livre r\u00e9unit parfaitement les \u00e9l\u00e9ments essentiels de cette question et satisfait la curiosit\u00e9 du lecteur int\u00e9ress\u00e9 qui soit, p\u00e8re, m\u00e8re, \u00e9ducateur, chercheur&#8230;;Les th\u00e8mes trait\u00e9s dans ce livre;L&rsquo;Importance de l&rsquo;Enfance;Les Droits de l&rsquo;Enfant avant la Naissance;Les Droits de l&rsquo;Enfant dans le Ventre de Sa M\u00e8re;Les Droits de l&rsquo;Enfant apr\u00e8s la Naissance;Le Droit \u00e0 l&rsquo;Education de la Foi;Le Droit \u00e0 l&rsquo;Education Cultuelle;Le Droit \u00e0 l&rsquo;Education Morale;Le Droit \u00e0 l&rsquo;Education Sociale;Le Droit \u00e0 l&rsquo;Education Physique;Le Droit \u00e0 l&rsquo;Education Sexuelle;Le Droit \u00e0 l&rsquo;Education en Mati\u00e8re de Loisir;Le Droit \u00e0 l&rsquo;Education Intellectuelle;Le Droit \u00e0 l&rsquo;Education en Mati\u00e8re de Pr\u00e9dication.<\/p>\n","protected":false},"excerpt":{"rendered":"<p>1er Prix du livre accord\u00e9 par la Ligue des Universit\u00e9s Islamiques;Pour une meilleure compr\u00e9hension de cette grande question qu&rsquo;est l&rsquo;enfance, qu&rsquo;il s&rsquo;agisse de ses droits ou de ses devoirs. Il sied donc \u00e0 tout Musulman d&rsquo;\u00e9tudier la question des droits de l&rsquo;enfant musulman. En effet, ce livre r\u00e9unit parfaitement les \u00e9l\u00e9ments essentiels de cette question et satisfait la curiosit\u00e9 du lecteur int\u00e9ress\u00e9 qui soit, p\u00e8re, m\u00e8re, \u00e9ducateur, chercheur&#8230;;Les th\u00e8mes trait\u00e9s dans ce livre;L&rsquo;Importance de l&rsquo;Enfance;Les Droits de l&rsquo;Enfant avant la Naissance;Les Droits de l&rsquo;Enfant dans le Ventre de Sa M\u00e8re;Les Droits de l&rsquo;Enfant apr\u00e8s la Naissance;Le Droit \u00e0 l&rsquo;Education de la Foi;Le Droit \u00e0 l&rsquo;Education Cultuelle;Le Droit \u00e0 l&rsquo;Education Morale;Le Droit \u00e0 l&rsquo;Education Sociale;Le Droit \u00e0 l&rsquo;Education Physique;Le Droit \u00e0 l&rsquo;Education Sexuelle;Le Droit \u00e0 l&rsquo;Education en Mati\u00e8re de Loisir;Le Droit \u00e0 l&rsquo;Education Intellectuelle;Le Droit \u00e0 l&rsquo;Education en Mati\u00e8re de Pr\u00e9dication.<\/p>\n","protected":false},"featured_media":37276,"comment_status":"open","ping_status":"closed","template":"","meta":[],"product_brand":[],"product_cat":[15],"product_tag":[],"class_list":{"0":"post-187","1":"product","2":"type-product","3":"status-publish","4":"has-post-thumbnail","6":"product_cat-non-classe","7":"pa_annee-378","8":"pa_auteur-farid-rafat-suwaylim","9":"pa_editeur-almadina-editions","10":"pa_format-21x14-5","11":"pa_nombre-de-pages-771","13":"first","14":"instock","15":"shipping-taxable","16":"purchasable","17":"product-type-simple"},"_links":{"self":[{"href":"https:\/\/lamaktaba.fr\/index.php\/wp-json\/wp\/v2\/product\/187","targetHints":{"allow":["GET"]}}],"collection":[{"href":"https:\/\/lamaktaba.fr\/index.php\/wp-json\/wp\/v2\/product"}],"about":[{"href":"https:\/\/lamaktaba.fr\/index.php\/wp-json\/wp\/v2\/types\/product"}],"replies":[{"embeddable":true,"href":"https:\/\/lamaktaba.fr\/index.php\/wp-json\/wp\/v2\/comments?post=187"}],"wp:featuredmedia":[{"embeddable":true,"href":"https:\/\/lamaktaba.fr\/index.php\/wp-json\/wp\/v2\/media\/37276"}],"wp:attachment":[{"href":"https:\/\/lamaktaba.fr\/index.php\/wp-json\/wp\/v2\/media?parent=187"}],"wp:term":[{"taxonomy":"product_brand","embeddable":true,"href":"https:\/\/lamaktaba.fr\/index.php\/wp-json\/wp\/v2\/product_brand?post=187"},{"taxonomy":"product_cat","embeddable":true,"href":"https:\/\/lamaktaba.fr\/index.php\/wp-json\/wp\/v2\/product_cat?post=187"},{"taxonomy":"product_tag","embeddable":true,"href":"https:\/\/lamaktaba.fr\/index.php\/wp-json\/wp\/v2\/product_tag?post=187"}],"curies":[{"name":"wp","href":"https:\/\/api.w.org\/{rel}","templated":true}]}}