{"id":18525,"date":"2020-05-14T09:44:04","date_gmt":"2020-05-14T09:44:04","guid":{"rendered":"https:\/\/lamaktaba.fr\/?post_type=product&#038;p=18525"},"modified":"2025-05-24T13:05:34","modified_gmt":"2025-05-24T11:05:34","slug":"guirlandes-lumineuse-led-250x100cm","status":"publish","type":"product","link":"https:\/\/lamaktaba.fr\/index.php\/produit\/guirlandes-lumineuse-led-250x100cm","title":{"rendered":"Guirlandes lumineuse LED 250x100cm"},"content":{"rendered":"<p>Nos Guirlandes lumineuse LED apportera une touche unique \u00e0 votre d\u00e9coration de l&rsquo;EID<\/p>\n<p>Mati\u00e8res : Plastique, fil de cuivre<br \/>\nDur\u00e9e de vie : 50000 heures<br \/>\nGrande \u00e9toile : 20cm\/7.87in<br \/>\nPetite \u00e9toile : 10cm\/3.9in<br \/>\nquantit\u00e9 d&rsquo;\u00e9toiles : 12 pcs (6 grands + 6 petits)<br \/>\ncouleur LED : blanc chaud, multicolore<br \/>\nquantit\u00e9 LED : 138 LEDs<br \/>\nLEDs niveau \u00e9tanche : IP44<\/p>\n","protected":false},"excerpt":{"rendered":"<p>Nos Guirlandes lumineuse LED apportera une touche unique \u00e0 votre d\u00e9coration de l&rsquo;EID Mati\u00e8res : Plastique, fil de cuivre Dur\u00e9e de vie : 50000 heures Grande \u00e9toile : 20cm\/7.87in Petite \u00e9toile : 10cm\/3.9in quantit\u00e9 d&rsquo;\u00e9toiles : 12 pcs (6 grands + 6 petits) couleur LED : blanc chaud, multicolore quantit\u00e9 LED : 138 LEDs LEDs [&hellip;]<\/p>\n","protected":false},"featured_media":18541,"comment_status":"open","ping_status":"closed","template":"","meta":[],"product_brand":[],"product_cat":[231],"product_tag":[],"class_list":{"0":"post-18525","1":"product","2":"type-product","3":"status-publish","4":"has-post-thumbnail","6":"product_cat-fete-et-decoration","7":"pa_modele-guirlande-led-blanc-chaleureux","8":"pa_modele-guirlande-led-multicolore","10":"first","11":"outofstock","12":"shipping-taxable","13":"product-type-variable"},"_links":{"self":[{"href":"https:\/\/lamaktaba.fr\/index.php\/wp-json\/wp\/v2\/product\/18525","targetHints":{"allow":["GET"]}}],"collection":[{"href":"https:\/\/lamaktaba.fr\/index.php\/wp-json\/wp\/v2\/product"}],"about":[{"href":"https:\/\/lamaktaba.fr\/index.php\/wp-json\/wp\/v2\/types\/product"}],"replies":[{"embeddable":true,"href":"https:\/\/lamaktaba.fr\/index.php\/wp-json\/wp\/v2\/comments?post=18525"}],"wp:featuredmedia":[{"embeddable":true,"href":"https:\/\/lamaktaba.fr\/index.php\/wp-json\/wp\/v2\/media\/18541"}],"wp:attachment":[{"href":"https:\/\/lamaktaba.fr\/index.php\/wp-json\/wp\/v2\/media?parent=18525"}],"wp:term":[{"taxonomy":"product_brand","embeddable":true,"href":"https:\/\/lamaktaba.fr\/index.php\/wp-json\/wp\/v2\/product_brand?post=18525"},{"taxonomy":"product_cat","embeddable":true,"href":"https:\/\/lamaktaba.fr\/index.php\/wp-json\/wp\/v2\/product_cat?post=18525"},{"taxonomy":"product_tag","embeddable":true,"href":"https:\/\/lamaktaba.fr\/index.php\/wp-json\/wp\/v2\/product_tag?post=18525"}],"curies":[{"name":"wp","href":"https:\/\/api.w.org\/{rel}","templated":true}]}}