{"id":176,"date":"2020-02-03T10:00:00","date_gmt":"2020-02-03T09:00:00","guid":{"rendered":"https:\/\/lamaktaba.fr\/index.php\/produit\/parle-moi-de-lislam-3-le-jeune-sawm\/"},"modified":"2025-04-01T12:44:00","modified_gmt":"2025-04-01T10:44:00","slug":"parle-moi-de-lislam-3-le-jeune-sawm","status":"publish","type":"product","link":"https:\/\/lamaktaba.fr\/index.php\/produit\/parle-moi-de-lislam-3-le-jeune-sawm","title":{"rendered":"Le Je\u00fbne (Sawm), S\u00e9rie \u00ab Parle-moi de l&rsquo;Islam \u00bb"},"content":{"rendered":"<p>Le Je\u00fbne (Sawm), S\u00e9rie \u00ab Parle-moi de l&rsquo;Islam \u00bb;Avec Rayan et sa petite famille, d\u00e9couvrez de mani\u00e8re ludique comment apprendre et comprendre le sens du je\u00fbne (Sawm), d\u00e8s l&rsquo;\u00e2ge de la maternelle.;Ainsi, vous trouverez dans ce livre: Activit\u00e9s, histoire, recette, chanson, mini-bd, et invocations.<\/p>\n","protected":false},"excerpt":{"rendered":"<p>Le Je\u00fbne (Sawm), S\u00e9rie \u00ab Parle-moi de l&rsquo;Islam \u00bb;Avec Rayan et sa petite famille, d\u00e9couvrez de mani\u00e8re ludique comment apprendre et comprendre le sens du je\u00fbne (Sawm), d\u00e8s l&rsquo;\u00e2ge de la maternelle.;Ainsi, vous trouverez dans ce livre: Activit\u00e9s, histoire, recette, chanson, mini-bd, et invocations.<\/p>\n","protected":false},"featured_media":36900,"comment_status":"open","ping_status":"closed","template":"","meta":[],"product_brand":[],"product_cat":[1910,1909],"product_tag":[],"class_list":{"0":"post-176","1":"product","2":"type-product","3":"status-publish","4":"has-post-thumbnail","6":"product_cat-education","7":"product_cat-enfants","8":"pa_annee-381","9":"pa_auteur-concu-et-realise-par-lequipe-de-pixelgraf","10":"pa_editeur-pixelgraf-editions-2","11":"pa_format-20-x-23-cm","12":"pa_langue-francais","13":"pa_nombre-de-pages-431","14":"pa_reliure-souple","16":"first","17":"outofstock","18":"shipping-taxable","19":"purchasable","20":"product-type-simple"},"_links":{"self":[{"href":"https:\/\/lamaktaba.fr\/index.php\/wp-json\/wp\/v2\/product\/176","targetHints":{"allow":["GET"]}}],"collection":[{"href":"https:\/\/lamaktaba.fr\/index.php\/wp-json\/wp\/v2\/product"}],"about":[{"href":"https:\/\/lamaktaba.fr\/index.php\/wp-json\/wp\/v2\/types\/product"}],"replies":[{"embeddable":true,"href":"https:\/\/lamaktaba.fr\/index.php\/wp-json\/wp\/v2\/comments?post=176"}],"wp:featuredmedia":[{"embeddable":true,"href":"https:\/\/lamaktaba.fr\/index.php\/wp-json\/wp\/v2\/media\/36900"}],"wp:attachment":[{"href":"https:\/\/lamaktaba.fr\/index.php\/wp-json\/wp\/v2\/media?parent=176"}],"wp:term":[{"taxonomy":"product_brand","embeddable":true,"href":"https:\/\/lamaktaba.fr\/index.php\/wp-json\/wp\/v2\/product_brand?post=176"},{"taxonomy":"product_cat","embeddable":true,"href":"https:\/\/lamaktaba.fr\/index.php\/wp-json\/wp\/v2\/product_cat?post=176"},{"taxonomy":"product_tag","embeddable":true,"href":"https:\/\/lamaktaba.fr\/index.php\/wp-json\/wp\/v2\/product_tag?post=176"}],"curies":[{"name":"wp","href":"https:\/\/api.w.org\/{rel}","templated":true}]}}