{"id":175,"date":"2020-02-03T10:00:00","date_gmt":"2020-02-03T09:00:00","guid":{"rendered":"https:\/\/lamaktaba.fr\/index.php\/produit\/les-invocations-exaucees-ahmad-abdul-jawad\/"},"modified":"2025-04-01T12:45:09","modified_gmt":"2025-04-01T10:45:09","slug":"les-invocations-exaucees-ahmad-abdul-jawad","status":"publish","type":"product","link":"https:\/\/lamaktaba.fr\/index.php\/produit\/les-invocations-exaucees-ahmad-abdul-jawad","title":{"rendered":"Les Invocations exauc\u00e9es &#8211; Ahmad Abdul Jawad"},"content":{"rendered":"<p>Dieu dit: \u00ab\u00a0Et votre Seigneur dit: Appelez-Moi, je vous exaucerai\u00a0\u00bb (40,60).<br \/>L&rsquo;invocation de Dieu peut prendre la forme d&rsquo;une supplication adress\u00e9 au Tr\u00e8s Haut pour qu&rsquo;Il satisfasse la demande de Son serviteur. Elle peut aussi prendre la forme d&rsquo;un rappel de Dieu par la r\u00e9citation du Coran, la glorification de Dieu ou l&rsquo;imploration de Son pardon. Elle peut aussi \u00eatre un \u00e9tat spirituel: la pi\u00e9t\u00e9.<br \/>Le pr\u00e9sent ouvrage \u00ab\u00a0Les Invocations exauc\u00e9es\u00a0\u00bb du cheikh Ahmad &lsquo;abd al-jaw\u00e2d est un floril\u00e8ge d&rsquo;invocations puis\u00e9es dans le Livre de Dieu et la Tradition proph\u00e9tique. Il sera, pour qui aspire \u00e0 Dieu et \u00e0 la demeure ultime, une source o\u00f9 il pourra abreuver son \u00e2me et une \u00e9chelle qui l&rsquo;\u00e9l\u00e8vera vers la pr\u00e9sence divine.<br \/>Heureux donc soit le serviteur \u00e0 qui Dieu a permis de L&rsquo;invoquer et qu&rsquo;Il a exauc\u00e9.<\/p>\n","protected":false},"excerpt":{"rendered":"<p>Dieu dit: \u00ab\u00a0Et votre Seigneur dit: Appelez-Moi, je vous exaucerai\u00a0\u00bb (40,60).L&rsquo;invocation de Dieu peut prendre la forme d&rsquo;une supplication adress\u00e9 au Tr\u00e8s Haut pour qu&rsquo;Il satisfasse la demande de Son serviteur. Elle peut aussi prendre la forme d&rsquo;un rappel de Dieu par la r\u00e9citation du Coran, la glorification de Dieu ou l&rsquo;imploration de Son pardon. [&hellip;]<\/p>\n","protected":false},"featured_media":0,"comment_status":"open","ping_status":"closed","template":"","meta":[],"product_brand":[],"product_cat":[15],"product_tag":[],"class_list":{"0":"post-175","1":"product","2":"type-product","3":"status-publish","5":"product_cat-non-classe","6":"pa_editeur-i-i-p-h","8":"first","9":"instock","10":"shipping-taxable","11":"purchasable","12":"product-type-simple"},"_links":{"self":[{"href":"https:\/\/lamaktaba.fr\/index.php\/wp-json\/wp\/v2\/product\/175","targetHints":{"allow":["GET"]}}],"collection":[{"href":"https:\/\/lamaktaba.fr\/index.php\/wp-json\/wp\/v2\/product"}],"about":[{"href":"https:\/\/lamaktaba.fr\/index.php\/wp-json\/wp\/v2\/types\/product"}],"replies":[{"embeddable":true,"href":"https:\/\/lamaktaba.fr\/index.php\/wp-json\/wp\/v2\/comments?post=175"}],"wp:attachment":[{"href":"https:\/\/lamaktaba.fr\/index.php\/wp-json\/wp\/v2\/media?parent=175"}],"wp:term":[{"taxonomy":"product_brand","embeddable":true,"href":"https:\/\/lamaktaba.fr\/index.php\/wp-json\/wp\/v2\/product_brand?post=175"},{"taxonomy":"product_cat","embeddable":true,"href":"https:\/\/lamaktaba.fr\/index.php\/wp-json\/wp\/v2\/product_cat?post=175"},{"taxonomy":"product_tag","embeddable":true,"href":"https:\/\/lamaktaba.fr\/index.php\/wp-json\/wp\/v2\/product_tag?post=175"}],"curies":[{"name":"wp","href":"https:\/\/api.w.org\/{rel}","templated":true}]}}