{"id":173,"date":"2020-02-03T10:00:00","date_gmt":"2020-02-03T09:00:00","guid":{"rendered":"https:\/\/lamaktaba.fr\/index.php\/produit\/decouverte-des-cinq-piliers-de-lislam-de-abderrazak-mahri\/"},"modified":"2025-04-01T12:46:16","modified_gmt":"2025-04-01T10:46:16","slug":"decouverte-des-cinq-piliers-de-lislam-de-abderrazak-mahri","status":"publish","type":"product","link":"https:\/\/lamaktaba.fr\/index.php\/produit\/decouverte-des-cinq-piliers-de-lislam-de-abderrazak-mahri","title":{"rendered":"D\u00e9couverte des cinq piliers de l&rsquo;Islam, de Abderrazak Mahri"},"content":{"rendered":"<p>D\u00e9couverte des cinq piliers de l&rsquo;Islam, de Abderrazak Mahri<br \/>D\u00e9rivant de la racine arabe s-l-m qui englobe divers sens dont la paix, la s\u00e9curit\u00e9 et la soumission, l&rsquo;Islam d\u00e9crit la \u00ab\u00a0soumission\u00a0\u00bb, la r\u00e9signation, l&rsquo;ob\u00e9issance de propos d\u00e9lib\u00e9r\u00e9 de l&rsquo;homme \u00e0 Son cr\u00e9ateur Dieu le Tr\u00e8s-Haut.<br \/>Le pr\u00e9sent ouvrage est une invitation \u00e0 d\u00e9couvrir les rudiments de l&rsquo;Islam, ce qui constitue ses piliers, ses fondamentaux.<br \/>Lorsque les gens venaient le voir pour s&rsquo;informer au sujet de l&rsquo;Islam, l&rsquo;Envoy\u00e9 de Dieu (SallaLah wa 3layihi wa salam) r\u00e9pondait: \u00a0\u00bb L &lsquo;Islam consiste \u00e0 attester qu&rsquo; Il n&rsquo;y a de Dieu que Dieu et que Muhammed est son Envoy\u00e9, \u00e0 observer la pri\u00e8re, \u00e0 acquitter l&rsquo;aum\u00f4ne l\u00e9gale, \u00e0 je\u00fbner le mois du Ramad\u00e2n et \u00e0 visiter la Maison sacr\u00e9e (de la Mecque) pour qui en a la possibilit\u00e9.<br \/>Il importe d\u00e8s lors de commencer par l\u00e0 si l&rsquo;on veut cheminer vers Dieu et L&rsquo;adorer en connaissance de cause et en toute clairvoyance.<\/p>\n","protected":false},"excerpt":{"rendered":"<p>D\u00e9couverte des cinq piliers de l&rsquo;Islam, de Abderrazak MahriD\u00e9rivant de la racine arabe s-l-m qui englobe divers sens dont la paix, la s\u00e9curit\u00e9 et la soumission, l&rsquo;Islam d\u00e9crit la \u00ab\u00a0soumission\u00a0\u00bb, la r\u00e9signation, l&rsquo;ob\u00e9issance de propos d\u00e9lib\u00e9r\u00e9 de l&rsquo;homme \u00e0 Son cr\u00e9ateur Dieu le Tr\u00e8s-Haut.Le pr\u00e9sent ouvrage est une invitation \u00e0 d\u00e9couvrir les rudiments de l&rsquo;Islam, [&hellip;]<\/p>\n","protected":false},"featured_media":4881,"comment_status":"open","ping_status":"closed","template":"","meta":[],"product_brand":[],"product_cat":[1516],"product_tag":[],"class_list":{"0":"post-173","1":"product","2":"type-product","3":"status-publish","4":"has-post-thumbnail","6":"product_cat-special-ramadan","7":"pa_editeur-hedilina","9":"first","10":"instock","11":"shipping-taxable","12":"purchasable","13":"product-type-simple"},"_links":{"self":[{"href":"https:\/\/lamaktaba.fr\/index.php\/wp-json\/wp\/v2\/product\/173","targetHints":{"allow":["GET"]}}],"collection":[{"href":"https:\/\/lamaktaba.fr\/index.php\/wp-json\/wp\/v2\/product"}],"about":[{"href":"https:\/\/lamaktaba.fr\/index.php\/wp-json\/wp\/v2\/types\/product"}],"replies":[{"embeddable":true,"href":"https:\/\/lamaktaba.fr\/index.php\/wp-json\/wp\/v2\/comments?post=173"}],"wp:featuredmedia":[{"embeddable":true,"href":"https:\/\/lamaktaba.fr\/index.php\/wp-json\/wp\/v2\/media\/4881"}],"wp:attachment":[{"href":"https:\/\/lamaktaba.fr\/index.php\/wp-json\/wp\/v2\/media?parent=173"}],"wp:term":[{"taxonomy":"product_brand","embeddable":true,"href":"https:\/\/lamaktaba.fr\/index.php\/wp-json\/wp\/v2\/product_brand?post=173"},{"taxonomy":"product_cat","embeddable":true,"href":"https:\/\/lamaktaba.fr\/index.php\/wp-json\/wp\/v2\/product_cat?post=173"},{"taxonomy":"product_tag","embeddable":true,"href":"https:\/\/lamaktaba.fr\/index.php\/wp-json\/wp\/v2\/product_tag?post=173"}],"curies":[{"name":"wp","href":"https:\/\/api.w.org\/{rel}","templated":true}]}}