{"id":171,"date":"2020-02-03T10:00:00","date_gmt":"2020-02-03T09:00:00","guid":{"rendered":"https:\/\/lamaktaba.fr\/index.php\/produit\/le-poster-parlant-du-petit-musulman-bilingue-francais-arabe-jeu-jouet\/"},"modified":"2025-04-01T12:45:38","modified_gmt":"2025-04-01T10:45:38","slug":"le-poster-parlant-du-petit-musulman-bilingue-francais-arabe-jeu-jouet","status":"publish","type":"product","link":"https:\/\/lamaktaba.fr\/index.php\/produit\/le-poster-parlant-du-petit-musulman-bilingue-francais-arabe-jeu-jouet","title":{"rendered":"Le poster parlant du petit musulman (Bilingue fran\u00e7ais \/ arabe) &#8211; Jeu \/ jouet"},"content":{"rendered":"<p>D\u00e9corez la chambre des enfants avec ce joli poster parlant. Il suffit d\u2019appuyer sur le poster et ce dernier se met \u00e0 parler. Le poster est enti\u00e8rement traduit en fran\u00e7ais.<br \/>Avec \u00ab Le poster parlant du petit musulman \u00bb apprenez<br \/>Des sourates courtes du Saint Coran.<br \/>Des invocations quotidiennes et l\u2019appel \u00e0 la pri\u00e8re (Adh\u00e2n).<br \/>Les chiffres de 0 \u00e0 9 et leur \u00e9critures (chiffres arabes et indiens).<br \/>Les 28 lettres de l\u2019alphabet arabe et 28 mots avec leur \u00e9pellation. Dans ce poster d\u00e9couvrez \u00e9galement<br \/>Des jeux pour r\u00e9viser: O\u00f9 est la lettre? O\u00f9 est le chiffre?<br \/>Un chant (sans musique) qui reprend toutes les lettres de l\u2019alphabet arabe. Autres fonctions<br \/>Possibilit\u00e9 de r\u00e9glage du volume.<br \/>Le poster s\u2019\u00e9teint automatiquement en cas de non utilisation.<br \/>Utilise 3 piles 1,5V de type AAA (non fournies).<br \/>Remarque: Pour un bon contact des touches, il faut appuyer au centre des touches et il est conseill\u00e9 de le fixer sur un mur plat, de fa\u00e7on bien \u00e9tir\u00e9e, avec des punaises ou du scotch au niveau de ses 4 extr\u00e9mit\u00e9s.<br \/>Pour ins\u00e9rer la troisi\u00e8me pile, l&#8217;emplacement se trouve \u00e0 droite du second.<\/p>\n","protected":false},"excerpt":{"rendered":"<p>D\u00e9corez la chambre des enfants avec ce joli poster parlant. Il suffit d\u2019appuyer sur le poster et ce dernier se met \u00e0 parler. Le poster est enti\u00e8rement traduit en fran\u00e7ais.Avec \u00ab Le poster parlant du petit musulman \u00bb apprenezDes sourates courtes du Saint Coran.Des invocations quotidiennes et l\u2019appel \u00e0 la pri\u00e8re (Adh\u00e2n).Les chiffres de 0 [&hellip;]<\/p>\n","protected":false},"featured_media":4874,"comment_status":"open","ping_status":"closed","template":"","meta":[],"product_brand":[],"product_cat":[15],"product_tag":[],"class_list":{"0":"post-171","1":"product","2":"type-product","3":"status-publish","4":"has-post-thumbnail","6":"product_cat-non-classe","7":"pa_editeur-hedilina","9":"first","10":"outofstock","11":"shipping-taxable","12":"purchasable","13":"product-type-simple"},"_links":{"self":[{"href":"https:\/\/lamaktaba.fr\/index.php\/wp-json\/wp\/v2\/product\/171","targetHints":{"allow":["GET"]}}],"collection":[{"href":"https:\/\/lamaktaba.fr\/index.php\/wp-json\/wp\/v2\/product"}],"about":[{"href":"https:\/\/lamaktaba.fr\/index.php\/wp-json\/wp\/v2\/types\/product"}],"replies":[{"embeddable":true,"href":"https:\/\/lamaktaba.fr\/index.php\/wp-json\/wp\/v2\/comments?post=171"}],"wp:featuredmedia":[{"embeddable":true,"href":"https:\/\/lamaktaba.fr\/index.php\/wp-json\/wp\/v2\/media\/4874"}],"wp:attachment":[{"href":"https:\/\/lamaktaba.fr\/index.php\/wp-json\/wp\/v2\/media?parent=171"}],"wp:term":[{"taxonomy":"product_brand","embeddable":true,"href":"https:\/\/lamaktaba.fr\/index.php\/wp-json\/wp\/v2\/product_brand?post=171"},{"taxonomy":"product_cat","embeddable":true,"href":"https:\/\/lamaktaba.fr\/index.php\/wp-json\/wp\/v2\/product_cat?post=171"},{"taxonomy":"product_tag","embeddable":true,"href":"https:\/\/lamaktaba.fr\/index.php\/wp-json\/wp\/v2\/product_tag?post=171"}],"curies":[{"name":"wp","href":"https:\/\/api.w.org\/{rel}","templated":true}]}}