{"id":167,"date":"2020-02-03T10:00:00","date_gmt":"2020-02-03T09:00:00","guid":{"rendered":"https:\/\/lamaktaba.fr\/index.php\/produit\/talbis-iblisdapres-ibn-al-jawzi\/"},"modified":"2025-04-01T12:44:25","modified_gmt":"2025-04-01T10:44:25","slug":"talbis-iblisdapres-ibn-al-jawzi","status":"publish","type":"product","link":"https:\/\/lamaktaba.fr\/index.php\/produit\/talbis-iblisdapres-ibn-al-jawzi","title":{"rendered":"Talbis Iblisd&rsquo;apr\u00e8s Ibn Al Jawzi"},"content":{"rendered":"<p>Talbis Iblisd&rsquo;apr\u00e8s Ibn Al Jawzi<br \/>Dans la tradition musulmane, Satan (ou Iblis), aveugl\u00e9 par son orgueil, convaincu de sa sup\u00e9riorit\u00e9 sur l&rsquo;homme, refusa d&rsquo;ob\u00e9ir \u00e0 l&rsquo;ordre de son Seigneur: \u00ab\u00a0Prosterne-toi devant celui que j&rsquo;ai cr\u00e9e de terre\u00a0\u00bb 0.27868852459016.<br \/>Sa d\u00e9sob\u00e9issance et son orgueil lui co\u00fbt\u00e8rent la damnation. Pour Iblis l&rsquo;unique cause de sa d\u00e9ch\u00e9ance, c&rsquo;est l&rsquo;homme, cet \u00eatre de poussi\u00e8re que le cr\u00e9ateur a choisi de placer au-dessus de toutes les cr\u00e9atures.<br \/>A son tour, Iblis le djinn d\u00e9chu, tenta de pousser Adam \u00e0 la d\u00e9sob\u00e9issance en il conseille de manger un fruit de l&rsquo;arbre d\u00e9fendu et ce afin d&rsquo;\u00eatre, \u00e0 son tour disgraci\u00e9.<br \/>D\u00e9sormais, bannis par leur Seigneur, Iblis et Adam vont se retrouver sur un m\u00eame lieu d&rsquo;exil, le monde d&rsquo;ici-bas. Iblis n&rsquo;accordera aucun r\u00e9pit \u00e0 Adam et sa prog\u00e9niture. C&rsquo;est sans rel\u00e2che qu&rsquo;il tentera de d\u00e9tourner l&rsquo;humanit\u00e9 du droit chemin pour la mener \u00e0 sa perte. Le rus\u00e9 va, par un effet d&rsquo;illusion, montrer les faux sous la forme du vrai (talbis). Il r\u00e9ussi \u00e0 faire remplacer les vraies croyances et le v\u00e9ritable culte par des fausset\u00e9s, \u00e9loignant les hommes de la v\u00e9rit\u00e9 et de la r\u00e9alit\u00e9.<br \/>Cet ouvrage est compos\u00e9 de 13 Chapitres majeurs que voici<br \/>L&rsquo;ordre de se conformer \u00e0 la Sunna et \u00e0 la communaut\u00e9 des musulmans.<br \/>Le bl\u00e2me de l&rsquo;innovation et des innovateurs.<br \/>Mise en garde contre les tentations et les stratag\u00e9mes d&rsquo;Iblis.<br \/>Signification des termes Talbis et Gharur.<br \/>Les ruses d&rsquo;Iblis vis-\u00e0-vis des croyances et des religions.<br \/>Les ruses d&rsquo;Iblis contre les savant dans les branches de la science.<br \/>Les ruses d&rsquo;iblis contre les gouvernants et les souverains.<br \/>Les ruses d&rsquo;Iblis chez les serviteurs et les adorateurs dans leurs adorations.<br \/>La ruse d&rsquo;Iblis contre les Asc\u00e9tes et les serviteurs.<br \/>Sa ruse contre les soufis parmi les asc\u00e8tes.<br \/>Concernant les ruses d&rsquo;Iblis contre les religieux \u00e0 travers les pr\u00e9sum\u00e9s miracles.<br \/>Les ruses d&rsquo;Iblis contre la population.<br \/>Les ruses d&rsquo;Iblis contre tous les hommes en les faisant se reposer sur l&rsquo;espoir.<br \/>Marque &#8211; SABIL Editions R\u00e9f\u00e9rence 9782356330048<br \/>Fiche technique AUTEUR: &#8211; Ibn al Jawazi ANNEE: &#8211; 2010 SUPPORT: &#8211; Livre THEME: &#8211; Education et Purification de L&rsquo; \u00c2me \u00c9DITIONS: &#8211; -SABIL Condition: &#8211; Neuf Nombre de Pages: &#8211; 575 FORMAT (CM): 17 x 24.5 CM Poids (kg): &#8211; 0.992 EAN13: &#8211; 9782917034101 RELIURE: &#8211; Rigide<br \/>R\u00e9f\u00e9rences sp\u00e9cifiques<br \/>Donnez votre avis<br \/>Aucun commentaire pour le moment<\/p>\n","protected":false},"excerpt":{"rendered":"<p>Talbis Iblisd&rsquo;apr\u00e8s Ibn Al JawziDans la tradition musulmane, Satan (ou Iblis), aveugl\u00e9 par son orgueil, convaincu de sa sup\u00e9riorit\u00e9 sur l&rsquo;homme, refusa d&rsquo;ob\u00e9ir \u00e0 l&rsquo;ordre de son Seigneur: \u00ab\u00a0Prosterne-toi devant celui que j&rsquo;ai cr\u00e9e de terre\u00a0\u00bb 0.27868852459016.Sa d\u00e9sob\u00e9issance et son orgueil lui co\u00fbt\u00e8rent la damnation. Pour Iblis l&rsquo;unique cause de sa d\u00e9ch\u00e9ance, c&rsquo;est l&rsquo;homme, cet [&hellip;]<\/p>\n","protected":false},"featured_media":4859,"comment_status":"open","ping_status":"closed","template":"","meta":[],"product_brand":[],"product_cat":[15],"product_tag":[],"class_list":{"0":"post-167","1":"product","2":"type-product","3":"status-publish","4":"has-post-thumbnail","6":"product_cat-non-classe","7":"pa_annee-667","8":"pa_auteur-ibn-al-jawazi","9":"pa_editeur-sabil-editions-2","10":"pa_format-17-x-24-5-cm","11":"pa_nombre-de-pages-1047","12":"pa_reliure-rigide","14":"first","15":"outofstock","16":"shipping-taxable","17":"purchasable","18":"product-type-simple"},"_links":{"self":[{"href":"https:\/\/lamaktaba.fr\/index.php\/wp-json\/wp\/v2\/product\/167","targetHints":{"allow":["GET"]}}],"collection":[{"href":"https:\/\/lamaktaba.fr\/index.php\/wp-json\/wp\/v2\/product"}],"about":[{"href":"https:\/\/lamaktaba.fr\/index.php\/wp-json\/wp\/v2\/types\/product"}],"replies":[{"embeddable":true,"href":"https:\/\/lamaktaba.fr\/index.php\/wp-json\/wp\/v2\/comments?post=167"}],"wp:featuredmedia":[{"embeddable":true,"href":"https:\/\/lamaktaba.fr\/index.php\/wp-json\/wp\/v2\/media\/4859"}],"wp:attachment":[{"href":"https:\/\/lamaktaba.fr\/index.php\/wp-json\/wp\/v2\/media?parent=167"}],"wp:term":[{"taxonomy":"product_brand","embeddable":true,"href":"https:\/\/lamaktaba.fr\/index.php\/wp-json\/wp\/v2\/product_brand?post=167"},{"taxonomy":"product_cat","embeddable":true,"href":"https:\/\/lamaktaba.fr\/index.php\/wp-json\/wp\/v2\/product_cat?post=167"},{"taxonomy":"product_tag","embeddable":true,"href":"https:\/\/lamaktaba.fr\/index.php\/wp-json\/wp\/v2\/product_tag?post=167"}],"curies":[{"name":"wp","href":"https:\/\/api.w.org\/{rel}","templated":true}]}}