{"id":166,"date":"2020-02-03T10:00:00","date_gmt":"2020-02-03T09:00:00","guid":{"rendered":"https:\/\/lamaktaba.fr\/index.php\/produit\/la-sorcellerie-a-travers-le-temps-le-cheikh-mohammed-ibn-ibrahim-al-hamed\/"},"modified":"2025-04-01T12:43:30","modified_gmt":"2025-04-01T10:43:30","slug":"la-sorcellerie-a-travers-le-temps-le-cheikh-mohammed-ibn-ibrahim-al-hamed","status":"publish","type":"product","link":"https:\/\/lamaktaba.fr\/index.php\/produit\/la-sorcellerie-a-travers-le-temps-le-cheikh-mohammed-ibn-ibrahim-al-hamed","title":{"rendered":"Les rapports m\u00e9re-enfants en islam d&rsquo;apr\u00e8s Oummou Soufyan"},"content":{"rendered":"<p>Les rapports m\u00e9re-enfants en islam d&rsquo;apr\u00e8s Oummou Soufyan;Dans son immense sagesse, Allah le l\u00e9gislateur ne s&rsquo;est pas concent\u00e9 d&rsquo;\u00e9tablir les fondements de l&rsquo;Islam, d&rsquo;en d\u00e9finir les obligations l\u00e9gales et de proclamer ses droits sur les cr\u00e9atures, il a \u00e9galement l\u00e9gif\u00e9r\u00e9 sur les droits des cr\u00e9atures les unes vis-\u00e0-vis des autres, notamment dans le domaine des relations sociales.;Conscients du r\u00f4le fondamental que la m\u00e8re joue au coeur de toute soci\u00e9t\u00e9 humaine, nous avons tenu \u00e0 consacrer ce modeste ouvrage \u00e0 la question des rapports m\u00e8re-enfants. Il ne s&rsquo;agit pas, par ce choix, de minimiser injustement l&rsquo;importance de la figure paternelle dans l&rsquo;\u00e9ducation, mais de prendre acte de certaines r\u00e9alit\u00e9s.;Cet ouvrage est compos\u00e9 de diff\u00e9rentes parties que voici;L\u2019\u00e9ducation par la parole;L\u2019\u00e9ducation et le savoir;L\u2019\u00e9ducation morale;L\u2019enseignement de la virilit\u00e9 et du courage aux enfants;L\u2019\u00e9ducation des filles;Le mariage des filles;Nourrir les enfants du licite et les pr\u00e9server de l\u2019illicite;Comment corriger les enfants;L a perte de l\u2019enfant;L\u2019\u00e9ducation religieuse.<\/p>\n","protected":false},"excerpt":{"rendered":"<p>Les rapports m\u00e9re-enfants en islam d&rsquo;apr\u00e8s Oummou Soufyan;Dans son immense sagesse, Allah le l\u00e9gislateur ne s&rsquo;est pas concent\u00e9 d&rsquo;\u00e9tablir les fondements de l&rsquo;Islam, d&rsquo;en d\u00e9finir les obligations l\u00e9gales et de proclamer ses droits sur les cr\u00e9atures, il a \u00e9galement l\u00e9gif\u00e9r\u00e9 sur les droits des cr\u00e9atures les unes vis-\u00e0-vis des autres, notamment dans le domaine des relations sociales.;Conscients du r\u00f4le fondamental que la m\u00e8re joue au coeur de toute soci\u00e9t\u00e9 humaine, nous avons tenu \u00e0 consacrer ce modeste ouvrage \u00e0 la question des rapports m\u00e8re-enfants. Il ne s&rsquo;agit pas, par ce choix, de minimiser injustement l&rsquo;importance de la figure paternelle dans l&rsquo;\u00e9ducation, mais de prendre acte de certaines r\u00e9alit\u00e9s.;Cet ouvrage est compos\u00e9 de diff\u00e9rentes parties que voici;L\u2019\u00e9ducation par la parole;L\u2019\u00e9ducation et le savoir;L\u2019\u00e9ducation morale;L\u2019enseignement de la virilit\u00e9 et du courage aux enfants;L\u2019\u00e9ducation des filles;Le mariage des filles;Nourrir les enfants du licite et les pr\u00e9server de l\u2019illicite;Comment corriger les enfants;L a perte de l\u2019enfant;L\u2019\u00e9ducation religieuse.<\/p>\n","protected":false},"featured_media":37565,"comment_status":"open","ping_status":"closed","template":"","meta":[],"product_brand":[],"product_cat":[1910,1925],"product_tag":[],"class_list":{"0":"post-166","1":"product","2":"type-product","3":"status-publish","4":"has-post-thumbnail","6":"product_cat-education","7":"product_cat-education-des-enfants","8":"pa_auteur-oummou-soufyan","9":"pa_editeur-assia-editions","10":"pa_format-14-x-21","11":"pa_nombre-de-pages-1041","12":"pa_reliure-souple","14":"first","15":"instock","16":"shipping-taxable","17":"purchasable","18":"product-type-simple"},"_links":{"self":[{"href":"https:\/\/lamaktaba.fr\/index.php\/wp-json\/wp\/v2\/product\/166","targetHints":{"allow":["GET"]}}],"collection":[{"href":"https:\/\/lamaktaba.fr\/index.php\/wp-json\/wp\/v2\/product"}],"about":[{"href":"https:\/\/lamaktaba.fr\/index.php\/wp-json\/wp\/v2\/types\/product"}],"replies":[{"embeddable":true,"href":"https:\/\/lamaktaba.fr\/index.php\/wp-json\/wp\/v2\/comments?post=166"}],"wp:featuredmedia":[{"embeddable":true,"href":"https:\/\/lamaktaba.fr\/index.php\/wp-json\/wp\/v2\/media\/37565"}],"wp:attachment":[{"href":"https:\/\/lamaktaba.fr\/index.php\/wp-json\/wp\/v2\/media?parent=166"}],"wp:term":[{"taxonomy":"product_brand","embeddable":true,"href":"https:\/\/lamaktaba.fr\/index.php\/wp-json\/wp\/v2\/product_brand?post=166"},{"taxonomy":"product_cat","embeddable":true,"href":"https:\/\/lamaktaba.fr\/index.php\/wp-json\/wp\/v2\/product_cat?post=166"},{"taxonomy":"product_tag","embeddable":true,"href":"https:\/\/lamaktaba.fr\/index.php\/wp-json\/wp\/v2\/product_tag?post=166"}],"curies":[{"name":"wp","href":"https:\/\/api.w.org\/{rel}","templated":true}]}}