{"id":165,"date":"2020-02-03T10:00:00","date_gmt":"2020-02-03T09:00:00","guid":{"rendered":"https:\/\/lamaktaba.fr\/index.php\/produit\/dentifrice-naturel-looloo-a-base-de-clous-de-girofle-laung-gel-cosmetique\/"},"modified":"2025-04-01T12:47:48","modified_gmt":"2025-04-01T10:47:48","slug":"dentifrice-naturel-looloo-a-base-de-clous-de-girofle-laung-gel-cosmetique","status":"publish","type":"product","link":"https:\/\/lamaktaba.fr\/index.php\/produit\/dentifrice-naturel-looloo-a-base-de-clous-de-girofle-laung-gel-cosmetique","title":{"rendered":"Dentifrice naturel \u00ab\u00a0Looloo\u00a0\u00bb \u00e0 base de clous de girofle &#8211; Laung gel &#8211; Cosm\u00e9tique"},"content":{"rendered":"<p>Ce dentifrice est id\u00e9al pour une hygi\u00e8ne quotidienne des dents et des gencives. Le clou de girofle est utilis\u00e9 depuis des ann\u00e9es, pour ses propri\u00e9t\u00e9s germicides et antiseptiques. Il est \u00e9galement connu pour ses propri\u00e9t\u00e9s anesth\u00e9siantes.<br \/>Profitez des vertues du clou de girofle, le soin dentaire le plus ancien et le plus efficace: 100 % v\u00e9getal, ce dentifrice \u00e0 base de clou de girofle constitue un excellent soin dentaire naturel anti-douleur.<\/p>\n","protected":false},"excerpt":{"rendered":"<p>Ce dentifrice est id\u00e9al pour une hygi\u00e8ne quotidienne des dents et des gencives. Le clou de girofle est utilis\u00e9 depuis des ann\u00e9es, pour ses propri\u00e9t\u00e9s germicides et antiseptiques. Il est \u00e9galement connu pour ses propri\u00e9t\u00e9s anesth\u00e9siantes.Profitez des vertues du clou de girofle, le soin dentaire le plus ancien et le plus efficace: 100 % v\u00e9getal, [&hellip;]<\/p>\n","protected":false},"featured_media":4855,"comment_status":"open","ping_status":"closed","template":"","meta":[],"product_brand":[],"product_cat":[131],"product_tag":[],"class_list":{"0":"post-165","1":"product","2":"type-product","3":"status-publish","4":"has-post-thumbnail","6":"product_cat-beaute-soins-naturels-cosmetique","7":"pa_editeur-graines-de-foi","9":"first","10":"outofstock","11":"shipping-taxable","12":"purchasable","13":"product-type-simple"},"_links":{"self":[{"href":"https:\/\/lamaktaba.fr\/index.php\/wp-json\/wp\/v2\/product\/165","targetHints":{"allow":["GET"]}}],"collection":[{"href":"https:\/\/lamaktaba.fr\/index.php\/wp-json\/wp\/v2\/product"}],"about":[{"href":"https:\/\/lamaktaba.fr\/index.php\/wp-json\/wp\/v2\/types\/product"}],"replies":[{"embeddable":true,"href":"https:\/\/lamaktaba.fr\/index.php\/wp-json\/wp\/v2\/comments?post=165"}],"wp:featuredmedia":[{"embeddable":true,"href":"https:\/\/lamaktaba.fr\/index.php\/wp-json\/wp\/v2\/media\/4855"}],"wp:attachment":[{"href":"https:\/\/lamaktaba.fr\/index.php\/wp-json\/wp\/v2\/media?parent=165"}],"wp:term":[{"taxonomy":"product_brand","embeddable":true,"href":"https:\/\/lamaktaba.fr\/index.php\/wp-json\/wp\/v2\/product_brand?post=165"},{"taxonomy":"product_cat","embeddable":true,"href":"https:\/\/lamaktaba.fr\/index.php\/wp-json\/wp\/v2\/product_cat?post=165"},{"taxonomy":"product_tag","embeddable":true,"href":"https:\/\/lamaktaba.fr\/index.php\/wp-json\/wp\/v2\/product_tag?post=165"}],"curies":[{"name":"wp","href":"https:\/\/api.w.org\/{rel}","templated":true}]}}