{"id":162,"date":"2020-02-03T10:00:00","date_gmt":"2020-02-03T09:00:00","guid":{"rendered":"https:\/\/lamaktaba.fr\/index.php\/produit\/jeu-de-societe-tariq-el-hidayah-sur-le-chemin-de-la-guidance-jeu-jouet\/"},"modified":"2025-04-01T12:44:25","modified_gmt":"2025-04-01T10:44:25","slug":"jeu-de-societe-tariq-el-hidayah-sur-le-chemin-de-la-guidance-jeu-jouet","status":"publish","type":"product","link":"https:\/\/lamaktaba.fr\/index.php\/produit\/jeu-de-societe-tariq-el-hidayah-sur-le-chemin-de-la-guidance-jeu-jouet","title":{"rendered":"Jeu de Soci\u00e9t\u00e9: Tariq El Hidayah (Sur le Chemin de la Guidance) &#8211; Jeu \/ jouet"},"content":{"rendered":"<p>Quoi de plus enrichissant que d&rsquo;apprendre en s&rsquo;amusant?<br \/>Bienvenue sur l&rsquo;\u00eele de Hidayah, o\u00f9 l&rsquo;humour est de rigueur !<br \/>Au d\u00e9but de la partie, chaque joueur est dot\u00e9 de 1200 Hassabiyates (unit\u00e9 du jeu) et d&rsquo;un pion, le vainqueur (de la partie) est celui qui d\u00e9tient le plus de Hassabiyates \u00e0 la fin du tour.<br \/>Les Hassabiyates se gagnent (ou se perdent) par diff\u00e9rents moyens<br \/>R\u00e9pondre \u00e0 des Questions traitant de l&rsquo;Islam (80% des questions), de l&rsquo;Histoire de France, de la M\u00e9decine et de l&rsquo;Astronomie.<br \/>Apprendre des invocations, des versets, des hadiths PENDANT LA PARTIE, qui vous feront gagner des Hassabiyates dans le jeu et des Hassanets devant Dieu !<br \/>Effectuer des Activit\u00e9s (exemple: sauter sur place jusqu&rsquo;au prochain tour, faire le tour de la ronde \u00e0 cloche pied&#8230;) !<br \/>Un fascicule traitant de la vie du Proph\u00e8te a \u00e9t\u00e9 joint, (Quoi??, vous n&rsquo;avez pas dit \u00ab\u00a0Paix et B\u00e9n\u00e9dictions de Dieu sur Lui\u00a0\u00bb? Vous devez 200 Hassabiyates \u00e0 celui qui vous l&rsquo;a fait remarquer !) vous devez lire une partie de Sa vie, attendre un tour puis poser une question \u00e0 ce sujet ! Soyez attentifs !<br \/>Apr\u00e8s la France, la Belgique, le Canada, l&rsquo;Angleterre, la R\u00e9union, la Suisse laissez Tariq el Hidayah faire un tour chez vous&#8230; et vous ne le laisserez plus repartir Mouslimon !<br \/>Tous les hadiths sont authentiques. Vous apprendrez en vous amusant sans m\u00eame vous en rendre compte !<br \/>Pour animer vos soir\u00e9es en famille, entre fr\u00e8res et soeurs, en couple toutes les raisons sont bonnes pour jouer \u00e0 Tariq el Hidayah et apprendre l&rsquo;Islam en s&rsquo;amusant ! D\u00e9j\u00e0 pl\u00e9biscit\u00e9e par de nombreuses familles, des mosqu\u00e9es, une \u00e9cole et bient\u00f4t votre tour in cha Allah !<br \/>Le jeu de soci\u00e9t\u00e9 pour d\u00e9couvrir en s&rsquo;amusant.<br \/>Simple, Ludique et Islamique<br \/>Serez vous capables d&rsquo;avoir le plus de Hassabiyates? Rien n&rsquo;est moins s\u00fbr !<br \/>Boite de jeu compos\u00e9e de<br \/>55 cartes \u00ab\u00a0Questions<br \/>55 cartes \u00ab\u00a0Savoir<br \/>50 cartes \u00ab\u00a0Action<br \/>6 pions de couleurs<br \/>  un fascicule qui inclue plus de 50 items !<\/p>\n","protected":false},"excerpt":{"rendered":"<p>Quoi de plus enrichissant que d&rsquo;apprendre en s&rsquo;amusant?Bienvenue sur l&rsquo;\u00eele de Hidayah, o\u00f9 l&rsquo;humour est de rigueur !Au d\u00e9but de la partie, chaque joueur est dot\u00e9 de 1200 Hassabiyates (unit\u00e9 du jeu) et d&rsquo;un pion, le vainqueur (de la partie) est celui qui d\u00e9tient le plus de Hassabiyates \u00e0 la fin du tour.Les Hassabiyates se [&hellip;]<\/p>\n","protected":false},"featured_media":4844,"comment_status":"open","ping_status":"closed","template":"","meta":[],"product_brand":[],"product_cat":[15],"product_tag":[],"class_list":{"0":"post-162","1":"product","2":"type-product","3":"status-publish","4":"has-post-thumbnail","6":"product_cat-non-classe","7":"pa_editeur-graines-de-foi","9":"first","10":"outofstock","11":"shipping-taxable","12":"purchasable","13":"product-type-simple"},"_links":{"self":[{"href":"https:\/\/lamaktaba.fr\/index.php\/wp-json\/wp\/v2\/product\/162","targetHints":{"allow":["GET"]}}],"collection":[{"href":"https:\/\/lamaktaba.fr\/index.php\/wp-json\/wp\/v2\/product"}],"about":[{"href":"https:\/\/lamaktaba.fr\/index.php\/wp-json\/wp\/v2\/types\/product"}],"replies":[{"embeddable":true,"href":"https:\/\/lamaktaba.fr\/index.php\/wp-json\/wp\/v2\/comments?post=162"}],"wp:featuredmedia":[{"embeddable":true,"href":"https:\/\/lamaktaba.fr\/index.php\/wp-json\/wp\/v2\/media\/4844"}],"wp:attachment":[{"href":"https:\/\/lamaktaba.fr\/index.php\/wp-json\/wp\/v2\/media?parent=162"}],"wp:term":[{"taxonomy":"product_brand","embeddable":true,"href":"https:\/\/lamaktaba.fr\/index.php\/wp-json\/wp\/v2\/product_brand?post=162"},{"taxonomy":"product_cat","embeddable":true,"href":"https:\/\/lamaktaba.fr\/index.php\/wp-json\/wp\/v2\/product_cat?post=162"},{"taxonomy":"product_tag","embeddable":true,"href":"https:\/\/lamaktaba.fr\/index.php\/wp-json\/wp\/v2\/product_tag?post=162"}],"curies":[{"name":"wp","href":"https:\/\/api.w.org\/{rel}","templated":true}]}}