{"id":158,"date":"2020-03-02T10:00:00","date_gmt":"2020-03-02T09:00:00","guid":{"rendered":"https:\/\/lamaktaba.fr\/index.php\/produit\/les-fetes-de-mariages-coutumes-et-jugements-religieux-%d8%a7%d9%84%d8%a7%d8%b9%d8%b1%d8%a7%d8%b3-%d8%b9%d8%a7%d8%af%d8%a7%d8%aa-%d9%88%d8%a3%d8%ad%d9%83%d8%a7%d9%85-cheikh-mohamed-ali-ferkous\/"},"modified":"2025-04-01T12:46:31","modified_gmt":"2025-04-01T10:46:31","slug":"les-fetes-de-mariages-coutumes-et-jugements-religieux-d8a7d984d8a7d8b9d8b1d8a7d8b3-d8b9d8a7d8afd8a7d8aa-d988d8a3d8add983d8a7d985-cheikh-mohamed-ali-ferkous","status":"publish","type":"product","link":"https:\/\/lamaktaba.fr\/index.php\/produit\/les-fetes-de-mariages-coutumes-et-jugements-religieux-d8a7d984d8a7d8b9d8b1d8a7d8b3-d8b9d8a7d8afd8a7d8aa-d988d8a3d8add983d8a7d985-cheikh-mohamed-ali-ferkous","title":{"rendered":"Les f\u00eates de mariages &#8211; coutumes et jugements religieux &#8211; \u0627\u0644\u0627\u0639\u0631\u0627\u0633 \u0639\u0627\u062f\u0627\u062a \u0648\u0623\u062d\u0643\u0627\u0645 &#8211; Cheikh Mohamed Ali Ferkous"},"content":{"rendered":"<p>Parmi ce qui renforce les rapports familiaux et assure leur conservation et leur maintien est l&rsquo;engagement que les hommes ont pris envers leur Seigneur, \u00e0 savoir, ou bien de garder leurs \u00e9pouses en \u00e9tant bienfaisants envers elles, ou bien de garder avec gentillesse. Cet engagement si ferme et si solide, fond\u00e9 sur l&rsquo;amour et la compassion, est attach\u00e9 aux jugements de notre religion et de son in\u00e9branlable Charia&#8230;<br \/>Recueils de fatwas autour du mariage, entre coutumes et jugements islamiques, d&rsquo;apr\u00e8s Cheikh Ali Ferkous.<\/p>\n","protected":false},"excerpt":{"rendered":"<p>Parmi ce qui renforce les rapports familiaux et assure leur conservation et leur maintien est l&rsquo;engagement que les hommes ont pris envers leur Seigneur, \u00e0 savoir, ou bien de garder leurs \u00e9pouses en \u00e9tant bienfaisants envers elles, ou bien de garder avec gentillesse. Cet engagement si ferme et si solide, fond\u00e9 sur l&rsquo;amour et la [&hellip;]<\/p>\n","protected":false},"featured_media":4824,"comment_status":"open","ping_status":"closed","template":"","meta":[],"product_brand":[],"product_cat":[1920],"product_tag":[],"class_list":{"0":"post-158","1":"product","2":"type-product","3":"status-publish","4":"has-post-thumbnail","6":"product_cat-mariage-et-famille","7":"pa_editeur-ennour","9":"first","10":"outofstock","11":"shipping-taxable","12":"purchasable","13":"product-type-simple"},"_links":{"self":[{"href":"https:\/\/lamaktaba.fr\/index.php\/wp-json\/wp\/v2\/product\/158","targetHints":{"allow":["GET"]}}],"collection":[{"href":"https:\/\/lamaktaba.fr\/index.php\/wp-json\/wp\/v2\/product"}],"about":[{"href":"https:\/\/lamaktaba.fr\/index.php\/wp-json\/wp\/v2\/types\/product"}],"replies":[{"embeddable":true,"href":"https:\/\/lamaktaba.fr\/index.php\/wp-json\/wp\/v2\/comments?post=158"}],"wp:featuredmedia":[{"embeddable":true,"href":"https:\/\/lamaktaba.fr\/index.php\/wp-json\/wp\/v2\/media\/4824"}],"wp:attachment":[{"href":"https:\/\/lamaktaba.fr\/index.php\/wp-json\/wp\/v2\/media?parent=158"}],"wp:term":[{"taxonomy":"product_brand","embeddable":true,"href":"https:\/\/lamaktaba.fr\/index.php\/wp-json\/wp\/v2\/product_brand?post=158"},{"taxonomy":"product_cat","embeddable":true,"href":"https:\/\/lamaktaba.fr\/index.php\/wp-json\/wp\/v2\/product_cat?post=158"},{"taxonomy":"product_tag","embeddable":true,"href":"https:\/\/lamaktaba.fr\/index.php\/wp-json\/wp\/v2\/product_tag?post=158"}],"curies":[{"name":"wp","href":"https:\/\/api.w.org\/{rel}","templated":true}]}}