{"id":155,"date":"2020-03-02T10:00:00","date_gmt":"2020-03-02T09:00:00","guid":{"rendered":"https:\/\/lamaktaba.fr\/index.php\/produit\/allah-la-foi-et-moi-100-reponses-a-de-vraies-questions-denfants-amin-salih-et-imran-zeki\/"},"modified":"2025-04-01T12:44:53","modified_gmt":"2025-04-01T10:44:53","slug":"allah-la-foi-et-moi-100-reponses-a-de-vraies-questions-denfants-amin-salih-et-imran-zeki","status":"publish","type":"product","link":"https:\/\/lamaktaba.fr\/index.php\/produit\/allah-la-foi-et-moi-100-reponses-a-de-vraies-questions-denfants-amin-salih-et-imran-zeki","title":{"rendered":"Allah, la foi et moi, 100 r\u00e9ponses \u00e0 de vraies questions d&rsquo;enfants"},"content":{"rendered":"<p>Dans ce livre, tu trouvera plein de question que les enfants, comme toi, se posent. Ce sont des questions d&rsquo;enfants de dix ans, huit ans, treize ans, de jeunes et d&rsquo;ados&#8230;.Ces questions, leurs questions, il se les ont pos\u00e9es, ils se les posent maintenant, ou se les posent plus tard. Tu y trouvera les r\u00e9ponses dans ce livre, qui est un peu comme un copain ou un grand fr\u00e8re qui sait beaucoup de choses, qui est sage et qui ne se moque jamais de toi, quelle que soit la question.;Pour plus de facilit\u00e9, les questions ont \u00e9t\u00e9 class\u00e9es et regroup\u00e9es en sept chapitres. Parce qu&rsquo;elles vont dans tous les sens, comme un feu d&rsquo;artifice. Certaines sont originales et d&rsquo;autres un peu marginales. Il ya aussi les question que tout le monde se pose et les autres qui s&rsquo;imposent, celles qui attirent l&rsquo;attention et celles qui, chez Papa ou Maman, font grimper la tension !;Se poser des questions est tout \u00e0 fait naturel et ignorer des choses aussi, c&rsquo;est normal. Alors, quand on ne sait pas, on demande, on cherche et on trouve pas toujours la r\u00e9ponse.;Car aucun homme ne peut dire qu&rsquo;il sait tout. Il y aura toujours des myst\u00e8res et des secrets que Dieu seul conna\u00eet&#8230;..<\/p>\n","protected":false},"excerpt":{"rendered":"<p>Dans ce livre, tu trouvera plein de question que les enfants, comme toi, se posent. Ce sont des questions d&rsquo;enfants de dix ans, huit ans, treize ans, de jeunes et d&rsquo;ados&#8230;.Ces questions, leurs questions, il se les ont pos\u00e9es, ils se les posent maintenant, ou se les posent plus tard. Tu y trouvera les r\u00e9ponses dans ce livre, qui est un peu comme un copain ou un grand fr\u00e8re qui sait beaucoup de choses, qui est sage et qui ne se moque jamais de toi, quelle que soit la question.;Pour plus de facilit\u00e9, les questions ont \u00e9t\u00e9 class\u00e9es et regroup\u00e9es en sept chapitres. Parce qu&rsquo;elles vont dans tous les sens, comme un feu d&rsquo;artifice. Certaines sont originales et d&rsquo;autres un peu marginales. Il ya aussi les question que tout le monde se pose et les autres qui s&rsquo;imposent, celles qui attirent l&rsquo;attention et celles qui, chez Papa ou Maman, font grimper la tension !;Se poser des questions est tout \u00e0 fait naturel et ignorer des choses aussi, c&rsquo;est normal. Alors, quand on ne sait pas, on demande, on cherche et on trouve pas toujours la r\u00e9ponse.;Car aucun homme ne peut dire qu&rsquo;il sait tout. Il y aura toujours des myst\u00e8res et des secrets que Dieu seul conna\u00eet&#8230;..<\/p>\n","protected":false},"featured_media":37528,"comment_status":"open","ping_status":"closed","template":"","meta":[],"product_brand":[],"product_cat":[15],"product_tag":[],"class_list":{"0":"post-155","1":"product","2":"type-product","3":"status-publish","4":"has-post-thumbnail","6":"product_cat-non-classe","7":"pa_auteur-textes-amin-salih-imran-zekigraphique-imran-zeki","8":"pa_editeur-graines-de-foi","9":"pa_langue-francais","10":"pa_nombre-de-pages-993","11":"pa_reliure-rigide","13":"first","14":"outofstock","15":"shipping-taxable","16":"purchasable","17":"product-type-simple"},"_links":{"self":[{"href":"https:\/\/lamaktaba.fr\/index.php\/wp-json\/wp\/v2\/product\/155","targetHints":{"allow":["GET"]}}],"collection":[{"href":"https:\/\/lamaktaba.fr\/index.php\/wp-json\/wp\/v2\/product"}],"about":[{"href":"https:\/\/lamaktaba.fr\/index.php\/wp-json\/wp\/v2\/types\/product"}],"replies":[{"embeddable":true,"href":"https:\/\/lamaktaba.fr\/index.php\/wp-json\/wp\/v2\/comments?post=155"}],"wp:featuredmedia":[{"embeddable":true,"href":"https:\/\/lamaktaba.fr\/index.php\/wp-json\/wp\/v2\/media\/37528"}],"wp:attachment":[{"href":"https:\/\/lamaktaba.fr\/index.php\/wp-json\/wp\/v2\/media?parent=155"}],"wp:term":[{"taxonomy":"product_brand","embeddable":true,"href":"https:\/\/lamaktaba.fr\/index.php\/wp-json\/wp\/v2\/product_brand?post=155"},{"taxonomy":"product_cat","embeddable":true,"href":"https:\/\/lamaktaba.fr\/index.php\/wp-json\/wp\/v2\/product_cat?post=155"},{"taxonomy":"product_tag","embeddable":true,"href":"https:\/\/lamaktaba.fr\/index.php\/wp-json\/wp\/v2\/product_tag?post=155"}],"curies":[{"name":"wp","href":"https:\/\/api.w.org\/{rel}","templated":true}]}}