{"id":154,"date":"2020-02-03T10:00:00","date_gmt":"2020-02-03T09:00:00","guid":{"rendered":"https:\/\/lamaktaba.fr\/index.php\/produit\/japprends-le-coran-a-mon-enfant-2-sourate-lelephant-jusqua-la-sourate-ladherence-collectif\/"},"modified":"2025-04-01T12:43:34","modified_gmt":"2025-04-01T10:43:34","slug":"japprends-le-coran-a-mon-enfant-2-sourate-lelephant-jusqua-la-sourate-ladherence-collectif","status":"publish","type":"product","link":"https:\/\/lamaktaba.fr\/index.php\/produit\/japprends-le-coran-a-mon-enfant-2-sourate-lelephant-jusqua-la-sourate-ladherence-collectif","title":{"rendered":"J&rsquo;apprends le Coran \u00e0 mon enfant 2"},"content":{"rendered":"<p>Titre: J&rsquo;apprends le Coran \u00e0 mon enfant 2;Auteur: Collectif;Edition: PIXELGRAF;Support: Livre;Theme: Biblioth\u00e8que des enfants;Description: J&rsquo;apprends le Coran \u00e0 mon enfant 1: Sourate l&rsquo;El\u00e9phant jusqu&rsquo;\u00e0 la sourate l&rsquo;Adh\u00e9rence. Apr\u00e8s la s\u00e9rie du \u00ab\u00a0Coran expliqu\u00e9 \u00e0 mon enfant\u00a0\u00bb offrant une large connaissance du sens du Coran, voici de nouveaux ouvrages accompagn\u00e9s de ses supports audio qui permettront \u00e0 votre enfant un meilleur apprentissage du chapitre \u00ab\u00a0Juz Amma\u00a0\u00bb. Il pourra ainsi apprendre seul gr\u00e2ce \u00e0 la nouvelle m\u00e9thode des bons points et des cadeaux! Pour ceux qui ne savent pas lire l&rsquo;Arabe, un ouvrage intitul\u00e9 \u00ab\u00a0J&rsquo;apprends l&rsquo;Arabe \u00e0 mon enfant\u00a0\u00bb est aussi disponible pour les initier \u00e0 la lecture du Coran.<\/p>\n","protected":false},"excerpt":{"rendered":"<p>Titre: J&rsquo;apprends le Coran \u00e0 mon enfant 2;Auteur: Collectif;Edition: PIXELGRAF;Support: Livre;Theme: Biblioth\u00e8que des enfants;Description: J&rsquo;apprends le Coran \u00e0 mon enfant 1: Sourate l&rsquo;El\u00e9phant jusqu&rsquo;\u00e0 la sourate l&rsquo;Adh\u00e9rence. Apr\u00e8s la s\u00e9rie du \u00ab\u00a0Coran expliqu\u00e9 \u00e0 mon enfant\u00a0\u00bb offrant une large connaissance du sens du Coran, voici de nouveaux ouvrages accompagn\u00e9s de ses supports audio qui permettront \u00e0 votre enfant un meilleur apprentissage du chapitre \u00ab\u00a0Juz Amma\u00a0\u00bb. Il pourra ainsi apprendre seul gr\u00e2ce \u00e0 la nouvelle m\u00e9thode des bons points et des cadeaux! Pour ceux qui ne savent pas lire l&rsquo;Arabe, un ouvrage intitul\u00e9 \u00ab\u00a0J&rsquo;apprends l&rsquo;Arabe \u00e0 mon enfant\u00a0\u00bb est aussi disponible pour les initier \u00e0 la lecture du Coran.<\/p>\n","protected":false},"featured_media":36976,"comment_status":"open","ping_status":"closed","template":"","meta":[],"product_brand":[],"product_cat":[1909],"product_tag":[],"class_list":{"0":"post-154","1":"product","2":"type-product","3":"status-publish","4":"has-post-thumbnail","6":"product_cat-enfants","7":"pa_editeur-pixelgraf-editions-2","9":"first","10":"instock","11":"shipping-taxable","12":"purchasable","13":"product-type-simple"},"_links":{"self":[{"href":"https:\/\/lamaktaba.fr\/index.php\/wp-json\/wp\/v2\/product\/154","targetHints":{"allow":["GET"]}}],"collection":[{"href":"https:\/\/lamaktaba.fr\/index.php\/wp-json\/wp\/v2\/product"}],"about":[{"href":"https:\/\/lamaktaba.fr\/index.php\/wp-json\/wp\/v2\/types\/product"}],"replies":[{"embeddable":true,"href":"https:\/\/lamaktaba.fr\/index.php\/wp-json\/wp\/v2\/comments?post=154"}],"wp:featuredmedia":[{"embeddable":true,"href":"https:\/\/lamaktaba.fr\/index.php\/wp-json\/wp\/v2\/media\/36976"}],"wp:attachment":[{"href":"https:\/\/lamaktaba.fr\/index.php\/wp-json\/wp\/v2\/media?parent=154"}],"wp:term":[{"taxonomy":"product_brand","embeddable":true,"href":"https:\/\/lamaktaba.fr\/index.php\/wp-json\/wp\/v2\/product_brand?post=154"},{"taxonomy":"product_cat","embeddable":true,"href":"https:\/\/lamaktaba.fr\/index.php\/wp-json\/wp\/v2\/product_cat?post=154"},{"taxonomy":"product_tag","embeddable":true,"href":"https:\/\/lamaktaba.fr\/index.php\/wp-json\/wp\/v2\/product_tag?post=154"}],"curies":[{"name":"wp","href":"https:\/\/api.w.org\/{rel}","templated":true}]}}