{"id":146,"date":"2020-03-02T10:00:00","date_gmt":"2020-03-02T09:00:00","guid":{"rendered":"https:\/\/lamaktaba.fr\/index.php\/produit\/le-wajiz-ou-le-sommaire-de-la-jurisprudence\/"},"modified":"2025-04-01T12:44:14","modified_gmt":"2025-04-01T10:44:14","slug":"le-wajiz-ou-le-sommaire-de-la-jurisprudence","status":"publish","type":"product","link":"https:\/\/lamaktaba.fr\/index.php\/produit\/le-wajiz-ou-le-sommaire-de-la-jurisprudence","title":{"rendered":"Le Wajiz ou le sommaire de la jurisprudence"},"content":{"rendered":"<p>Le Wajiz ou le sommaire de la jurisprudence;Par la gr\u00e2ce d&rsquo;Allah, un nombre important d&rsquo;\u0153uvres pr\u00e9sentant les aspects les plus importants du fiqh sont \u00e0 pr\u00e9sent disponibles dans de nombreuses langues. Cependant, Le Wajiz ou le sommaire de la jurisprudence \u00e0 la lumi\u00e8re de la Sounna et du Coran, aux aspects uniques en son genre, l&rsquo;ont rendu tr\u00e8s populaire dans sa langue d&rsquo;origine, l&rsquo;arabe, et, si Allah le veut, il contribuera \u00e9galement de mani\u00e8re importante \u00e0 la litt\u00e9rature islamique disponible en fran\u00e7ais. L&rsquo;auteur a, d&rsquo;une part, restreint les sources d&rsquo;o\u00f9 il tire les r\u00e8gles du fiqh, au Coran et aux hadiths authentiques du Proph\u00e8te (Paix et B\u00e9n\u00e9dictions d&rsquo;Allah sur lui), tout en prenant grand soin d&rsquo;\u00e9viter les hadiths faibles ou rejet\u00e9s que l&rsquo;on trouve encore dans bien des livres de fiqh. Pour s&rsquo;assurer davantage que son \u0153uvre soit une fiabilit\u00e9 exemplaire, l&rsquo;auteur a, d&rsquo;autre part, limit\u00e9 ses commentaires \u00e0 ce qui provient directement du Coran et de la Sounna pour le mettre ainsi hors de port\u00e9e des critiques. Il s&rsquo;est enfin efforc\u00e9 d&rsquo;\u00e9viter les pol\u00e9miques dans lesquels les juristes sont souvent entra\u00een\u00e9s, afin de proposer une \u0153uvre dans laquelle les lecteurs peuvent avoir une confiance totale. Ce livre s&rsquo;adresse tant \u00e0 tous ceux qui d\u00e9sirent approfondir leur connaissance des r\u00e8gles de base qui r\u00e9gissent le quotidien du musulman pieux, qu&rsquo;\u00e0 ceux qui d\u00e9j\u00e0 sont d\u00e9j\u00e0 familiers avec un certain nombre de ces r\u00e8gles, et qui d\u00e9sirent avoir \u00e0 port\u00e9e de main un recueil condens\u00e9 et facile d&rsquo;acc\u00e8s.<\/p>\n","protected":false},"excerpt":{"rendered":"<p>Le Wajiz ou le sommaire de la jurisprudence;Par la gr\u00e2ce d&rsquo;Allah, un nombre important d&rsquo;\u0153uvres pr\u00e9sentant les aspects les plus importants du fiqh sont \u00e0 pr\u00e9sent disponibles dans de nombreuses langues. Cependant, Le Wajiz ou le sommaire de la jurisprudence \u00e0 la lumi\u00e8re de la Sounna et du Coran, aux aspects uniques en son genre, l&rsquo;ont rendu tr\u00e8s populaire dans sa langue d&rsquo;origine, l&rsquo;arabe, et, si Allah le veut, il contribuera \u00e9galement de mani\u00e8re importante \u00e0 la litt\u00e9rature islamique disponible en fran\u00e7ais. L&rsquo;auteur a, d&rsquo;une part, restreint les sources d&rsquo;o\u00f9 il tire les r\u00e8gles du fiqh, au Coran et aux hadiths authentiques du Proph\u00e8te (Paix et B\u00e9n\u00e9dictions d&rsquo;Allah sur lui), tout en prenant grand soin d&rsquo;\u00e9viter les hadiths faibles ou rejet\u00e9s que l&rsquo;on trouve encore dans bien des livres de fiqh. Pour s&rsquo;assurer davantage que son \u0153uvre soit une fiabilit\u00e9 exemplaire, l&rsquo;auteur a, d&rsquo;autre part, limit\u00e9 ses commentaires \u00e0 ce qui provient directement du Coran et de la Sounna pour le mettre ainsi hors de port\u00e9e des critiques. Il s&rsquo;est enfin efforc\u00e9 d&rsquo;\u00e9viter les pol\u00e9miques dans lesquels les juristes sont souvent entra\u00een\u00e9s, afin de proposer une \u0153uvre dans laquelle les lecteurs peuvent avoir une confiance totale. Ce livre s&rsquo;adresse tant \u00e0 tous ceux qui d\u00e9sirent approfondir leur connaissance des r\u00e8gles de base qui r\u00e9gissent le quotidien du musulman pieux, qu&rsquo;\u00e0 ceux qui d\u00e9j\u00e0 sont d\u00e9j\u00e0 familiers avec un certain nombre de ces r\u00e8gles, et qui d\u00e9sirent avoir \u00e0 port\u00e9e de main un recueil condens\u00e9 et facile d&rsquo;acc\u00e8s.<\/p>\n","protected":false},"featured_media":4781,"comment_status":"open","ping_status":"closed","template":"","meta":[],"product_brand":[],"product_cat":[1899],"product_tag":[],"class_list":{"0":"post-146","1":"product","2":"type-product","3":"status-publish","4":"has-post-thumbnail","6":"product_cat-jurisprudence","7":"pa_annee-667","8":"pa_auteur-abdeladhim-ibn-badaoui","9":"pa_editeur-iiph-editions-2","10":"pa_format-15-x-23-cm","11":"pa_nombre-de-pages-842","12":"pa_reliure-rigide","14":"first","15":"instock","16":"shipping-taxable","17":"purchasable","18":"product-type-simple"},"_links":{"self":[{"href":"https:\/\/lamaktaba.fr\/index.php\/wp-json\/wp\/v2\/product\/146","targetHints":{"allow":["GET"]}}],"collection":[{"href":"https:\/\/lamaktaba.fr\/index.php\/wp-json\/wp\/v2\/product"}],"about":[{"href":"https:\/\/lamaktaba.fr\/index.php\/wp-json\/wp\/v2\/types\/product"}],"replies":[{"embeddable":true,"href":"https:\/\/lamaktaba.fr\/index.php\/wp-json\/wp\/v2\/comments?post=146"}],"wp:featuredmedia":[{"embeddable":true,"href":"https:\/\/lamaktaba.fr\/index.php\/wp-json\/wp\/v2\/media\/4781"}],"wp:attachment":[{"href":"https:\/\/lamaktaba.fr\/index.php\/wp-json\/wp\/v2\/media?parent=146"}],"wp:term":[{"taxonomy":"product_brand","embeddable":true,"href":"https:\/\/lamaktaba.fr\/index.php\/wp-json\/wp\/v2\/product_brand?post=146"},{"taxonomy":"product_cat","embeddable":true,"href":"https:\/\/lamaktaba.fr\/index.php\/wp-json\/wp\/v2\/product_cat?post=146"},{"taxonomy":"product_tag","embeddable":true,"href":"https:\/\/lamaktaba.fr\/index.php\/wp-json\/wp\/v2\/product_tag?post=146"}],"curies":[{"name":"wp","href":"https:\/\/api.w.org\/{rel}","templated":true}]}}