{"id":143,"date":"2020-03-02T10:00:00","date_gmt":"2020-03-02T09:00:00","guid":{"rendered":"https:\/\/lamaktaba.fr\/index.php\/produit\/cerebro-mots-arabes-jeu-jouet\/"},"modified":"2025-04-01T12:44:05","modified_gmt":"2025-04-01T10:44:05","slug":"cerebro-mots-arabes-jeu-jouet","status":"publish","type":"product","link":"https:\/\/lamaktaba.fr\/index.php\/produit\/cerebro-mots-arabes-jeu-jouet","title":{"rendered":"C\u00e9r\u00e9bro Mots arabes &#8211; Jeu de soci\u00e9t\u00e9 de stimulation de la m\u00e9moire et la concentration"},"content":{"rendered":"<p>C\u00e9r\u00e9bro Mots arabes &#8211; Jeu de soci\u00e9t\u00e9;R\u00e9gles du Jeu (2 joueurs et plus);Le but du jeu est de gagner plus de cartes que tes adversaires en 5,10 ou 15 minutes (tu d\u00e9termines ton temps de jeu).;Pioche une carte dans la boite, retourne le sablier et observe ta carte pour bien la m\u00e9moriser en 10 secondes !;Donne ta carte \u00e0 un adversaire et lance le d\u00e9, il t&rsquo;indiquera la question \u00e0 laquelle tu dois r\u00e9pondre.;Ton adversaire lit la question et v\u00e9rifie ta r\u00e9ponse.;Si elle est correcte, tu gagnes la carte, sinon remets-la dans la bo\u00eete.;Quand le temps de jeu est \u00e9coul\u00e9, le joueur qui a le plus de cartes remporte la partie !;Marque Graines de foi R\u00e9f\u00e9rence 9782930852041;Fiche technique ANNEE: &#8211; 2015 SUPPORT: &#8211; Jouet THEME: &#8211; La Langue Arabe \u00c9DITIONS: &#8211; GRAINES DE FOI Condition: &#8211; Neuf Poids (kg): &#8211; 0,800;R\u00e9f\u00e9rences sp\u00e9cifiques;Donnez votre avis;Aucun commentaire pour le moment<\/p>\n","protected":false},"excerpt":{"rendered":"<p>C\u00e9r\u00e9bro Mots arabes &#8211; Jeu de soci\u00e9t\u00e9;R\u00e9gles du Jeu (2 joueurs et plus);Le but du jeu est de gagner plus de cartes que tes adversaires en 5,10 ou 15 minutes (tu d\u00e9termines ton temps de jeu).;Pioche une carte dans la boite, retourne le sablier et observe ta carte pour bien la m\u00e9moriser en 10 secondes !;Donne ta carte \u00e0 un adversaire et lance le d\u00e9, il t&rsquo;indiquera la question \u00e0 laquelle tu dois r\u00e9pondre.;Ton adversaire lit la question et v\u00e9rifie ta r\u00e9ponse.;Si elle est correcte, tu gagnes la carte, sinon remets-la dans la bo\u00eete.;Quand le temps de jeu est \u00e9coul\u00e9, le joueur qui a le plus de cartes remporte la partie !;Marque Graines de foi R\u00e9f\u00e9rence 9782930852041;Fiche technique ANNEE: &#8211; 2015 SUPPORT: &#8211; Jouet THEME: &#8211; La Langue Arabe \u00c9DITIONS: &#8211; GRAINES DE FOI Condition: &#8211; Neuf Poids (kg): &#8211; 0,800;R\u00e9f\u00e9rences sp\u00e9cifiques;Donnez votre avis;Aucun commentaire pour le moment<\/p>\n","protected":false},"featured_media":37127,"comment_status":"open","ping_status":"closed","template":"","meta":[],"product_brand":[],"product_cat":[15],"product_tag":[],"class_list":{"0":"post-143","1":"product","2":"type-product","3":"status-publish","4":"has-post-thumbnail","6":"product_cat-non-classe","7":"pa_annee-381","8":"pa_editeur-graines-de-foi","10":"first","11":"outofstock","12":"shipping-taxable","13":"purchasable","14":"product-type-simple"},"_links":{"self":[{"href":"https:\/\/lamaktaba.fr\/index.php\/wp-json\/wp\/v2\/product\/143","targetHints":{"allow":["GET"]}}],"collection":[{"href":"https:\/\/lamaktaba.fr\/index.php\/wp-json\/wp\/v2\/product"}],"about":[{"href":"https:\/\/lamaktaba.fr\/index.php\/wp-json\/wp\/v2\/types\/product"}],"replies":[{"embeddable":true,"href":"https:\/\/lamaktaba.fr\/index.php\/wp-json\/wp\/v2\/comments?post=143"}],"wp:featuredmedia":[{"embeddable":true,"href":"https:\/\/lamaktaba.fr\/index.php\/wp-json\/wp\/v2\/media\/37127"}],"wp:attachment":[{"href":"https:\/\/lamaktaba.fr\/index.php\/wp-json\/wp\/v2\/media?parent=143"}],"wp:term":[{"taxonomy":"product_brand","embeddable":true,"href":"https:\/\/lamaktaba.fr\/index.php\/wp-json\/wp\/v2\/product_brand?post=143"},{"taxonomy":"product_cat","embeddable":true,"href":"https:\/\/lamaktaba.fr\/index.php\/wp-json\/wp\/v2\/product_cat?post=143"},{"taxonomy":"product_tag","embeddable":true,"href":"https:\/\/lamaktaba.fr\/index.php\/wp-json\/wp\/v2\/product_tag?post=143"}],"curies":[{"name":"wp","href":"https:\/\/api.w.org\/{rel}","templated":true}]}}