{"id":141,"date":"2020-03-02T10:00:00","date_gmt":"2020-03-02T09:00:00","guid":{"rendered":"https:\/\/lamaktaba.fr\/index.php\/produit\/commentaire-sur-les-40-hadiths-de-limam-an-nawawi-dapres-al-uthaymin-cheikh-muhammad-ibn-salih-aluthaymin\/"},"modified":"2025-04-01T12:44:36","modified_gmt":"2025-04-01T10:44:36","slug":"commentaire-sur-les-40-hadiths-de-limam-an-nawawi-dapres-al-uthaymin-cheikh-muhammad-ibn-salih-aluthaymin","status":"publish","type":"product","link":"https:\/\/lamaktaba.fr\/index.php\/produit\/commentaire-sur-les-40-hadiths-de-limam-an-nawawi-dapres-al-uthaymin-cheikh-muhammad-ibn-salih-aluthaymin","title":{"rendered":"Commentaire sur les 40 hadiths de l&rsquo;imam An-Nawaw\u00ee (d&rsquo;apr\u00e8s Al-&lsquo;Uthaym\u00een) &#8211; Cheikh Muhammad Ibn S\u00e2lih Al&rsquo;Uthaym\u00een"},"content":{"rendered":"<p>Sans aucun doute, ce livre de l&rsquo;imam An-Nawaw\u00ee compte parmi les livres qui se sont amplement r\u00e9pandus et qui connurent une grande popularit\u00e9 dans le monde musulman. Ce livre comporte quarante-deux Hadiths, l&rsquo;imam AnNawaw\u00ee y a r\u00e9uni les points importants de la religion touchant aussi bien aux principes fondamentaux -al-us\u00fbl- qu&rsquo;aux applications pratiques -al-fur\u00fb&rsquo;-, il a dit \u00e0 propos de son opuscule: \u00ab Chaque Hadith qu&rsquo;il comporte est une r\u00e8gle fondamentale de la religion, certains savants ont d\u00e9crit ces Hadiths comme \u00e9tant la plaque tournante de l&rsquo;islam, certains ont dit qu&rsquo;ils repr\u00e9sentent la moiti\u00e9 de la religion, d&rsquo;autres le tiers de la religion, ainsi que d&rsquo;autres qualificatifs de ce genre \u00bb. Il est vraiment un livre b\u00e9ni, pour lequel Allah a d\u00e9cr\u00e9t\u00e9 la popularit\u00e9 et l&rsquo;expansion.<br \/>Ainsi le grand savant, le shaykh Muhammad Ibn S\u00e2lih Al&rsquo;Uthaym\u00een a couronn\u00e9 cette \u0153uvre par une ex\u00e9g\u00e8se qui s&rsquo;inspire des commentaires anciens et qui est conforme \u00e0 l&rsquo;esprit de notre \u00e9poque. Apres chaque Hadith, il donne une explication simple et ais\u00e9e, ensuite il en cite les le\u00e7ons principales, ce qui en rend l&rsquo;ex\u00e9g\u00e8se pr\u00e9cieuse et tr\u00e8s b\u00e9n\u00e9fique malgr\u00e9 sa bri\u00e8vet\u00e9.<br \/>Nous implorons Allah de faire profiter l&rsquo;ensemble des musulmans de cette ex\u00e9g\u00e8se, II a -Exalt\u00e9 est-Il- pouvoir sur toute chose. Qu&rsquo;Allah prie sur notre Bien-Aim\u00e9 Muhammad, sa famille et ses compagnons, et leur donne la paix. Louange \u00e0 Allah Seigneur des univers.<\/p>\n","protected":false},"excerpt":{"rendered":"<p>Sans aucun doute, ce livre de l&rsquo;imam An-Nawaw\u00ee compte parmi les livres qui se sont amplement r\u00e9pandus et qui connurent une grande popularit\u00e9 dans le monde musulman. Ce livre comporte quarante-deux Hadiths, l&rsquo;imam AnNawaw\u00ee y a r\u00e9uni les points importants de la religion touchant aussi bien aux principes fondamentaux -al-us\u00fbl- qu&rsquo;aux applications pratiques -al-fur\u00fb&rsquo;-, il [&hellip;]<\/p>\n","protected":false},"featured_media":4764,"comment_status":"open","ping_status":"closed","template":"","meta":[],"product_brand":[],"product_cat":[1902,1926],"product_tag":[],"class_list":{"0":"post-141","1":"product","2":"type-product","3":"status-publish","4":"has-post-thumbnail","6":"product_cat-hadiths","7":"product_cat-sciences-du-hadith","8":"pa_editeur-ennour","10":"first","11":"outofstock","12":"shipping-taxable","13":"purchasable","14":"product-type-simple"},"_links":{"self":[{"href":"https:\/\/lamaktaba.fr\/index.php\/wp-json\/wp\/v2\/product\/141","targetHints":{"allow":["GET"]}}],"collection":[{"href":"https:\/\/lamaktaba.fr\/index.php\/wp-json\/wp\/v2\/product"}],"about":[{"href":"https:\/\/lamaktaba.fr\/index.php\/wp-json\/wp\/v2\/types\/product"}],"replies":[{"embeddable":true,"href":"https:\/\/lamaktaba.fr\/index.php\/wp-json\/wp\/v2\/comments?post=141"}],"wp:featuredmedia":[{"embeddable":true,"href":"https:\/\/lamaktaba.fr\/index.php\/wp-json\/wp\/v2\/media\/4764"}],"wp:attachment":[{"href":"https:\/\/lamaktaba.fr\/index.php\/wp-json\/wp\/v2\/media?parent=141"}],"wp:term":[{"taxonomy":"product_brand","embeddable":true,"href":"https:\/\/lamaktaba.fr\/index.php\/wp-json\/wp\/v2\/product_brand?post=141"},{"taxonomy":"product_cat","embeddable":true,"href":"https:\/\/lamaktaba.fr\/index.php\/wp-json\/wp\/v2\/product_cat?post=141"},{"taxonomy":"product_tag","embeddable":true,"href":"https:\/\/lamaktaba.fr\/index.php\/wp-json\/wp\/v2\/product_tag?post=141"}],"curies":[{"name":"wp","href":"https:\/\/api.w.org\/{rel}","templated":true}]}}