{"id":140,"date":"2020-03-02T10:00:00","date_gmt":"2020-03-02T09:00:00","guid":{"rendered":"https:\/\/lamaktaba.fr\/index.php\/produit\/le-livre-du-talib-al-ilm-letudiant-en-sciences-religieuses-volume-6-cheikh-abd-al-muhsin-al-qasim\/"},"modified":"2025-04-01T12:44:42","modified_gmt":"2025-04-01T10:44:42","slug":"le-livre-du-talib-al-ilm-letudiant-en-sciences-religieuses-volume-6-cheikh-abd-al-muhsin-al-qasim","status":"publish","type":"product","link":"https:\/\/lamaktaba.fr\/index.php\/produit\/le-livre-du-talib-al-ilm-letudiant-en-sciences-religieuses-volume-6-cheikh-abd-al-muhsin-al-qasim","title":{"rendered":"Le livre du T\u00e2lib al-&lsquo;ilm &#8211; L&rsquo;\u00e9tudiant en sciences religieuses &#8211; Volume 6 &#8211; Cheikh Abd Al Muhsin Al Q\u00e2sim &#8211; Livre"},"content":{"rendered":"<p>Le livre de l&rsquo;\u00e9tudiant en sciences religieuses volume 6, pr\u00e9fac\u00e9 par Shaykh &lsquo;Abd Al-Muhsin Al-Qasim.;Ce tome 6 contient le \u00ab\u00a0Po\u00e8me d&rsquo;Al Alb\u00eer\u00ee\u00a0\u00bb (Q\u00e2sidatou Ab\u00ee Ish\u00e2q Al Alb\u00eeri).<\/p>\n","protected":false},"excerpt":{"rendered":"<p>Le livre de l&rsquo;\u00e9tudiant en sciences religieuses volume 6, pr\u00e9fac\u00e9 par Shaykh &lsquo;Abd Al-Muhsin Al-Qasim.;Ce tome 6 contient le \u00ab\u00a0Po\u00e8me d&rsquo;Al Alb\u00eer\u00ee\u00a0\u00bb (Q\u00e2sidatou Ab\u00ee Ish\u00e2q Al Alb\u00eeri).<\/p>\n","protected":false},"featured_media":4762,"comment_status":"open","ping_status":"closed","template":"","meta":[],"product_brand":[],"product_cat":[1899,1898],"product_tag":[],"class_list":{"0":"post-140","1":"product","2":"type-product","3":"status-publish","4":"has-post-thumbnail","6":"product_cat-jurisprudence","7":"product_cat-pratique-religieuse","8":"pa_annee-381","9":"pa_auteur-cheikh-abd-al-muhsin-al-qasim","10":"pa_code-produit-ref-19817","11":"pa_editeur-al-bayyinah","12":"pa_format-11-5-x-8-cm","13":"pa_langue-francais-arabe","14":"pa_nombre-de-pages-411","16":"first","17":"outofstock","18":"shipping-taxable","19":"purchasable","20":"product-type-simple"},"_links":{"self":[{"href":"https:\/\/lamaktaba.fr\/index.php\/wp-json\/wp\/v2\/product\/140","targetHints":{"allow":["GET"]}}],"collection":[{"href":"https:\/\/lamaktaba.fr\/index.php\/wp-json\/wp\/v2\/product"}],"about":[{"href":"https:\/\/lamaktaba.fr\/index.php\/wp-json\/wp\/v2\/types\/product"}],"replies":[{"embeddable":true,"href":"https:\/\/lamaktaba.fr\/index.php\/wp-json\/wp\/v2\/comments?post=140"}],"wp:featuredmedia":[{"embeddable":true,"href":"https:\/\/lamaktaba.fr\/index.php\/wp-json\/wp\/v2\/media\/4762"}],"wp:attachment":[{"href":"https:\/\/lamaktaba.fr\/index.php\/wp-json\/wp\/v2\/media?parent=140"}],"wp:term":[{"taxonomy":"product_brand","embeddable":true,"href":"https:\/\/lamaktaba.fr\/index.php\/wp-json\/wp\/v2\/product_brand?post=140"},{"taxonomy":"product_cat","embeddable":true,"href":"https:\/\/lamaktaba.fr\/index.php\/wp-json\/wp\/v2\/product_cat?post=140"},{"taxonomy":"product_tag","embeddable":true,"href":"https:\/\/lamaktaba.fr\/index.php\/wp-json\/wp\/v2\/product_tag?post=140"}],"curies":[{"name":"wp","href":"https:\/\/api.w.org\/{rel}","templated":true}]}}