{"id":139,"date":"2020-03-02T10:00:00","date_gmt":"2020-03-02T09:00:00","guid":{"rendered":"https:\/\/lamaktaba.fr\/index.php\/produit\/explication-de-6-points-de-la-vie-du-prophete-saw-%d8%b3%d8%aa%d8%a9-%d9%85%d9%88%d8%a7%d8%b6%d9%8a%d8%b9-%d9%85%d9%86-%d8%a7%d9%84%d8%b3%d9%8a%d8%b1%d8%a9-shaykh-salih-ibn-fawzan-al-fawzan\/"},"modified":"2025-04-01T12:44:12","modified_gmt":"2025-04-01T10:44:12","slug":"explication-de-6-points-de-la-vie-du-prophete-saw-d8b3d8aad8a9-d985d988d8a7d8b6d98ad8b9-d985d986-d8a7d984d8b3d98ad8b1d8a9-shaykh-salih-ibn-fawzan-al-fawzan","status":"publish","type":"product","link":"https:\/\/lamaktaba.fr\/index.php\/produit\/explication-de-6-points-de-la-vie-du-prophete-saw-d8b3d8aad8a9-d985d988d8a7d8b6d98ad8b9-d985d986-d8a7d984d8b3d98ad8b1d8a9-shaykh-salih-ibn-fawzan-al-fawzan","title":{"rendered":"Les assises du mois de Ramadan, de Mohammed Ibn Salih Al Outhaymin"},"content":{"rendered":"<p>Les assises du mois de Ramadan (\u0645\u062c\u0627\u0644\u0633 \u0634\u0647\u0631 \u0631\u0645\u0636\u0627\u0646), de Mohammed Ibn Salih Al Outhaymin;30 le\u00e7ons pour ce mois b\u00e9ni. Un grand nombre de r\u00e8gles li\u00e9es au je\u00fbne, la pri\u00e8re de nuit, l\u2019aum\u00f4ne de la rupture, et tout ce qui convient \u00e0 ce noble mois, que l\u2019auteur a organis\u00e9es sous la forme de cours journaliers dont un grand nombre sont issus du livre \u00ab Qouratoul \u2018 ouyoune al moubsira bi talkh\u00ees kit\u00e2b at-tabsira \u00bb. l \u2019auteur a ajout\u00e9 des corrections et a surtout \u00e9voque les r\u00e8gles et les biens\u00e9ances li\u00e9es au je\u00fbne car c\u2019est ce dont les gens ont le plus besoin.;Marque AL BAYYINAH Editions R\u00e9f\u00e9rence 9782919455164;Fiche technique AUTEUR: &#8211; Mohammed Ibn Salih Al Outhaymin LANGUE: -.Fran\u00e7ais ANNEE: &#8211; 2017 SUPPORT: &#8211; Livre THEME: &#8211; Mois de Ramadan, Assises \u00c9DITIONS: &#8211; Al Bayyinah Condition: &#8211; Neuf Nombre de Pages: &#8211; 200 FORMAT (CM): 17 x 24 cm Poids (kg): &#8211; 0.350 kg EAN13: &#8211; 9782919455164 RELIURE: &#8211; Souple.Traduction: &#8211; Sami Ibn Hamid Allaoua;R\u00e9f\u00e9rences sp\u00e9cifiques;Donnez votre avis;Aucun commentaire pour le moment<\/p>\n","protected":false},"excerpt":{"rendered":"<p>Les assises du mois de Ramadan (\u0645\u062c\u0627\u0644\u0633 \u0634\u0647\u0631 \u0631\u0645\u0636\u0627\u0646), de Mohammed Ibn Salih Al Outhaymin;30 le\u00e7ons pour ce mois b\u00e9ni. Un grand nombre de r\u00e8gles li\u00e9es au je\u00fbne, la pri\u00e8re de nuit, l\u2019aum\u00f4ne de la rupture, et tout ce qui convient \u00e0 ce noble mois, que l\u2019auteur a organis\u00e9es sous la forme de cours journaliers dont un grand nombre sont issus du livre \u00ab Qouratoul \u2018 ouyoune al moubsira bi talkh\u00ees kit\u00e2b at-tabsira \u00bb. l \u2019auteur a ajout\u00e9 des corrections et a surtout \u00e9voque les r\u00e8gles et les biens\u00e9ances li\u00e9es au je\u00fbne car c\u2019est ce dont les gens ont le plus besoin.;Marque AL BAYYINAH Editions R\u00e9f\u00e9rence 9782919455164;Fiche technique AUTEUR: &#8211; Mohammed Ibn Salih Al Outhaymin LANGUE: -.Fran\u00e7ais ANNEE: &#8211; 2017 SUPPORT: &#8211; Livre THEME: &#8211; Mois de Ramadan, Assises \u00c9DITIONS: &#8211; Al Bayyinah Condition: &#8211; Neuf Nombre de Pages: &#8211; 200 FORMAT (CM): 17 x 24 cm Poids (kg): &#8211; 0.350 kg EAN13: &#8211; 9782919455164 RELIURE: &#8211; Souple.Traduction: &#8211; Sami Ibn Hamid Allaoua;R\u00e9f\u00e9rences sp\u00e9cifiques;Donnez votre avis;Aucun commentaire pour le moment<\/p>\n","protected":false},"featured_media":37039,"comment_status":"open","ping_status":"closed","template":"","meta":[],"product_brand":[],"product_cat":[1924],"product_tag":[],"class_list":{"0":"post-139","1":"product","2":"type-product","3":"status-publish","4":"has-post-thumbnail","6":"product_cat-jeune-ramadan","7":"pa_annee-440","8":"pa_auteur-mohammed-ibn-salih-al-outhaymin","9":"pa_editeur-al-bayyinah-editions","10":"pa_format-17-x-24-cm","11":"pa_langue-francais","12":"pa_nombre-de-pages-649","13":"pa_reliure-souple","15":"first","16":"instock","17":"shipping-taxable","18":"purchasable","19":"product-type-simple"},"_links":{"self":[{"href":"https:\/\/lamaktaba.fr\/index.php\/wp-json\/wp\/v2\/product\/139","targetHints":{"allow":["GET"]}}],"collection":[{"href":"https:\/\/lamaktaba.fr\/index.php\/wp-json\/wp\/v2\/product"}],"about":[{"href":"https:\/\/lamaktaba.fr\/index.php\/wp-json\/wp\/v2\/types\/product"}],"replies":[{"embeddable":true,"href":"https:\/\/lamaktaba.fr\/index.php\/wp-json\/wp\/v2\/comments?post=139"}],"wp:featuredmedia":[{"embeddable":true,"href":"https:\/\/lamaktaba.fr\/index.php\/wp-json\/wp\/v2\/media\/37039"}],"wp:attachment":[{"href":"https:\/\/lamaktaba.fr\/index.php\/wp-json\/wp\/v2\/media?parent=139"}],"wp:term":[{"taxonomy":"product_brand","embeddable":true,"href":"https:\/\/lamaktaba.fr\/index.php\/wp-json\/wp\/v2\/product_brand?post=139"},{"taxonomy":"product_cat","embeddable":true,"href":"https:\/\/lamaktaba.fr\/index.php\/wp-json\/wp\/v2\/product_cat?post=139"},{"taxonomy":"product_tag","embeddable":true,"href":"https:\/\/lamaktaba.fr\/index.php\/wp-json\/wp\/v2\/product_tag?post=139"}],"curies":[{"name":"wp","href":"https:\/\/api.w.org\/{rel}","templated":true}]}}