{"id":131,"date":"2020-02-03T10:00:00","date_gmt":"2020-02-03T09:00:00","guid":{"rendered":"https:\/\/lamaktaba.fr\/index.php\/produit\/interdits-negliges-par-les-gens-muhammad-ibn-salih-al-munajjid\/"},"modified":"2025-04-01T12:44:39","modified_gmt":"2025-04-01T10:44:39","slug":"interdits-negliges-par-les-gens-muhammad-ibn-salih-al-munajjid","status":"publish","type":"product","link":"https:\/\/lamaktaba.fr\/index.php\/produit\/interdits-negliges-par-les-gens-muhammad-ibn-salih-al-munajjid","title":{"rendered":"Interdits n\u00e9glig\u00e9s par les gens"},"content":{"rendered":"<p>Dans ce livre, le lecteur trouvera plusieurs pratiques illicites dont l&rsquo;interdiction est av\u00e9r\u00e9e dans la Loi islamique, accompagn\u00e9es des preuves puis\u00e9es dans le Coran et la Sunna. Il s&rsquo;agit d&rsquo;interdits dont la pratique s&rsquo;est propag\u00e9e parmi beaucoup de musulmans.;Ce livre a \u00e9t\u00e9 revu et anot\u00e9 par l&rsquo;\u00e9minent savant Cheikh Ibn B\u00e2z.<\/p>\n","protected":false},"excerpt":{"rendered":"<p>Dans ce livre, le lecteur trouvera plusieurs pratiques illicites dont l&rsquo;interdiction est av\u00e9r\u00e9e dans la Loi islamique, accompagn\u00e9es des preuves puis\u00e9es dans le Coran et la Sunna. Il s&rsquo;agit d&rsquo;interdits dont la pratique s&rsquo;est propag\u00e9e parmi beaucoup de musulmans.;Ce livre a \u00e9t\u00e9 revu et anot\u00e9 par l&rsquo;\u00e9minent savant Cheikh Ibn B\u00e2z.<\/p>\n","protected":false},"featured_media":37780,"comment_status":"open","ping_status":"closed","template":"","meta":[],"product_brand":[],"product_cat":[1899],"product_tag":[],"class_list":{"0":"post-131","1":"product","2":"type-product","3":"status-publish","4":"has-post-thumbnail","6":"product_cat-jurisprudence","7":"pa_annee-378","8":"pa_auteur-muhammad-salih-al-munnajid","9":"pa_editeur-alhadith-editions","10":"pa_format-14x21","11":"pa_nombre-de-pages-776","13":"first","14":"outofstock","15":"shipping-taxable","16":"purchasable","17":"product-type-simple"},"_links":{"self":[{"href":"https:\/\/lamaktaba.fr\/index.php\/wp-json\/wp\/v2\/product\/131","targetHints":{"allow":["GET"]}}],"collection":[{"href":"https:\/\/lamaktaba.fr\/index.php\/wp-json\/wp\/v2\/product"}],"about":[{"href":"https:\/\/lamaktaba.fr\/index.php\/wp-json\/wp\/v2\/types\/product"}],"replies":[{"embeddable":true,"href":"https:\/\/lamaktaba.fr\/index.php\/wp-json\/wp\/v2\/comments?post=131"}],"wp:featuredmedia":[{"embeddable":true,"href":"https:\/\/lamaktaba.fr\/index.php\/wp-json\/wp\/v2\/media\/37780"}],"wp:attachment":[{"href":"https:\/\/lamaktaba.fr\/index.php\/wp-json\/wp\/v2\/media?parent=131"}],"wp:term":[{"taxonomy":"product_brand","embeddable":true,"href":"https:\/\/lamaktaba.fr\/index.php\/wp-json\/wp\/v2\/product_brand?post=131"},{"taxonomy":"product_cat","embeddable":true,"href":"https:\/\/lamaktaba.fr\/index.php\/wp-json\/wp\/v2\/product_cat?post=131"},{"taxonomy":"product_tag","embeddable":true,"href":"https:\/\/lamaktaba.fr\/index.php\/wp-json\/wp\/v2\/product_tag?post=131"}],"curies":[{"name":"wp","href":"https:\/\/api.w.org\/{rel}","templated":true}]}}