{"id":128,"date":"2020-02-03T10:00:00","date_gmt":"2020-02-03T09:00:00","guid":{"rendered":"https:\/\/lamaktaba.fr\/index.php\/produit\/le-coran-explique-a-mon-enfant-tome-5-sourate-at-takwir-jusqua-la-sourate-an-naba\/"},"modified":"2025-04-01T12:44:30","modified_gmt":"2025-04-01T10:44:30","slug":"le-coran-explique-a-mon-enfant-tome-5-sourate-at-takwir-jusqua-la-sourate-an-naba","status":"publish","type":"product","link":"https:\/\/lamaktaba.fr\/index.php\/produit\/le-coran-explique-a-mon-enfant-tome-5-sourate-at-takwir-jusqua-la-sourate-an-naba","title":{"rendered":"Le Coran expliqu\u00e9 \u00e0 mon enfant -T5"},"content":{"rendered":"<p>Le Coran expliqu\u00e9 \u00e0 mon enfant destin\u00e9 aux enfants de plus de 7 ans.;Ce livre aborde la sourate 81 At-takw\u00eer (L&rsquo;Obscurcissement) et la sourate 78 \u00ab\u00a0An-nab\u00e2'\u00a0\u00bb (La Nouvelle), en passant par les sourates \u00ab\u00a0Abassa\u00a0\u00bb et \u00ab\u00a0An-nazi&rsquo;at\u00a0\u00bb.;Cet ouvrage a \u00e9t\u00e9 r\u00e9alis\u00e9 selon les r\u00e9f\u00e9rences bibliographiques suivantes;\u00b7 Le saint Coran arabe \/ francais du professeur Mohammed Hamidoullah.;\u00b7 Le jardin des vertueux \u2013 Imam Mohieddine An-Nawawi;\u00b7 Safwat At Tafasir d Mohammed Ali Sabouni;\u00b7 Cours de Tawhid \u2013 Dr Abdul Aziz Ibn Mohammed \u00e2li Abdelatif;\u00b7 Le jour de la r\u00e9surrection d\u00e9voil\u00e9 \u2013 Mohammed Mahmoud Essaoua\u00e2f;Dans cet ouvrage vous pourrez y d\u00e9couvrir de multitudes de questions que se pose chaque enfant sur le Coran.;Vous y d\u00e9couvrirez un sommaire dans lequel se trouvant quatre chapitres ayant pour but de vous facilit\u00e9 la recherche de vos questions et celles de vos enfants.;Ces sourates vous permettront de r\u00e9pondre aux questions de vos enfants tout en leur faisant d\u00e9couvrir la religion. Vous y trouverez la transcription phon\u00e9tique, un mini-dictionnaire pour expliquer \u00e0 vos enfants les mots qu\u2019ils ne comprennent pas.;La sourate At- Takw\u00eer vous expliquera comment notre monde sera sans lumi\u00e8re, \u00e0 quel moment cet \u00e9v\u00e9nement se produira, quelles seront les cons\u00e9quences. (Que deviendra les montagnes? Ou encore le jour o\u00f9 les montures de valeur seront abandonn\u00e9es ou bien que feront les animaux ce jour-l\u00e0? \u2026Etc..;Vient ensuite la sourate Abassa, celle qui nous demande si aupr\u00e8s de Dieu, qui est le meilleur? Qui sont les ambassadeurs de Dieu? Disant que c\u2019est l\u2019ange Gabriel, Paix sur lui, qui a \u00e9t\u00e9 \u00e9lu comme ambassadeur pour assurer la R\u00e9v\u00e9lation du livre saint au proph\u00e8te Mohammed, Paix et B\u00e9n\u00e9dictions de Dieu sur lui.;\u00ab Celui qui r\u00e9cite le Coran avec perfection sera avec les ambassadeurs nobles et ob\u00e9issants et celui qui le r\u00e9cite avec difficult\u00e9s aura deux r\u00e9compenses. \u00bb;La sourate An-N\u00e2zi\u2019\u00e2t vous racontera comment penser \u00e0 la fin de notre vie, comment sera annonc\u00e9 la fin des temps? Elle vous racontera comment les os reprendront vie apr\u00e8s la mort (la r\u00e9surrection) avec une histoire sur Mo\u00efse contre Pharaon.;Puis, la sourate An-Nab\u00e2, qui vous exposera un des sujets de discussions des Quraychites s\u2019agissant du Jour de la R\u00e9surrection que leur annonc\u00e9 le bien-veillant Proph\u00e8te, Paix et B\u00e9n\u00e9dictions de Dieu sur lui. Vous saurez aussi \u00e0 quoi sert une montagne, que l\u2019\u00eatre humain a \u00e9t\u00e9 cr\u00e9e en couple (Le Coran renferme, lui aussi, des couples de mots dispers\u00e9s dans ses pages.)A quoi sert le sommeil? (Le seul qui ne conna\u00eet pas le sommeil est Dieu.) Ou bien qui est l\u2019esprit? Qui sera \u00e9num\u00e9r\u00e9 en 3 \u00e9tapes !;Pour ainsi conclure que l\u2019apprentissage se fait par \u00e9tapes et qu\u2019ils existent plusieurs m\u00e9thodes pour apprendre sur le Coran et l\u2019Islam.;Les savoirs qui vous auront \u00e9t\u00e9 donn\u00e9 dans ce livre serviront \u00e0 faire apprendre \u00e0 votre enfant le livre saint et essayant de personnaliser sa r\u00e9citation avec la phon\u00e9tique et les jeux dans cet ouvrage. Il pourra ainsi respecter les r\u00e8gles de r\u00e9citation, apprendre lentement, prier, r\u00e9viser et \u00eatre r\u00e9gulier dans son apprentissage.;Qu&rsquo;Allah facilite l&rsquo;apprentissage de votre enfant!<\/p>\n","protected":false},"excerpt":{"rendered":"<p>Le Coran expliqu\u00e9 \u00e0 mon enfant destin\u00e9 aux enfants de plus de 7 ans.;Ce livre aborde la sourate 81 At-takw\u00eer (L&rsquo;Obscurcissement) et la sourate 78 \u00ab\u00a0An-nab\u00e2'\u00a0\u00bb (La Nouvelle), en passant par les sourates \u00ab\u00a0Abassa\u00a0\u00bb et \u00ab\u00a0An-nazi&rsquo;at\u00a0\u00bb.;Cet ouvrage a \u00e9t\u00e9 r\u00e9alis\u00e9 selon les r\u00e9f\u00e9rences bibliographiques suivantes;\u00b7 Le saint Coran arabe \/ francais du professeur Mohammed Hamidoullah.;\u00b7 Le jardin des vertueux \u2013 Imam Mohieddine An-Nawawi;\u00b7 Safwat At Tafasir d Mohammed Ali Sabouni;\u00b7 Cours de Tawhid \u2013 Dr Abdul Aziz Ibn Mohammed \u00e2li Abdelatif;\u00b7 Le jour de la r\u00e9surrection d\u00e9voil\u00e9 \u2013 Mohammed Mahmoud Essaoua\u00e2f;Dans cet ouvrage vous pourrez y d\u00e9couvrir de multitudes de questions que se pose chaque enfant sur le Coran.;Vous y d\u00e9couvrirez un sommaire dans lequel se trouvant quatre chapitres ayant pour but de vous facilit\u00e9 la recherche de vos questions et celles de vos enfants.;Ces sourates vous permettront de r\u00e9pondre aux questions de vos enfants tout en leur faisant d\u00e9couvrir la religion. Vous y trouverez la transcription phon\u00e9tique, un mini-dictionnaire pour expliquer \u00e0 vos enfants les mots qu\u2019ils ne comprennent pas.;La sourate At- Takw\u00eer vous expliquera comment notre monde sera sans lumi\u00e8re, \u00e0 quel moment cet \u00e9v\u00e9nement se produira, quelles seront les cons\u00e9quences. (Que deviendra les montagnes? Ou encore le jour o\u00f9 les montures de valeur seront abandonn\u00e9es ou bien que feront les animaux ce jour-l\u00e0? \u2026Etc..;Vient ensuite la sourate Abassa, celle qui nous demande si aupr\u00e8s de Dieu, qui est le meilleur? Qui sont les ambassadeurs de Dieu? Disant que c\u2019est l\u2019ange Gabriel, Paix sur lui, qui a \u00e9t\u00e9 \u00e9lu comme ambassadeur pour assurer la R\u00e9v\u00e9lation du livre saint au proph\u00e8te Mohammed, Paix et B\u00e9n\u00e9dictions de Dieu sur lui.;\u00ab Celui qui r\u00e9cite le Coran avec perfection sera avec les ambassadeurs nobles et ob\u00e9issants et celui qui le r\u00e9cite avec difficult\u00e9s aura deux r\u00e9compenses. \u00bb;La sourate An-N\u00e2zi\u2019\u00e2t vous racontera comment penser \u00e0 la fin de notre vie, comment sera annonc\u00e9 la fin des temps? Elle vous racontera comment les os reprendront vie apr\u00e8s la mort (la r\u00e9surrection) avec une histoire sur Mo\u00efse contre Pharaon.;Puis, la sourate An-Nab\u00e2, qui vous exposera un des sujets de discussions des Quraychites s\u2019agissant du Jour de la R\u00e9surrection que leur annonc\u00e9 le bien-veillant Proph\u00e8te, Paix et B\u00e9n\u00e9dictions de Dieu sur lui. Vous saurez aussi \u00e0 quoi sert une montagne, que l\u2019\u00eatre humain a \u00e9t\u00e9 cr\u00e9e en couple (Le Coran renferme, lui aussi, des couples de mots dispers\u00e9s dans ses pages.)A quoi sert le sommeil? (Le seul qui ne conna\u00eet pas le sommeil est Dieu.) Ou bien qui est l\u2019esprit? Qui sera \u00e9num\u00e9r\u00e9 en 3 \u00e9tapes !;Pour ainsi conclure que l\u2019apprentissage se fait par \u00e9tapes et qu\u2019ils existent plusieurs m\u00e9thodes pour apprendre sur le Coran et l\u2019Islam.;Les savoirs qui vous auront \u00e9t\u00e9 donn\u00e9 dans ce livre serviront \u00e0 faire apprendre \u00e0 votre enfant le livre saint et essayant de personnaliser sa r\u00e9citation avec la phon\u00e9tique et les jeux dans cet ouvrage. Il pourra ainsi respecter les r\u00e8gles de r\u00e9citation, apprendre lentement, prier, r\u00e9viser et \u00eatre r\u00e9gulier dans son apprentissage.;Qu&rsquo;Allah facilite l&rsquo;apprentissage de votre enfant!<\/p>\n","protected":false},"featured_media":37270,"comment_status":"open","ping_status":"closed","template":"","meta":[],"product_brand":[],"product_cat":[1910,1909,1904],"product_tag":[],"class_list":{"0":"post-128","1":"product","2":"type-product","3":"status-publish","4":"has-post-thumbnail","6":"product_cat-education","7":"product_cat-enfants","8":"product_cat-saint-coran","9":"pa_annee-564","10":"pa_editeur-pixelgraf-editions-2","11":"pa_format-22-5x24-5","12":"pa_langue-847","13":"pa_nombre-de-pages-566","15":"first","16":"outofstock","17":"shipping-taxable","18":"purchasable","19":"product-type-simple"},"_links":{"self":[{"href":"https:\/\/lamaktaba.fr\/index.php\/wp-json\/wp\/v2\/product\/128","targetHints":{"allow":["GET"]}}],"collection":[{"href":"https:\/\/lamaktaba.fr\/index.php\/wp-json\/wp\/v2\/product"}],"about":[{"href":"https:\/\/lamaktaba.fr\/index.php\/wp-json\/wp\/v2\/types\/product"}],"replies":[{"embeddable":true,"href":"https:\/\/lamaktaba.fr\/index.php\/wp-json\/wp\/v2\/comments?post=128"}],"wp:featuredmedia":[{"embeddable":true,"href":"https:\/\/lamaktaba.fr\/index.php\/wp-json\/wp\/v2\/media\/37270"}],"wp:attachment":[{"href":"https:\/\/lamaktaba.fr\/index.php\/wp-json\/wp\/v2\/media?parent=128"}],"wp:term":[{"taxonomy":"product_brand","embeddable":true,"href":"https:\/\/lamaktaba.fr\/index.php\/wp-json\/wp\/v2\/product_brand?post=128"},{"taxonomy":"product_cat","embeddable":true,"href":"https:\/\/lamaktaba.fr\/index.php\/wp-json\/wp\/v2\/product_cat?post=128"},{"taxonomy":"product_tag","embeddable":true,"href":"https:\/\/lamaktaba.fr\/index.php\/wp-json\/wp\/v2\/product_tag?post=128"}],"curies":[{"name":"wp","href":"https:\/\/api.w.org\/{rel}","templated":true}]}}