{"id":127,"date":"2020-02-03T10:00:00","date_gmt":"2020-02-03T09:00:00","guid":{"rendered":"https:\/\/lamaktaba.fr\/index.php\/produit\/le-coran-explique-a-mon-enfant-tome-4-sourate-at-tariq-jusqua-la-sourate-al-infitar\/"},"modified":"2025-04-01T12:45:38","modified_gmt":"2025-04-01T10:45:38","slug":"le-coran-explique-a-mon-enfant-tome-4-sourate-at-tariq-jusqua-la-sourate-al-infitar","status":"publish","type":"product","link":"https:\/\/lamaktaba.fr\/index.php\/produit\/le-coran-explique-a-mon-enfant-tome-4-sourate-at-tariq-jusqua-la-sourate-al-infitar","title":{"rendered":"Le Coran expliqu\u00e9 \u00e0 mon enfant -T4"},"content":{"rendered":"<p>Le Coran expliqu\u00e9 \u00e0 mon enfant destin\u00e9 aux enfants de plus de 7 ans.;Ce livre aborde la sourate 86 \u00ab\u00a0At-t\u00e2riq\u00a0\u00bb (L&rsquo;Astre Nocturne) et la sourate 82 \u00ab\u00a0Al-infit\u00e2r\u00a0\u00bb (La Rupture), en passant par les sourates \u00ab\u00a0Al-boro\u00fbj, \u00ab\u00a0Al-inchiq\u00e2q\u00a0\u00bb et \u00ab\u00a0Al-moutaffif\u00eene\u00a0\u00bb.;Dans cet ouvrage vous pourrez y d\u00e9couvrir une multitude de questions que se pose chaque enfant sur le Coran. Vous y d\u00e9couvrirez un sommaire dans lequel se trouvant cinq chapitres ayant pour but de vous facilit\u00e9 la recherche de vos questions et celles de vos enfants.;Cet ouvrage a \u00e9t\u00e9 r\u00e9alis\u00e9 selon les r\u00e9f\u00e9rences suivantes:. Le saint Coran arabe \/ francais du professeur Mohammed Hamidoullah.;\u00b7 Tafsir Ibn Kathir Joz\u2019 Amma.;\u00b7 Safwat At Tafasir d Mohammed Ali Sabouni;\u00b7 Cours de Tawhid \u2013 Dr Abdul Aziz Ibn Mohammed \u00e2li Abdelatif;\u00b7 Le jour de la r\u00e9surrection d\u00e9voil\u00e9 \u2013 Mohammed Mahmoud Essaoua\u00e2f;\u00b7 Les Hadiths Divins avec commentaires \u2013 Mohammed Almaghrebi;\u00b7 Les d\u00e9lices du paradis, Ibn Kathir;Ces sourates vous permettront de r\u00e9pondre aux questions de vos enfants tout en leur faisant d\u00e9couvrir la religion. Vous y trouverez la transcription phon\u00e9tique, un mini-dictionnaire pour expliquer \u00e0 vos enfants les mots qu\u2019ils ne comprennent pas.;La sourate At-T\u00e2riq est le commencement de cet ouvrage et la continuit\u00e9 du livre saint. Dans la traduction fran\u00e7aise, elle signifie l\u2019Astre nocturne d\u00e9signant une \u00e9toile qui transperce le ciel par sa brillance. Elle vous parlera des r\u00f4les des diff\u00e9rents anges en vous disant bien que \u00ab les anges ne ressemblent pas \u00e0 ce que nous pouvons voir dans certains dessins anim\u00e9s !. \u00bb Comment Dieu a \u2013t-il cr\u00e9\u00e9 l\u2019homme?;Ensuite vient la sourate Al-Inchiq\u00e2q, Dieu a d\u00e9but\u00e9 cette sourate en d\u00e9crivant les sc\u00e8nes incroyables du Jour Dernier en se posant la question si reverrons-nous nos familles au paradis?\u00ab Celui qui sera soumis \u00e0 un jugement pouss\u00e9, subira le supplice. \u00bb (Hadith rapport\u00e9 par Al-Boukhari et Muslim) Donc suffit-t-il de croire en Dieu?;Par contre vient apr\u00e8s la sourate Al-Moutaffif\u00eene qui d\u00e9signe les fraudeurs qui vous \u00e9num\u00e9ra plusieurs mani\u00e8res dont la fa\u00e7on que ces personnes trichaient.Exemple: l\u2019histoire du Proph\u00e8te (Paix et B\u00e9n\u00e9dictions de Dieu sur lui), qui pronon\u00e7a une parole \u00ab Celui qui nous trompe n\u2019est pas des n\u00f4tres ! \u00bb Hadith rapport\u00e9 par Ahmad. Ou encore l\u2019histoire de fraude tr\u00e8s connue \u00e0 l\u2019\u00e9poque du Califat de Omar Ibn Al-Kattab, que Dieu l\u2019agr\u00e9e.Vient ensuite, le Coran: Parole de Dieu ou l\u00e9gendes anciennes\u2026;Enfin vous y trouverez un agenda auquel votre enfant pourra programmer des actions pieuses pour participer \u00e0 la vie de la communaut\u00e9. Exemple: aider les pauvres, entretenir la propret\u00e9 de la mosqu\u00e9e, \u00e9crire un petit magazine pour les jeunes musulmans\u2026etc. Ainsi vous y trouverez une exp\u00e9rience int\u00e9ressante \u00e0 faire \u00e0 votre enfant, celle de noter sur une feuille chaque \u0153uvre faite \u00ab ses mauvaises actions et ses bonnes actions \u00bb durant toute une journ\u00e9e.;Pour ainsi conclure que l\u2019apprentissage se fait par \u00e9tapes et qu\u2019ils existent plusieurs m\u00e9thodes pour apprendre sur le Coran et l\u2019Islam.;Les savoirs qui vous auront \u00e9t\u00e9 donn\u00e9 dans ce livre serviront \u00e0 faire apprendre \u00e0 votre enfant le livre saint et essayant de personnaliser sa r\u00e9citation avec la phon\u00e9tique. Il pourra ainsi respecter les r\u00e8gles de r\u00e9citation, apprendre lentement, prier, r\u00e9viser et \u00eatre r\u00e9gulier dans son apprentissage.;Qu&rsquo;allah facilite l&rsquo;apprentissage de votre enfant !<\/p>\n","protected":false},"excerpt":{"rendered":"<p>Le Coran expliqu\u00e9 \u00e0 mon enfant destin\u00e9 aux enfants de plus de 7 ans.;Ce livre aborde la sourate 86 \u00ab\u00a0At-t\u00e2riq\u00a0\u00bb (L&rsquo;Astre Nocturne) et la sourate 82 \u00ab\u00a0Al-infit\u00e2r\u00a0\u00bb (La Rupture), en passant par les sourates \u00ab\u00a0Al-boro\u00fbj, \u00ab\u00a0Al-inchiq\u00e2q\u00a0\u00bb et \u00ab\u00a0Al-moutaffif\u00eene\u00a0\u00bb.;Dans cet ouvrage vous pourrez y d\u00e9couvrir une multitude de questions que se pose chaque enfant sur le Coran. Vous y d\u00e9couvrirez un sommaire dans lequel se trouvant cinq chapitres ayant pour but de vous facilit\u00e9 la recherche de vos questions et celles de vos enfants.;Cet ouvrage a \u00e9t\u00e9 r\u00e9alis\u00e9 selon les r\u00e9f\u00e9rences suivantes:. Le saint Coran arabe \/ francais du professeur Mohammed Hamidoullah.;\u00b7 Tafsir Ibn Kathir Joz\u2019 Amma.;\u00b7 Safwat At Tafasir d Mohammed Ali Sabouni;\u00b7 Cours de Tawhid \u2013 Dr Abdul Aziz Ibn Mohammed \u00e2li Abdelatif;\u00b7 Le jour de la r\u00e9surrection d\u00e9voil\u00e9 \u2013 Mohammed Mahmoud Essaoua\u00e2f;\u00b7 Les Hadiths Divins avec commentaires \u2013 Mohammed Almaghrebi;\u00b7 Les d\u00e9lices du paradis, Ibn Kathir;Ces sourates vous permettront de r\u00e9pondre aux questions de vos enfants tout en leur faisant d\u00e9couvrir la religion. Vous y trouverez la transcription phon\u00e9tique, un mini-dictionnaire pour expliquer \u00e0 vos enfants les mots qu\u2019ils ne comprennent pas.;La sourate At-T\u00e2riq est le commencement de cet ouvrage et la continuit\u00e9 du livre saint. Dans la traduction fran\u00e7aise, elle signifie l\u2019Astre nocturne d\u00e9signant une \u00e9toile qui transperce le ciel par sa brillance. Elle vous parlera des r\u00f4les des diff\u00e9rents anges en vous disant bien que \u00ab les anges ne ressemblent pas \u00e0 ce que nous pouvons voir dans certains dessins anim\u00e9s !. \u00bb Comment Dieu a \u2013t-il cr\u00e9\u00e9 l\u2019homme?;Ensuite vient la sourate Al-Inchiq\u00e2q, Dieu a d\u00e9but\u00e9 cette sourate en d\u00e9crivant les sc\u00e8nes incroyables du Jour Dernier en se posant la question si reverrons-nous nos familles au paradis?\u00ab Celui qui sera soumis \u00e0 un jugement pouss\u00e9, subira le supplice. \u00bb (Hadith rapport\u00e9 par Al-Boukhari et Muslim) Donc suffit-t-il de croire en Dieu?;Par contre vient apr\u00e8s la sourate Al-Moutaffif\u00eene qui d\u00e9signe les fraudeurs qui vous \u00e9num\u00e9ra plusieurs mani\u00e8res dont la fa\u00e7on que ces personnes trichaient.Exemple: l\u2019histoire du Proph\u00e8te (Paix et B\u00e9n\u00e9dictions de Dieu sur lui), qui pronon\u00e7a une parole \u00ab Celui qui nous trompe n\u2019est pas des n\u00f4tres ! \u00bb Hadith rapport\u00e9 par Ahmad. Ou encore l\u2019histoire de fraude tr\u00e8s connue \u00e0 l\u2019\u00e9poque du Califat de Omar Ibn Al-Kattab, que Dieu l\u2019agr\u00e9e.Vient ensuite, le Coran: Parole de Dieu ou l\u00e9gendes anciennes\u2026;Enfin vous y trouverez un agenda auquel votre enfant pourra programmer des actions pieuses pour participer \u00e0 la vie de la communaut\u00e9. Exemple: aider les pauvres, entretenir la propret\u00e9 de la mosqu\u00e9e, \u00e9crire un petit magazine pour les jeunes musulmans\u2026etc. Ainsi vous y trouverez une exp\u00e9rience int\u00e9ressante \u00e0 faire \u00e0 votre enfant, celle de noter sur une feuille chaque \u0153uvre faite \u00ab ses mauvaises actions et ses bonnes actions \u00bb durant toute une journ\u00e9e.;Pour ainsi conclure que l\u2019apprentissage se fait par \u00e9tapes et qu\u2019ils existent plusieurs m\u00e9thodes pour apprendre sur le Coran et l\u2019Islam.;Les savoirs qui vous auront \u00e9t\u00e9 donn\u00e9 dans ce livre serviront \u00e0 faire apprendre \u00e0 votre enfant le livre saint et essayant de personnaliser sa r\u00e9citation avec la phon\u00e9tique. Il pourra ainsi respecter les r\u00e8gles de r\u00e9citation, apprendre lentement, prier, r\u00e9viser et \u00eatre r\u00e9gulier dans son apprentissage.;Qu&rsquo;allah facilite l&rsquo;apprentissage de votre enfant !<\/p>\n","protected":false},"featured_media":36972,"comment_status":"open","ping_status":"closed","template":"","meta":[],"product_brand":[],"product_cat":[15],"product_tag":[],"class_list":{"0":"post-127","1":"product","2":"type-product","3":"status-publish","4":"has-post-thumbnail","6":"product_cat-non-classe","7":"pa_annee-564","8":"pa_editeur-pixelgraf-editions-2","9":"pa_format-225x24-5","10":"pa_nombre-de-pages-566","12":"first","13":"outofstock","14":"shipping-taxable","15":"purchasable","16":"product-type-simple"},"_links":{"self":[{"href":"https:\/\/lamaktaba.fr\/index.php\/wp-json\/wp\/v2\/product\/127","targetHints":{"allow":["GET"]}}],"collection":[{"href":"https:\/\/lamaktaba.fr\/index.php\/wp-json\/wp\/v2\/product"}],"about":[{"href":"https:\/\/lamaktaba.fr\/index.php\/wp-json\/wp\/v2\/types\/product"}],"replies":[{"embeddable":true,"href":"https:\/\/lamaktaba.fr\/index.php\/wp-json\/wp\/v2\/comments?post=127"}],"wp:featuredmedia":[{"embeddable":true,"href":"https:\/\/lamaktaba.fr\/index.php\/wp-json\/wp\/v2\/media\/36972"}],"wp:attachment":[{"href":"https:\/\/lamaktaba.fr\/index.php\/wp-json\/wp\/v2\/media?parent=127"}],"wp:term":[{"taxonomy":"product_brand","embeddable":true,"href":"https:\/\/lamaktaba.fr\/index.php\/wp-json\/wp\/v2\/product_brand?post=127"},{"taxonomy":"product_cat","embeddable":true,"href":"https:\/\/lamaktaba.fr\/index.php\/wp-json\/wp\/v2\/product_cat?post=127"},{"taxonomy":"product_tag","embeddable":true,"href":"https:\/\/lamaktaba.fr\/index.php\/wp-json\/wp\/v2\/product_tag?post=127"}],"curies":[{"name":"wp","href":"https:\/\/api.w.org\/{rel}","templated":true}]}}