{"id":126,"date":"2020-02-03T10:00:00","date_gmt":"2020-02-03T09:00:00","guid":{"rendered":"https:\/\/lamaktaba.fr\/index.php\/produit\/le-coran-explique-a-mon-enfant-tome-3\/"},"modified":"2025-04-01T12:44:23","modified_gmt":"2025-04-01T10:44:23","slug":"le-coran-explique-a-mon-enfant-tome-3","status":"publish","type":"product","link":"https:\/\/lamaktaba.fr\/index.php\/produit\/le-coran-explique-a-mon-enfant-tome-3","title":{"rendered":"Le Coran expliqu\u00e9 \u00e0 mon enfant -T3"},"content":{"rendered":"<p>Le Coran expliqu\u00e9 \u00e0 mon enfant destin\u00e9 aux enfants de plus de 7 ans.;Ce livre aborde la sourate 95 \u00ab\u00a0At-t\u00een\u00a0\u00bb (Le Figuier) et la sourate 87 \u00ab\u00a0Al-a&rsquo;la\u00a0\u00bb (Le Tr\u00e8s-Haut), en passant par \u00ab\u00a0Ach-charh\u00a0\u00bb, \u00ab\u00a0Ad-doh\u00e2\u00a0\u00bb, \u00ab\u00a0Al-layl\u00a0\u00bb, \u00ab\u00a0Ach-chams\u00a0\u00bb, \u00ab\u00a0Al-balad\u00a0\u00bb, \u00ab\u00a0Al-fajr\u00a0\u00bb, et \u00ab\u00a0Al-gh\u00e2chiya\u00a0\u00bb.;Cet ouvrage a \u00e9t\u00e9 r\u00e9alis\u00e9 selon les r\u00e9f\u00e9rences suivantes;\u2022 Le saint Coran arabe \/ francais du professeur Mohammed Hamidoullah.;\u2022 Tafsir Ibn Kathir Joz\u2019 Amma.;\u2022 Safwat At Tafasir d Mohammed Ali Sabouni.;Dans cet ouvrage vous pourrez y d\u00e9couvrir de multitudes de questions que se pose chaque enfant sur le Coran.;Vous y d\u00e9couvrirez un sommaire dans lequel se trouvant 10 chapitres ayant pour but de vous facilit\u00e9 la recherche de vos questions et celles de vos enfants.;Ces sourates vous permettront de r\u00e9pondre aux questions de vos enfants tout en leur faisant d\u00e9couvrir la religion. Vous y trouverez la transcription phon\u00e9tique, un mini-dictionnaire pour expliquer \u00e0 vos enfants les mots qu\u2019ils ne comprennent pas.;La sourate At-T\u00een est le commencement de cet ouvrage et la continuit\u00e9 du livre saint.;Elle vous repr\u00e9sentera le figuier, l\u2019olivier, le Mont Sinin et la Cit\u00e9 s\u00fbre qui sont les trois premiers versets de cette sourate. Puis vous avez plusieurs questions, exemple: Peux-tu jurer par autre chose que par Dieu? Ou Quelle est la diff\u00e9rence entre l\u2019\u00eatre humain et l\u2019animal?Ou bien encore Peut-on douter du pouvoir de Dieu?;\u00ab Celui qui a cr\u00e9e l\u2019homme alors qu\u2019il n\u2019\u00e9tait rien, est certainement capable de le ressusciter et de le juger. (Coran: S36\/79);Par ailleurs, la sourate Ad-Doha vous emm\u00e8nera dans une petite histoire racontant si Dieu avait oubli\u00e9 son Proph\u00e8te, Paix et B\u00e9n\u00e9dictions ainsi pourquoi Dieu aime-t-il l\u2019Orphelin?;\u00ab Quand tu caresses la t\u00eate d\u2019un orphelin, tu as dix hassanates pour chaque cheveu. \u00bb (hadith rapport\u00e9 par Ahmad);Vous aurez aussi la sourate Al-Balad, oui, celle qui vous demande pourquoi la Mecque n\u2019est-elle pas une ville comme les autres? Car c\u2019est une cit\u00e9 sainte et sacr\u00e9e, elle est le chef-lieu du Hidjaz en Arabie Saoudite ou encore la sourate Al-A\u2019l\u00e2 qui vous dit comment invoquer Dieu ou encore que signifie le mot \u00ab Coran \u00bb? Comment le Coran est-il fait ayant pour l\u2019Arabe, langue originelle.;Pour ainsi conclure que l\u2019apprentissage se fait par \u00e9tapes et qu\u2019ils existent plusieurs m\u00e9thodes pour apprendre sur le Coran et l\u2019Islam.;Les savoirs qui vous auront \u00e9t\u00e9 donn\u00e9 dans ce livre serviront \u00e0 faire apprendre \u00e0 votre enfant le livre saint et essayant de personnaliser sa r\u00e9citation avec la phon\u00e9tique. Il pourra ainsi respecter les r\u00e8gles de r\u00e9citation, apprendre lentement, prier, r\u00e9viser et \u00eatre r\u00e9gulier dans son apprentissage.;Qu&rsquo;Allah facilite l&rsquo;apprentissage de votre enfant!<\/p>\n","protected":false},"excerpt":{"rendered":"<p>Le Coran expliqu\u00e9 \u00e0 mon enfant destin\u00e9 aux enfants de plus de 7 ans.;Ce livre aborde la sourate 95 \u00ab\u00a0At-t\u00een\u00a0\u00bb (Le Figuier) et la sourate 87 \u00ab\u00a0Al-a&rsquo;la\u00a0\u00bb (Le Tr\u00e8s-Haut), en passant par \u00ab\u00a0Ach-charh\u00a0\u00bb, \u00ab\u00a0Ad-doh\u00e2\u00a0\u00bb, \u00ab\u00a0Al-layl\u00a0\u00bb, \u00ab\u00a0Ach-chams\u00a0\u00bb, \u00ab\u00a0Al-balad\u00a0\u00bb, \u00ab\u00a0Al-fajr\u00a0\u00bb, et \u00ab\u00a0Al-gh\u00e2chiya\u00a0\u00bb.;Cet ouvrage a \u00e9t\u00e9 r\u00e9alis\u00e9 selon les r\u00e9f\u00e9rences suivantes;\u2022 Le saint Coran arabe \/ francais du professeur Mohammed Hamidoullah.;\u2022 Tafsir Ibn Kathir Joz\u2019 Amma.;\u2022 Safwat At Tafasir d Mohammed Ali Sabouni.;Dans cet ouvrage vous pourrez y d\u00e9couvrir de multitudes de questions que se pose chaque enfant sur le Coran.;Vous y d\u00e9couvrirez un sommaire dans lequel se trouvant 10 chapitres ayant pour but de vous facilit\u00e9 la recherche de vos questions et celles de vos enfants.;Ces sourates vous permettront de r\u00e9pondre aux questions de vos enfants tout en leur faisant d\u00e9couvrir la religion. Vous y trouverez la transcription phon\u00e9tique, un mini-dictionnaire pour expliquer \u00e0 vos enfants les mots qu\u2019ils ne comprennent pas.;La sourate At-T\u00een est le commencement de cet ouvrage et la continuit\u00e9 du livre saint.;Elle vous repr\u00e9sentera le figuier, l\u2019olivier, le Mont Sinin et la Cit\u00e9 s\u00fbre qui sont les trois premiers versets de cette sourate. Puis vous avez plusieurs questions, exemple: Peux-tu jurer par autre chose que par Dieu? Ou Quelle est la diff\u00e9rence entre l\u2019\u00eatre humain et l\u2019animal?Ou bien encore Peut-on douter du pouvoir de Dieu?;\u00ab Celui qui a cr\u00e9e l\u2019homme alors qu\u2019il n\u2019\u00e9tait rien, est certainement capable de le ressusciter et de le juger. (Coran: S36\/79);Par ailleurs, la sourate Ad-Doha vous emm\u00e8nera dans une petite histoire racontant si Dieu avait oubli\u00e9 son Proph\u00e8te, Paix et B\u00e9n\u00e9dictions ainsi pourquoi Dieu aime-t-il l\u2019Orphelin?;\u00ab Quand tu caresses la t\u00eate d\u2019un orphelin, tu as dix hassanates pour chaque cheveu. \u00bb (hadith rapport\u00e9 par Ahmad);Vous aurez aussi la sourate Al-Balad, oui, celle qui vous demande pourquoi la Mecque n\u2019est-elle pas une ville comme les autres? Car c\u2019est une cit\u00e9 sainte et sacr\u00e9e, elle est le chef-lieu du Hidjaz en Arabie Saoudite ou encore la sourate Al-A\u2019l\u00e2 qui vous dit comment invoquer Dieu ou encore que signifie le mot \u00ab Coran \u00bb? Comment le Coran est-il fait ayant pour l\u2019Arabe, langue originelle.;Pour ainsi conclure que l\u2019apprentissage se fait par \u00e9tapes et qu\u2019ils existent plusieurs m\u00e9thodes pour apprendre sur le Coran et l\u2019Islam.;Les savoirs qui vous auront \u00e9t\u00e9 donn\u00e9 dans ce livre serviront \u00e0 faire apprendre \u00e0 votre enfant le livre saint et essayant de personnaliser sa r\u00e9citation avec la phon\u00e9tique. Il pourra ainsi respecter les r\u00e8gles de r\u00e9citation, apprendre lentement, prier, r\u00e9viser et \u00eatre r\u00e9gulier dans son apprentissage.;Qu&rsquo;Allah facilite l&rsquo;apprentissage de votre enfant!<\/p>\n","protected":false},"featured_media":37059,"comment_status":"open","ping_status":"closed","template":"","meta":[],"product_brand":[],"product_cat":[15],"product_tag":[],"class_list":{"0":"post-126","1":"product","2":"type-product","3":"status-publish","4":"has-post-thumbnail","6":"product_cat-non-classe","7":"pa_annee-667","8":"pa_editeur-pixelgraf-editions-2","9":"pa_format-22x25","10":"pa_nombre-de-pages-669","12":"first","13":"outofstock","14":"shipping-taxable","15":"purchasable","16":"product-type-simple"},"_links":{"self":[{"href":"https:\/\/lamaktaba.fr\/index.php\/wp-json\/wp\/v2\/product\/126","targetHints":{"allow":["GET"]}}],"collection":[{"href":"https:\/\/lamaktaba.fr\/index.php\/wp-json\/wp\/v2\/product"}],"about":[{"href":"https:\/\/lamaktaba.fr\/index.php\/wp-json\/wp\/v2\/types\/product"}],"replies":[{"embeddable":true,"href":"https:\/\/lamaktaba.fr\/index.php\/wp-json\/wp\/v2\/comments?post=126"}],"wp:featuredmedia":[{"embeddable":true,"href":"https:\/\/lamaktaba.fr\/index.php\/wp-json\/wp\/v2\/media\/37059"}],"wp:attachment":[{"href":"https:\/\/lamaktaba.fr\/index.php\/wp-json\/wp\/v2\/media?parent=126"}],"wp:term":[{"taxonomy":"product_brand","embeddable":true,"href":"https:\/\/lamaktaba.fr\/index.php\/wp-json\/wp\/v2\/product_brand?post=126"},{"taxonomy":"product_cat","embeddable":true,"href":"https:\/\/lamaktaba.fr\/index.php\/wp-json\/wp\/v2\/product_cat?post=126"},{"taxonomy":"product_tag","embeddable":true,"href":"https:\/\/lamaktaba.fr\/index.php\/wp-json\/wp\/v2\/product_tag?post=126"}],"curies":[{"name":"wp","href":"https:\/\/api.w.org\/{rel}","templated":true}]}}