{"id":125,"date":"2020-02-03T10:00:00","date_gmt":"2020-02-03T09:00:00","guid":{"rendered":"https:\/\/lamaktaba.fr\/index.php\/produit\/a-la-decouverte-de-la-priere-collectif\/"},"modified":"2025-04-01T12:47:02","modified_gmt":"2025-04-01T10:47:02","slug":"a-la-decouverte-de-la-priere-collectif","status":"publish","type":"product","link":"https:\/\/lamaktaba.fr\/index.php\/produit\/a-la-decouverte-de-la-priere-collectif","title":{"rendered":"A la d\u00e9couverte de la pri\u00e8re &#8211; Collectif"},"content":{"rendered":"<p>L\u2019\u00e9quipe Famille musulmane a l\u2019honneur de mettre en sc\u00e8ne le club des petits savants (CPS) gr\u00e2ce auquel votre enfant pourra apprendre les r\u00e8gles de la pri\u00e8re en vivant une grande aventure !<br \/>Ces petits savants venus de tout horizon pr\u00e9sentent ce livre jeu, le premier d\u2019une s\u00e9rie de cinq livres qui introduit le grand jeu familial du \u00ab H\u00e9ros du Savoir \u00bb, \u00e0 para\u00eetre prochainement.<br \/>Par cet ouvrage, votre enfant participera activement \u00e0 une chasse au tr\u00e9sor passionnante en r\u00e9pondant \u00e0 une s\u00e9rie de questions plus ou moins difficile selon son propre niveau. Chaque bonne r\u00e9ponse lui apportera un certain nombre de points qui, ajout\u00e9s, formeront un score. Ce dernier donnera lieu \u00e0 un concours g\u00e9ant \u00e0 l\u2019\u00e9chelle Europ\u00e9enne qui opposera les filles aux gar\u00e7ons. Il vous suffira juste d\u2019envoyer le talon de participation de votre enfant qui ne vous co\u00fbtera que la modique somme d\u2019un timbre ! Ainsi, vous serez surpris du r\u00e9sultat car les enfants qui feront partie des meilleurs premiers petits savants seront largement r\u00e9compens\u00e9s !<br \/>Alors n\u2019attendez pas, laissez-vous emporter par cette nouvelle exp\u00e9rience du Savoir\u2026<\/p>\n","protected":false},"excerpt":{"rendered":"<p>L\u2019\u00e9quipe Famille musulmane a l\u2019honneur de mettre en sc\u00e8ne le club des petits savants (CPS) gr\u00e2ce auquel votre enfant pourra apprendre les r\u00e8gles de la pri\u00e8re en vivant une grande aventure !Ces petits savants venus de tout horizon pr\u00e9sentent ce livre jeu, le premier d\u2019une s\u00e9rie de cinq livres qui introduit le grand jeu familial [&hellip;]<\/p>\n","protected":false},"featured_media":4714,"comment_status":"open","ping_status":"closed","template":"","meta":[],"product_brand":[],"product_cat":[15],"product_tag":[],"class_list":{"0":"post-125","1":"product","2":"type-product","3":"status-publish","4":"has-post-thumbnail","6":"product_cat-non-classe","7":"pa_editeur-edition-ikhlass","9":"first","10":"outofstock","11":"shipping-taxable","12":"purchasable","13":"product-type-simple"},"_links":{"self":[{"href":"https:\/\/lamaktaba.fr\/index.php\/wp-json\/wp\/v2\/product\/125","targetHints":{"allow":["GET"]}}],"collection":[{"href":"https:\/\/lamaktaba.fr\/index.php\/wp-json\/wp\/v2\/product"}],"about":[{"href":"https:\/\/lamaktaba.fr\/index.php\/wp-json\/wp\/v2\/types\/product"}],"replies":[{"embeddable":true,"href":"https:\/\/lamaktaba.fr\/index.php\/wp-json\/wp\/v2\/comments?post=125"}],"wp:featuredmedia":[{"embeddable":true,"href":"https:\/\/lamaktaba.fr\/index.php\/wp-json\/wp\/v2\/media\/4714"}],"wp:attachment":[{"href":"https:\/\/lamaktaba.fr\/index.php\/wp-json\/wp\/v2\/media?parent=125"}],"wp:term":[{"taxonomy":"product_brand","embeddable":true,"href":"https:\/\/lamaktaba.fr\/index.php\/wp-json\/wp\/v2\/product_brand?post=125"},{"taxonomy":"product_cat","embeddable":true,"href":"https:\/\/lamaktaba.fr\/index.php\/wp-json\/wp\/v2\/product_cat?post=125"},{"taxonomy":"product_tag","embeddable":true,"href":"https:\/\/lamaktaba.fr\/index.php\/wp-json\/wp\/v2\/product_tag?post=125"}],"curies":[{"name":"wp","href":"https:\/\/api.w.org\/{rel}","templated":true}]}}