{"id":122,"date":"2020-02-03T10:00:00","date_gmt":"2020-02-03T09:00:00","guid":{"rendered":"https:\/\/lamaktaba.fr\/index.php\/produit\/le-prophete-bien-aime-d-abu-bakr-jabir-al-jazairi\/"},"modified":"2025-04-01T12:44:18","modified_gmt":"2025-04-01T10:44:18","slug":"le-prophete-bien-aime-d-abu-bakr-jabir-al-jazairi","status":"publish","type":"product","link":"https:\/\/lamaktaba.fr\/index.php\/produit\/le-prophete-bien-aime-d-abu-bakr-jabir-al-jazairi","title":{"rendered":"Le Proph\u00e8te bien-aim\u00e9, d&rsquo; Ab\u00fb Bakr J\u00e2bir Al-Jaz\u00e2&rsquo;ir\u00ee"},"content":{"rendered":"<p>Le Proph\u00e8te bien-aim\u00e9, d&rsquo;Ab\u00fb Bakr J\u00e2bir Al-Jaz\u00e2&rsquo;ir\u00ee;\u00ab Le proph\u00e8te bien-aim\u00e9 \u00bb est le livre du savoir, de la foi et de l\u2019amour sinc\u00e8re du Proph\u00e8te Muhammad (SBDL). Attendu le grand nombre d\u2019ouvrages qui traitent de la biographie de l\u2019Envoy\u00e9 de Dieu, et en vue d\u2019\u00e9viter les r\u00e9p\u00e9titions et la longueur, l\u2019auteur a suivi un proc\u00e9d\u00e9 qui distingue son livre. Il en a fait ainsi un livre pratique, clair et complet. Sa valeur est rehauss\u00e9e par des conclusions et des enseignements plac\u00e9s \u00e0 la fin de chaque chapitre. Aussi, m\u00e9rite-t-il d\u2019\u00eatre le livre de chevet de tout musulman. Il r\u00e9pandra dans les familles l\u2019amour du Proph\u00e8te (SBDL) et les instruira sur sa conduite qui \u00e9claire tous les aspects de la vie religieuse, sociale et politique. Les musulmans pourront affermir leur foi, enrichir leurs connaissances, affermir leurs caract\u00e8res et surtout, acqu\u00e9rir plus d\u2019amour pour le Proph\u00e8te, sa noble famille et ses illustres Compagnons.;\u00c0 propos de l&rsquo;auteur: Ab\u00fb Bakr al-Jaz\u00e2\u2019ir\u00ee;Ab\u00fb Bakr al-Jaz\u00e2\u2019ir\u00ee est n\u00e9 en 1921 \u00e0 40 km de Biskra (Alg\u00e9rie). Il a enseign\u00e9 \u00e0 la Mosqu\u00e9e du Proph\u00e8te (SBDL) \u00e0 M\u00e9dine, ainsi qu\u2019\u00e0 D\u00e2r al-had\u00eeth de M\u00e9dine et dans diverses \u00e9coles et universit\u00e9s saoudiennes. Il a compos\u00e9 moult livres aff\u00e9rents \u00e0 diverses disciplines (droit, spiritualit\u00e9, S\u00eera ou biographie du Proph\u00e8te (SBDL), ex\u00e9g\u00e8se) comme \u2018Aq\u00eedat al-Mu\u2019min (La foi du Croyant), Minh\u00e2j al-Muslim (La Voie du Musulman), Aysar at-Taf\u00e2s\u00eer li-kal\u00e2m al-\u2018Aliyy al-Kab\u00eer (Commentaire du Coran en plusieurs volumes), etc. Il a d\u00e9c\u00e9d\u00e9 le 15 ao\u00fbt 2018. Puisse Dieu le couvrir de Sa mis\u00e9ricorde incommensurable.;Marque -MAISON D&rsquo;ENNOUR Editions R\u00e9f\u00e9rence 9782752401632;Fiche technique AUTEUR: &#8211; Ab\u00fb Bakr J\u00e2bir Al-Jaz\u00e2&rsquo;ir\u00ee LANGUE: -.Fran\u00e7ais ANNEE: &#8211; 2019 SUPPORT: &#8211; Livre THEME: &#8211; La Vie du Prophete (sbdl) &#038; Histoire de L&rsquo;Islam \u00c9DITIONS: &#8211; Maison d&rsquo;Ennour Condition: &#8211; Neuf Nombre de Pages: &#8211; 624 FORMAT (CM): 17 x 24 cm Poids (kg): &#8211; 1.190 kg EAN13: &#8211; 9782752401632 RELIURE: &#8211; Rigide;R\u00e9f\u00e9rences sp\u00e9cifiques;Donnez votre avis;Aucun commentaire pour le moment<\/p>\n","protected":false},"excerpt":{"rendered":"<p>Le Proph\u00e8te bien-aim\u00e9, d&rsquo;Ab\u00fb Bakr J\u00e2bir Al-Jaz\u00e2&rsquo;ir\u00ee;\u00ab Le proph\u00e8te bien-aim\u00e9 \u00bb est le livre du savoir, de la foi et de l\u2019amour sinc\u00e8re du Proph\u00e8te Muhammad (SBDL). Attendu le grand nombre d\u2019ouvrages qui traitent de la biographie de l\u2019Envoy\u00e9 de Dieu, et en vue d\u2019\u00e9viter les r\u00e9p\u00e9titions et la longueur, l\u2019auteur a suivi un proc\u00e9d\u00e9 qui distingue son livre. Il en a fait ainsi un livre pratique, clair et complet. Sa valeur est rehauss\u00e9e par des conclusions et des enseignements plac\u00e9s \u00e0 la fin de chaque chapitre. Aussi, m\u00e9rite-t-il d\u2019\u00eatre le livre de chevet de tout musulman. Il r\u00e9pandra dans les familles l\u2019amour du Proph\u00e8te (SBDL) et les instruira sur sa conduite qui \u00e9claire tous les aspects de la vie religieuse, sociale et politique. Les musulmans pourront affermir leur foi, enrichir leurs connaissances, affermir leurs caract\u00e8res et surtout, acqu\u00e9rir plus d\u2019amour pour le Proph\u00e8te, sa noble famille et ses illustres Compagnons.;\u00c0 propos de l&rsquo;auteur: Ab\u00fb Bakr al-Jaz\u00e2\u2019ir\u00ee;Ab\u00fb Bakr al-Jaz\u00e2\u2019ir\u00ee est n\u00e9 en 1921 \u00e0 40 km de Biskra (Alg\u00e9rie). Il a enseign\u00e9 \u00e0 la Mosqu\u00e9e du Proph\u00e8te (SBDL) \u00e0 M\u00e9dine, ainsi qu\u2019\u00e0 D\u00e2r al-had\u00eeth de M\u00e9dine et dans diverses \u00e9coles et universit\u00e9s saoudiennes. Il a compos\u00e9 moult livres aff\u00e9rents \u00e0 diverses disciplines (droit, spiritualit\u00e9, S\u00eera ou biographie du Proph\u00e8te (SBDL), ex\u00e9g\u00e8se) comme \u2018Aq\u00eedat al-Mu\u2019min (La foi du Croyant), Minh\u00e2j al-Muslim (La Voie du Musulman), Aysar at-Taf\u00e2s\u00eer li-kal\u00e2m al-\u2018Aliyy al-Kab\u00eer (Commentaire du Coran en plusieurs volumes), etc. Il a d\u00e9c\u00e9d\u00e9 le 15 ao\u00fbt 2018. Puisse Dieu le couvrir de Sa mis\u00e9ricorde incommensurable.;Marque -MAISON D&rsquo;ENNOUR Editions R\u00e9f\u00e9rence 9782752401632;Fiche technique AUTEUR: &#8211; Ab\u00fb Bakr J\u00e2bir Al-Jaz\u00e2&rsquo;ir\u00ee LANGUE: -.Fran\u00e7ais ANNEE: &#8211; 2019 SUPPORT: &#8211; Livre THEME: &#8211; La Vie du Prophete (sbdl) &#038; Histoire de L&rsquo;Islam \u00c9DITIONS: &#8211; Maison d&rsquo;Ennour Condition: &#8211; Neuf Nombre de Pages: &#8211; 624 FORMAT (CM): 17 x 24 cm Poids (kg): &#8211; 1.190 kg EAN13: &#8211; 9782752401632 RELIURE: &#8211; Rigide;R\u00e9f\u00e9rences sp\u00e9cifiques;Donnez votre avis;Aucun commentaire pour le moment<\/p>\n","protected":false},"featured_media":4711,"comment_status":"open","ping_status":"closed","template":"","meta":[],"product_brand":[],"product_cat":[1895,1897],"product_tag":[],"class_list":{"0":"post-122","1":"product","2":"type-product","3":"status-publish","4":"has-post-thumbnail","6":"product_cat-les-prophetes","7":"product_cat-vie-du-prophete-saw","8":"pa_annee-481","9":"pa_auteur-abu-bakr-jabir-al-jazairi","10":"pa_editeur-maison-dennour-editions-2","11":"pa_format-17-x-24-cm","12":"pa_langue-francais","13":"pa_nombre-de-pages-1119","14":"pa_reliure-rigide","16":"first","17":"outofstock","18":"shipping-taxable","19":"purchasable","20":"product-type-simple"},"_links":{"self":[{"href":"https:\/\/lamaktaba.fr\/index.php\/wp-json\/wp\/v2\/product\/122","targetHints":{"allow":["GET"]}}],"collection":[{"href":"https:\/\/lamaktaba.fr\/index.php\/wp-json\/wp\/v2\/product"}],"about":[{"href":"https:\/\/lamaktaba.fr\/index.php\/wp-json\/wp\/v2\/types\/product"}],"replies":[{"embeddable":true,"href":"https:\/\/lamaktaba.fr\/index.php\/wp-json\/wp\/v2\/comments?post=122"}],"wp:featuredmedia":[{"embeddable":true,"href":"https:\/\/lamaktaba.fr\/index.php\/wp-json\/wp\/v2\/media\/4711"}],"wp:attachment":[{"href":"https:\/\/lamaktaba.fr\/index.php\/wp-json\/wp\/v2\/media?parent=122"}],"wp:term":[{"taxonomy":"product_brand","embeddable":true,"href":"https:\/\/lamaktaba.fr\/index.php\/wp-json\/wp\/v2\/product_brand?post=122"},{"taxonomy":"product_cat","embeddable":true,"href":"https:\/\/lamaktaba.fr\/index.php\/wp-json\/wp\/v2\/product_cat?post=122"},{"taxonomy":"product_tag","embeddable":true,"href":"https:\/\/lamaktaba.fr\/index.php\/wp-json\/wp\/v2\/product_tag?post=122"}],"curies":[{"name":"wp","href":"https:\/\/api.w.org\/{rel}","templated":true}]}}